{"id":1919,"date":"2026-02-13T11:53:45","date_gmt":"2026-02-13T09:53:45","guid":{"rendered":"https:\/\/www.notariesofeurope-exhibition.eu\/?page_id=1919"},"modified":"2026-02-16T16:11:25","modified_gmt":"2026-02-16T14:11:25","slug":"accueil","status":"publish","type":"page","link":"https:\/\/www.notariesofeurope-exhibition.eu\/fr\/","title":{"rendered":"Accueil"},"content":{"rendered":"<div class=\"wpb-content-wrapper\"><p>[vc_row bg_type=\u00a0\u00bbcolor\u00a0\u00bb padding_top_multiplier=\u00a0\u00bb\u00a0\u00bb padding_bottom_multiplier=\u00a0\u00bb\u00a0\u00bb bg_color=\u00a0\u00bb#322d7c\u00a0\u00bb el_class=\u00a0\u00bbhero_home\u00a0\u00bb][vc_column]<h1 class=\"grve-element grve-title grve-align-left grve-h1 title_expo\" style=\"\"><span>De l&rsquo;encre<br \/>\n<span class=\"blue\">au cloud<\/span><\/span><\/h1><h2 class=\"grve-element grve-title grve-align-left grve-h3 subtitle_expo\" style=\"\"><span>S\u00e9curiser la transmission \u00e0 travers les si\u00e8cles<\/span><\/h2><div class=\"grve-element grve-align-left cta_custom\"><a href=\"#description\" title=\"Find out more\" class=\"grve-btn grve-btn-medium grve-square grve-bg-primary-1 grve-bg-hover-black\"><span>En savoir plus<\/span><\/a><\/div>[\/vc_column][\/vc_row][vc_row heading_color=\u00a0\u00bblight\u00a0\u00bb bg_type=\u00a0\u00bbcolor\u00a0\u00bb padding_top_multiplier=\u00a0\u00bb\u00a0\u00bb padding_bottom_multiplier=\u00a0\u00bb\u00a0\u00bb bg_color=\u00a0\u00bb#322D7C\u00a0\u00bb section_id=\u00a0\u00bbdescription\u00a0\u00bb el_class=\u00a0\u00bbdescription_section\u00a0\u00bb][vc_column width=\u00a0\u00bb1\/3&Prime;]<div class=\"grve-element grve-image img_cloud grve-align-center\" style=\"\">  <div class=\"grve-image-wrapper\"><img loading=\"lazy\" decoding=\"async\" width=\"1500\" height=\"955\" src=\"https:\/\/www.notariesofeurope-exhibition.eu\/wp-content\/uploads\/2026\/02\/cloud.png\" class=\"attachment-full size-full\" alt=\"\" srcset=\"https:\/\/www.notariesofeurope-exhibition.eu\/wp-content\/uploads\/2026\/02\/cloud.png 1500w, https:\/\/www.notariesofeurope-exhibition.eu\/wp-content\/uploads\/2026\/02\/cloud-300x191.png 300w, https:\/\/www.notariesofeurope-exhibition.eu\/wp-content\/uploads\/2026\/02\/cloud-1024x652.png 1024w, https:\/\/www.notariesofeurope-exhibition.eu\/wp-content\/uploads\/2026\/02\/cloud-768x489.png 768w\" sizes=\"auto, (max-width: 1500px) 100vw, 1500px\" \/>   <\/div><\/div>[\/vc_column][vc_column width=\u00a0\u00bb2\/3&Prime; el_class=\u00a0\u00bbcol_right\u00a0\u00bb]<div class=\"grve-element grve-title grve-align-left grve-subtitle-text date_title\" style=\"\"><span>Du 16.03 au 20.03.26<\/span><\/div><h3 class=\"grve-element grve-title grve-align-left grve-h3 small_title\" style=\"\"><span>Une exposition par les Notaires d&rsquo;Europe<\/span><\/h3>[vc_column_text css=\u00a0\u00bb\u00a0\u00bb el_class=\u00a0\u00bbtext\u00a0\u00bb]Qu\u2019ont de commun le testament de la Reine Isabelle la Catholique, la remise de la \u00ab Croix de George \u00bb \u00e0 la nation maltaise ou le document de renonciation sign\u00e9 par l\u2019archiduchesse Marie-Antoinette sur les couronnes d\u00e9pendant de la Maison d\u2019Autriche ? L\u2019acte notari\u00e9.<\/p>\n<p>Depuis des si\u00e8cles, le notaire est un t\u00e9moin privil\u00e9gi\u00e9 de l\u2019Histoire. Ses actes rec\u00e8lent de v\u00e9ritables tr\u00e9sors : des documents r\u00e9v\u00e9lateurs d\u2019une histoire, d\u2019un \u00e9v\u00e8nement ou d\u2019un fait social. Des testaments aux contrats de vente, des contrats de mariage aux cr\u00e9ations de soci\u00e9t\u00e9, les mots, les images, les r\u00e9cits contenus dans ces actes n\u2019en finissent pas d\u2019exposer des moments de vie singuliers.<\/p>\n<p>\u00c0 l\u2019\u00e8re du num\u00e9rique, ces traces \u00e9crites ne disparaissent pas : elles changent de forme. Aujourd\u2019hui, une part essentielle de notre vie \u2013 et de notre patrimoine \u2013 se situe dans l\u2019univers num\u00e9rique. Celui-ci inclut, entre autres, notre pr\u00e9sence sur les r\u00e9seaux sociaux, les donn\u00e9es stock\u00e9es dans le cloud et les monnaies virtuelles. Leur gestion, de leur conservation \u00e0 leur transmission, soul\u00e8ve des enjeux in\u00e9dits de tra\u00e7abilit\u00e9, de s\u00e9curit\u00e9 et de transmission.<\/p>\n<p>Transmettre reste un acte universel, profond\u00e9ment humain, qui m\u00e9rite d\u2019\u00eatre pleinement prot\u00e9g\u00e9 et s\u00e9curis\u00e9 sur le plan juridique \u2013 aujourd\u2019hui comme demain. De l\u2019encre au cloud, cette exposition retrace la continuit\u00e9 de la mission du notaire : pr\u00e9server la m\u00e9moire, garantir la s\u00e9curit\u00e9 juridique et assurer que la volont\u00e9 de chacun traverse le temps, quels que soient les supports sur lesquels elle s\u2019exprime.[\/vc_column_text][vc_row_inner el_class=\u00a0\u00bbflex_cta\u00a0\u00bb][vc_column_inner]<div class=\"grve-element grve-align-left cta_custom\"><a href=\"\/fr\/actes\/\" title=\"Voir les actes\" class=\"grve-btn grve-btn-medium grve-square grve-bg-primary-1 grve-bg-hover-black\"><span>Voir les actes<\/span><\/a><\/div><div class=\"grve-element grve-align-left cta_custom\"><a href=\"\/fr\/heritage-numerique\" title=\"h\u00e9ritage num\u00e9rique\" class=\"grve-btn grve-btn-medium grve-square grve-bg-primary-1 grve-bg-hover-black\"><span>h\u00e9ritage num\u00e9rique<\/span><\/a><\/div>[\/vc_column_inner][\/vc_row_inner][\/vc_column][\/vc_row]<\/p>\n<\/div>","protected":false},"excerpt":{"rendered":"<p>[vc_row bg_type=\u00a0\u00bbcolor\u00a0\u00bb padding_top_multiplier=\u00a0\u00bb\u00a0\u00bb padding_bottom_multiplier=\u00a0\u00bb\u00a0\u00bb bg_color=\u00a0\u00bb#322d7c\u00a0\u00bb el_class=\u00a0\u00bbhero_home\u00a0\u00bb][vc_column][\/vc_column][\/vc_row][vc_row heading_color=\u00a0\u00bblight\u00a0\u00bb bg_type=\u00a0\u00bbcolor\u00a0\u00bb padding_top_multiplier=\u00a0\u00bb\u00a0\u00bb padding_bottom_multiplier=\u00a0\u00bb\u00a0\u00bb bg_color=\u00a0\u00bb#322D7C\u00a0\u00bb section_id=\u00a0\u00bbdescription\u00a0\u00bb el_class=\u00a0\u00bbdescription_section\u00a0\u00bb][vc_column width=\u00a0\u00bb1\/3&Prime;][\/vc_column][vc_column width=\u00a0\u00bb2\/3&Prime; el_class=\u00a0\u00bbcol_right\u00a0\u00bb][vc_column_text css=\u00a0\u00bb\u00a0\u00bb el_class=\u00a0\u00bbtext\u00a0\u00bb]Qu\u2019ont de commun le testament de la Reine Isabelle la Catholique, la remise de la \u00ab Croix de George \u00bb \u00e0 la nation maltaise ou le document de renonciation sign\u00e9 par l\u2019archiduchesse Marie-Antoinette sur les couronnes d\u00e9pendant de [&hellip;]<\/p>\n","protected":false},"author":2,"featured_media":0,"parent":0,"menu_order":0,"comment_status":"closed","ping_status":"closed","template":"","meta":{"inline_featured_image":false,"footnotes":""},"class_list":["post-1919","page","type-page","status-publish","hentry"],"yoast_head":"<!-- This site is optimized with the Yoast SEO plugin v26.9 - https:\/\/yoast.com\/product\/yoast-seo-wordpress\/ -->\n<title>Accueil - Notaries of Europe - Exhibition<\/title>\n<meta name=\"robots\" content=\"index, follow, max-snippet:-1, max-image-preview:large, max-video-preview:-1\" \/>\n<link rel=\"canonical\" href=\"https:\/\/www.notariesofeurope-exhibition.eu\/fr\/\" \/>\n<meta property=\"og:locale\" content=\"fr_FR\" \/>\n<meta property=\"og:type\" content=\"article\" \/>\n<meta property=\"og:title\" content=\"Accueil - Notaries of Europe - Exhibition\" \/>\n<meta property=\"og:description\" content=\"[vc_row bg_type=\u00a0\u00bbcolor\u00a0\u00bb padding_top_multiplier=\u00a0\u00bb\u00a0\u00bb padding_bottom_multiplier=\u00a0\u00bb\u00a0\u00bb bg_color=\u00a0\u00bb#322d7c\u00a0\u00bb el_class=\u00a0\u00bbhero_home\u00a0\u00bb][vc_column][\/vc_column][\/vc_row][vc_row heading_color=\u00a0\u00bblight\u00a0\u00bb bg_type=\u00a0\u00bbcolor\u00a0\u00bb padding_top_multiplier=\u00a0\u00bb\u00a0\u00bb padding_bottom_multiplier=\u00a0\u00bb\u00a0\u00bb bg_color=\u00a0\u00bb#322D7C\u00a0\u00bb section_id=\u00a0\u00bbdescription\u00a0\u00bb el_class=\u00a0\u00bbdescription_section\u00a0\u00bb][vc_column width=\u00a0\u00bb1\/3&Prime;][\/vc_column][vc_column width=\u00a0\u00bb2\/3&Prime; el_class=\u00a0\u00bbcol_right\u00a0\u00bb][vc_column_text css=\u00a0\u00bb\u00a0\u00bb el_class=\u00a0\u00bbtext\u00a0\u00bb]Qu\u2019ont de commun le testament de la Reine Isabelle la Catholique, la remise de la \u00ab Croix de George \u00bb \u00e0 la nation maltaise ou le document de renonciation sign\u00e9 par l\u2019archiduchesse Marie-Antoinette sur les couronnes d\u00e9pendant de [&hellip;]\" \/>\n<meta property=\"og:url\" content=\"https:\/\/www.notariesofeurope-exhibition.eu\/fr\/\" \/>\n<meta property=\"og:site_name\" content=\"Notaries of Europe - Exhibition\" \/>\n<meta property=\"article:modified_time\" content=\"2026-02-16T14:11:25+00:00\" \/>\n<meta name=\"twitter:card\" content=\"summary_large_image\" \/>\n<meta name=\"twitter:label1\" content=\"Dur\u00e9e de lecture estim\u00e9e\" \/>\n\t<meta name=\"twitter:data1\" content=\"2 minutes\" \/>\n<script type=\"application\/ld+json\" class=\"yoast-schema-graph\">{\"@context\":\"https:\/\/schema.org\",\"@graph\":[{\"@type\":\"WebPage\",\"@id\":\"https:\/\/www.notariesofeurope-exhibition.eu\/fr\/\",\"url\":\"https:\/\/www.notariesofeurope-exhibition.eu\/fr\/\",\"name\":\"Accueil - Notaries of Europe - Exhibition\",\"isPartOf\":{\"@id\":\"https:\/\/www.notariesofeurope-exhibition.eu\/#website\"},\"datePublished\":\"2026-02-13T09:53:45+00:00\",\"dateModified\":\"2026-02-16T14:11:25+00:00\",\"breadcrumb\":{\"@id\":\"https:\/\/www.notariesofeurope-exhibition.eu\/fr\/#breadcrumb\"},\"inLanguage\":\"fr-FR\",\"potentialAction\":[{\"@type\":\"ReadAction\",\"target\":[\"https:\/\/www.notariesofeurope-exhibition.eu\/fr\/\"]}]},{\"@type\":\"BreadcrumbList\",\"@id\":\"https:\/\/www.notariesofeurope-exhibition.eu\/fr\/#breadcrumb\",\"itemListElement\":[{\"@type\":\"ListItem\",\"position\":1,\"name\":\"Accueil\",\"item\":\"https:\/\/www.notariesofeurope-exhibition.eu\/fr\/\"},{\"@type\":\"ListItem\",\"position\":2,\"name\":\"Accueil\"}]},{\"@type\":\"WebSite\",\"@id\":\"https:\/\/www.notariesofeurope-exhibition.eu\/#website\",\"url\":\"https:\/\/www.notariesofeurope-exhibition.eu\/\",\"name\":\"Notaries of Europe - Exhibition\",\"description\":\"CNUE\",\"potentialAction\":[{\"@type\":\"SearchAction\",\"target\":{\"@type\":\"EntryPoint\",\"urlTemplate\":\"https:\/\/www.notariesofeurope-exhibition.eu\/?s={search_term_string}\"},\"query-input\":{\"@type\":\"PropertyValueSpecification\",\"valueRequired\":true,\"valueName\":\"search_term_string\"}}],\"inLanguage\":\"fr-FR\"}]}<\/script>\n<!-- \/ Yoast SEO plugin. -->","yoast_head_json":{"title":"Accueil - Notaries of Europe - Exhibition","robots":{"index":"index","follow":"follow","max-snippet":"max-snippet:-1","max-image-preview":"max-image-preview:large","max-video-preview":"max-video-preview:-1"},"canonical":"https:\/\/www.notariesofeurope-exhibition.eu\/fr\/","og_locale":"fr_FR","og_type":"article","og_title":"Accueil - Notaries of Europe - Exhibition","og_description":"[vc_row bg_type=\u00a0\u00bbcolor\u00a0\u00bb padding_top_multiplier=\u00a0\u00bb\u00a0\u00bb padding_bottom_multiplier=\u00a0\u00bb\u00a0\u00bb bg_color=\u00a0\u00bb#322d7c\u00a0\u00bb el_class=\u00a0\u00bbhero_home\u00a0\u00bb][vc_column][\/vc_column][\/vc_row][vc_row heading_color=\u00a0\u00bblight\u00a0\u00bb bg_type=\u00a0\u00bbcolor\u00a0\u00bb padding_top_multiplier=\u00a0\u00bb\u00a0\u00bb padding_bottom_multiplier=\u00a0\u00bb\u00a0\u00bb bg_color=\u00a0\u00bb#322D7C\u00a0\u00bb section_id=\u00a0\u00bbdescription\u00a0\u00bb el_class=\u00a0\u00bbdescription_section\u00a0\u00bb][vc_column width=\u00a0\u00bb1\/3&Prime;][\/vc_column][vc_column width=\u00a0\u00bb2\/3&Prime; el_class=\u00a0\u00bbcol_right\u00a0\u00bb][vc_column_text css=\u00a0\u00bb\u00a0\u00bb el_class=\u00a0\u00bbtext\u00a0\u00bb]Qu\u2019ont de commun le testament de la Reine Isabelle la Catholique, la remise de la \u00ab Croix de George \u00bb \u00e0 la nation maltaise ou le document de renonciation sign\u00e9 par l\u2019archiduchesse Marie-Antoinette sur les couronnes d\u00e9pendant de [&hellip;]","og_url":"https:\/\/www.notariesofeurope-exhibition.eu\/fr\/","og_site_name":"Notaries of Europe - Exhibition","article_modified_time":"2026-02-16T14:11:25+00:00","twitter_card":"summary_large_image","twitter_misc":{"Dur\u00e9e de lecture estim\u00e9e":"2 minutes"},"schema":{"@context":"https:\/\/schema.org","@graph":[{"@type":"WebPage","@id":"https:\/\/www.notariesofeurope-exhibition.eu\/fr\/","url":"https:\/\/www.notariesofeurope-exhibition.eu\/fr\/","name":"Accueil - Notaries of Europe - Exhibition","isPartOf":{"@id":"https:\/\/www.notariesofeurope-exhibition.eu\/#website"},"datePublished":"2026-02-13T09:53:45+00:00","dateModified":"2026-02-16T14:11:25+00:00","breadcrumb":{"@id":"https:\/\/www.notariesofeurope-exhibition.eu\/fr\/#breadcrumb"},"inLanguage":"fr-FR","potentialAction":[{"@type":"ReadAction","target":["https:\/\/www.notariesofeurope-exhibition.eu\/fr\/"]}]},{"@type":"BreadcrumbList","@id":"https:\/\/www.notariesofeurope-exhibition.eu\/fr\/#breadcrumb","itemListElement":[{"@type":"ListItem","position":1,"name":"Accueil","item":"https:\/\/www.notariesofeurope-exhibition.eu\/fr\/"},{"@type":"ListItem","position":2,"name":"Accueil"}]},{"@type":"WebSite","@id":"https:\/\/www.notariesofeurope-exhibition.eu\/#website","url":"https:\/\/www.notariesofeurope-exhibition.eu\/","name":"Notaries of Europe - Exhibition","description":"CNUE","potentialAction":[{"@type":"SearchAction","target":{"@type":"EntryPoint","urlTemplate":"https:\/\/www.notariesofeurope-exhibition.eu\/?s={search_term_string}"},"query-input":{"@type":"PropertyValueSpecification","valueRequired":true,"valueName":"search_term_string"}}],"inLanguage":"fr-FR"}]}},"_links":{"self":[{"href":"https:\/\/www.notariesofeurope-exhibition.eu\/fr\/wp-json\/wp\/v2\/pages\/1919","targetHints":{"allow":["GET"]}}],"collection":[{"href":"https:\/\/www.notariesofeurope-exhibition.eu\/fr\/wp-json\/wp\/v2\/pages"}],"about":[{"href":"https:\/\/www.notariesofeurope-exhibition.eu\/fr\/wp-json\/wp\/v2\/types\/page"}],"author":[{"embeddable":true,"href":"https:\/\/www.notariesofeurope-exhibition.eu\/fr\/wp-json\/wp\/v2\/users\/2"}],"replies":[{"embeddable":true,"href":"https:\/\/www.notariesofeurope-exhibition.eu\/fr\/wp-json\/wp\/v2\/comments?post=1919"}],"version-history":[{"count":3,"href":"https:\/\/www.notariesofeurope-exhibition.eu\/fr\/wp-json\/wp\/v2\/pages\/1919\/revisions"}],"predecessor-version":[{"id":2209,"href":"https:\/\/www.notariesofeurope-exhibition.eu\/fr\/wp-json\/wp\/v2\/pages\/1919\/revisions\/2209"}],"wp:attachment":[{"href":"https:\/\/www.notariesofeurope-exhibition.eu\/fr\/wp-json\/wp\/v2\/media?parent=1919"}],"curies":[{"name":"wp","href":"https:\/\/api.w.org\/{rel}","templated":true}]}}