{"id":211,"date":"2019-09-17T15:35:18","date_gmt":"2019-09-17T13:35:18","guid":{"rendered":"http:\/\/staging.notariesofeurope-exhibition.eu\/?page_id=211"},"modified":"2026-02-16T12:02:38","modified_gmt":"2026-02-16T10:02:38","slug":"bulgarie","status":"publish","type":"page","link":"https:\/\/www.notariesofeurope-exhibition.eu\/fr\/actes\/bulgarie\/","title":{"rendered":"Bulgarie"},"content":{"rendered":"<div class=\"wpb-content-wrapper\"><p>[vc_row bg_type=\u00a0\u00bbcolor\u00a0\u00bb padding_top_multiplier=\u00a0\u00bb\u00a0\u00bb padding_bottom_multiplier=\u00a0\u00bb\u00a0\u00bb bg_color=\u00a0\u00bb#E7ECF3&Prime; el_class=\u00a0\u00bbhero_page\u00a0\u00bb][vc_column width=\u00a0\u00bb1\/2&Prime; tablet_width=\u00a0\u00bb1&Prime; tablet_sm_width=\u00a0\u00bb1&Prime; el_class=\u00a0\u00bbaccord_actes\u00a0\u00bb]<div class=\"grve-element grve-box-icon grve-medium grve-side-icon grve-align-left title_pays\" style=\"\"><div class=\"grve-image-icon\"><img loading=\"lazy\" decoding=\"async\" width=\"1\" height=\"1\" src=\"https:\/\/www.notariesofeurope-exhibition.eu\/wp-content\/uploads\/2026\/02\/bulgarie.svg\" class=\"attachment-full size-full\" alt=\"\" \/><\/div><div class=\"grve-box-content\"><div class=\"grve-box-title-wrapper\"><h1 class=\"grve-box-title grve-leader-text\">Bulgarie<\/h1><\/div><\/div><\/div>[vc_tta_accordion active_section=\u00a0\u00bb999&Prime;][vc_tta_section title=\u00a0\u00bb1894 &#8211; Acte de vente d\u2019un bien immobilier ordonn\u00e9 par le tribunal, sign\u00e9 par un juge de paix, agissant en qualit\u00e9 de notaire\u00a0\u00bb tab_id=\u00a0\u00bb1568121683620-4df91743-a69c4917-76689c0c-ac98&Prime;][vc_column_text]<em>Bulgarie, district de Ruse<\/em><\/p>\n<p>\u00ab Kreposten Akt \u00bb est le titre imprim\u00e9 des actes, \u00e9mis par les notaires de la Principaut\u00e9 de Bulgarie (24 ao\u00fbt 1878) et du Royaume de Bulgarie jusqu\u2019au 31 ao\u00fbt 1910.<\/p>\n<p>Le nom serait d\u00e9riv\u00e9 du mot bulgare<em> Krepost<\/em> (forteresse), mais il s\u2019agit d\u2019une r\u00e9miniscence et d\u2019un transfert technique de l\u2019acte russe Krepostnoy, provenant de la Loi sur la servitude et le notariat (1701-1866) de l\u2019Empire russe, dont le sens vient de Krepostnoy \u2013 relative au servage, bien que ce dernier n\u2019existait pas en Bulgarie.<\/p>\n<p>Plus tard, le mot \u00ab\u00a0kreposten\u00a0\u00bb est supprim\u00e9 et devient un \u00ab\u00a0acte notari\u00e9\u00a0\u00bb &#8211; un document valide pour la possession de biens immobiliers priv\u00e9s. La loi de 1885 sur les notaires et les juges de paix codifie les institutions, principes et fonctions fondamentaux du droit notarial bulgare.[\/vc_column_text]<div class=\"grve-empty-space grve-height-1x\" style=\"\"><\/div><div class=\"grve-element grve-align-left\"><a href=\"\/wp-content\/uploads\/2019\/09\/bulgarie-acte-de-vente-1894_c.pdf\" title=\"T\u00e9l\u00e9charger\" target=\"_blank\" rel=\"noopener noreferrer\" class=\"grve-btn grve-btn-medium grve-extra-round grve-bg-primary-1 grve-bg-hover-primary-2\"><span><i class=\"entypo-icon entypo-icon-doc-text\"><\/i>Consulter l'Acte<\/span><\/a><\/div>[\/vc_tta_section][vc_tta_section title=\u00a0\u00bb1903 &#8211; Acte d\u2019achat et de vente d\u2019un bien immobilier sign\u00e9 par un notaire\u00a0\u00bb tab_id=\u00a0\u00bb1568121763115-b149af46-58854917-76689c0c-ac98&Prime;][vc_column_text]<em>Bulgarie, district de Vratsa<\/em><\/p>\n<p>Un notaire \u00e9tait nomm\u00e9 dans chaque tribunal de district pour accomplir et certifier tous les actes de vente, de location, de donation, etc. Dans les villes et villages o\u00f9 il n\u2019y avait que des juges de paix, ils exer\u00e7aient les fonctions de notaire. Jusqu\u2019au 31.08.1910, les notaires de rang \u00e9taient \u00e9gaux aux membres des tribunaux de deuxi\u00e8me instance, mais ils n\u2019\u00e9taient pas consid\u00e9r\u00e9s comme membres des tribunaux \u2013 ils n\u2019\u00e9taient pas magistrats. Kreposten Akt n\u2019\u00e9tait pas consid\u00e9r\u00e9 comme un terme juridique en Bulgarie. La l\u00e9gislation de 1878 utilise les termes Acte et Acte notari\u00e9.[\/vc_column_text]<div class=\"grve-empty-space grve-height-1x\" style=\"\"><\/div><div class=\"grve-element grve-align-left\"><a href=\"\/wp-content\/uploads\/2019\/09\/bulgarie-acte-d-achat-1903_c.pdf\" title=\"T\u00e9l\u00e9charger\" target=\"_blank\" rel=\"noopener noreferrer\" class=\"grve-btn grve-btn-medium grve-extra-round grve-bg-primary-1 grve-bg-hover-primary-2\"><span><i class=\"entypo-icon entypo-icon-doc-text\"><\/i>Consulter l'Acte<\/span><\/a><\/div>[\/vc_tta_section][vc_tta_section title=\u00a0\u00bb1943 &#8211; Lettre d\u2019invitation notari\u00e9e (ex\u00e9cutive)\u00a0\u00bb tab_id=\u00a0\u00bb1568121683682-ba504f17-dfe44917-76689c0c-ac98&Prime;][vc_column_text]<em>Sofia, 11 septembre 1943<\/em><\/p>\n<p>La lettre parle de l\u2019incapacit\u00e9 de payer le loyer au propri\u00e9taire et de le d\u00e9poser chez le notaire. Le bombardement de la capitale Sofia a d\u00e9j\u00e0 commenc\u00e9 en 1941. Le document a \u00e9t\u00e9 publi\u00e9 un mois avant les bombardements massifs. La propri\u00e9t\u00e9 mentionn\u00e9e dans le document n\u2019existe plus. Bien que les rues et leurs noms aient \u00e9t\u00e9 pr\u00e9serv\u00e9s jusqu\u2019\u00e0 ce jour, un parc et le Palais des Enfants sont aujourd\u2019hui sur le site.[\/vc_column_text]<div class=\"grve-empty-space grve-height-1x\" style=\"\"><\/div><div class=\"grve-element grve-align-left\"><a href=\"\/wp-content\/uploads\/2019\/09\/bulgarie-lettre-1943_c.pdf\" title=\"T\u00e9l\u00e9charger\" target=\"_blank\" rel=\"noopener noreferrer\" class=\"grve-btn grve-btn-medium grve-extra-round grve-bg-primary-1 grve-bg-hover-primary-2\"><span><i class=\"entypo-icon entypo-icon-doc-text\"><\/i>Consulter l'Acte<\/span><\/a><\/div>[\/vc_tta_section][\/vc_tta_accordion]<div class=\"grve-element grve-align-left cta_custom cta_custom_blue\"><a href=\"\/fr\/actes\/bulgarie-bg\" title=\"\u0431\u044a\u043b\u0433\u0430\u0440\u0441\u043a\u0438\" class=\"grve-btn grve-btn-medium grve-square grve-bg-primary-1 grve-bg-hover-black\"><span>\u0431\u044a\u043b\u0433\u0430\u0440\u0441\u043a\u0438<\/span><\/a><\/div>[\/vc_column][vc_column width=\u00a0\u00bb1\/2&Prime; el_class=\u00a0\u00bbcol_img\u00a0\u00bb]<div class=\"grve-element grve-image img_actes_pays grve-align-center\" style=\"\">  <div class=\"grve-image-wrapper\"><img loading=\"lazy\" decoding=\"async\" width=\"1500\" height=\"1194\" src=\"https:\/\/www.notariesofeurope-exhibition.eu\/wp-content\/uploads\/2026\/02\/bulgaria.webp\" class=\"attachment-full size-full\" alt=\"\" srcset=\"https:\/\/www.notariesofeurope-exhibition.eu\/wp-content\/uploads\/2026\/02\/bulgaria.webp 1500w, https:\/\/www.notariesofeurope-exhibition.eu\/wp-content\/uploads\/2026\/02\/bulgaria-300x239.webp 300w, https:\/\/www.notariesofeurope-exhibition.eu\/wp-content\/uploads\/2026\/02\/bulgaria-1024x815.webp 1024w, https:\/\/www.notariesofeurope-exhibition.eu\/wp-content\/uploads\/2026\/02\/bulgaria-768x611.webp 768w\" sizes=\"auto, (max-width: 1500px) 100vw, 1500px\" \/>   <\/div><\/div>[\/vc_column][\/vc_row][vc_row bg_type=\u00a0\u00bbcolor\u00a0\u00bb padding_top_multiplier=\u00a0\u00bb3x\u00a0\u00bb el_class=\u00a0\u00bbmap_section\u00a0\u00bb bg_color=\u00a0\u00bb#E7ECF3&Prime;][vc_column]<h2 class=\"grve-element grve-title grve-align-left grve-h3 title_section\" style=\"\"><span>Recherchez des actes d&rsquo;autres pays :<\/span><\/h2>[\/vc_column][\/vc_row][vc_row section_type=\u00a0\u00bbfullwidth\u00a0\u00bb bg_type=\u00a0\u00bbcolor\u00a0\u00bb padding_top_multiplier=\u00a0\u00bb\u00a0\u00bb padding_bottom_multiplier=\u00a0\u00bb\u00a0\u00bb columns_gap=\u00a0\u00bbnone\u00a0\u00bb bg_color=\u00a0\u00bb#E7ECF3&Prime;][vc_column][vc_column_text css=\u00a0\u00bb\u00a0\u00bb]<div id=\"mapplic-id48\" data-mapdata=\"{&quot;mapwidth&quot;:&quot;1200&quot;,&quot;mapheight&quot;:&quot;1200&quot;,&quot;minimap&quot;:false,&quot;zoombuttons&quot;:true,&quot;sidebar&quot;:false,&quot;search&quot;:false,&quot;hovertip&quot;:true,&quot;fullscreen&quot;:false,&quot;zoomlimit&quot;:&quot;2&quot;,&quot;mapfill&quot;:true,&quot;zoom&quot;:true,&quot;alphabetic&quot;:true,&quot;categories&quot;:[],&quot;levels&quot;:[{&quot;id&quot;:&quot;europe&quot;,&quot;title&quot;:&quot;Europe&quot;,&quot;map&quot;:&quot;\/\/www.notariesofeurope-exhibition.eu\/wp-content\/plugins\/mapplic\/maps\/europe.svg&quot;,&quot;minimap&quot;:&quot;https:\/\/www.notariesofeurope-exhibition.eu\/wp-content\/plugins\/mapplic\/maps\/europe-mini.jpg&quot;,&quot;locations&quot;:[{&quot;id&quot;:&quot;de&quot;,&quot;title&quot;:&quot;Allemagne&quot;,&quot;description&quot;:&quot;&lt;p&gt;Allemagne&lt;\/p&gt;&quot;,&quot;pin&quot;:&quot;hidden&quot;,&quot;link&quot;:&quot;\/fr\/actes\/allemagne&quot;,&quot;thumbnail&quot;:&quot;\/wp-content\/uploads\/2019\/09\/flag-allemagne-1.svg&quot;,&quot;image&quot;:&quot;\/wp-content\/uploads\/2019\/09\/flag-allemagne-1.svg&quot;,&quot;action&quot;:&quot;default&quot;,&quot;x&quot;:&quot;0.4366&quot;,&quot;y&quot;:&quot;0.5294&quot;},{&quot;id&quot;:&quot;fr&quot;,&quot;title&quot;:&quot;France&quot;,&quot;description&quot;:&quot;&lt;p&gt;France&lt;\/p&gt;&quot;,&quot;pin&quot;:&quot;hidden&quot;,&quot;link&quot;:&quot;\/fr\/actes\/france&quot;,&quot;action&quot;:&quot;open-link&quot;,&quot;x&quot;:&quot;0.3135&quot;,&quot;y&quot;:&quot;0.6364&quot;,&quot;image&quot;:&quot;\/wp-content\/uploads\/2019\/09\/flag-france.svg&quot;,&quot;thumbnail&quot;:&quot;\/wp-content\/uploads\/2019\/09\/flag-france.svg&quot;},{&quot;id&quot;:&quot;at&quot;,&quot;title&quot;:&quot;Autriche&quot;,&quot;description&quot;:&quot;&lt;p&gt;Autriche&lt;\/p&gt;&quot;,&quot;pin&quot;:&quot;hidden&quot;,&quot;action&quot;:&quot;default&quot;,&quot;x&quot;:&quot;0.5084&quot;,&quot;y&quot;:&quot;0.6182&quot;,&quot;thumbnail&quot;:&quot;\/wp-content\/uploads\/2019\/09\/flag-autriche.svg&quot;,&quot;image&quot;:&quot;\/wp-content\/uploads\/2019\/09\/flag-autriche.svg&quot;,&quot;link&quot;:&quot;\/fr\/actes\/autriche&quot;},{&quot;id&quot;:&quot;be&quot;,&quot;title&quot;:&quot;Belgique&quot;,&quot;description&quot;:&quot;&lt;p&gt;Belgique&lt;\/p&gt;&quot;,&quot;pin&quot;:&quot;hidden&quot;,&quot;link&quot;:&quot;\/fr\/actes\/belgique&quot;,&quot;thumbnail&quot;:&quot;\/wp-content\/uploads\/2019\/09\/flag-belgique.svg&quot;,&quot;image&quot;:&quot;\/wp-content\/uploads\/2019\/09\/flag-belgique.svg&quot;,&quot;action&quot;:&quot;default&quot;,&quot;x&quot;:&quot;0.3574&quot;,&quot;y&quot;:&quot;0.5358&quot;},{&quot;id&quot;:&quot;lu&quot;,&quot;title&quot;:&quot;Luxembourg&quot;,&quot;description&quot;:&quot;&lt;p&gt;Luxembourg&lt;\/p&gt;&quot;,&quot;pin&quot;:&quot;hidden&quot;,&quot;link&quot;:&quot;\/fr\/actes\/luxembourg&quot;,&quot;thumbnail&quot;:&quot;\/wp-content\/uploads\/2019\/09\/flag-luxembourg.svg&quot;,&quot;image&quot;:&quot;\/wp-content\/uploads\/2019\/09\/flag-luxembourg.svg&quot;,&quot;action&quot;:&quot;default&quot;,&quot;x&quot;:&quot;0.3777&quot;,&quot;y&quot;:&quot;0.5583&quot;},{&quot;id&quot;:&quot;nl&quot;,&quot;title&quot;:&quot;Pays-Bas&quot;,&quot;description&quot;:&quot;&lt;p&gt;Pays-Bas&lt;\/p&gt;&quot;,&quot;pin&quot;:&quot;hidden&quot;,&quot;link&quot;:&quot;\/fr\/actes\/pays-bas&quot;,&quot;thumbnail&quot;:&quot;\/wp-content\/uploads\/2019\/09\/flag-paysbas.svg&quot;,&quot;image&quot;:&quot;\/wp-content\/uploads\/2019\/09\/flag-paysbas.svg&quot;,&quot;action&quot;:&quot;open-link&quot;,&quot;x&quot;:&quot;0.3689&quot;,&quot;y&quot;:&quot;0.5010&quot;},{&quot;id&quot;:&quot;pl&quot;,&quot;title&quot;:&quot;Pologne&quot;,&quot;description&quot;:&quot;&lt;p&gt;Pologne&lt;\/p&gt;&quot;,&quot;pin&quot;:&quot;hidden&quot;,&quot;link&quot;:&quot;\/fr\/actes\/pologne&quot;,&quot;thumbnail&quot;:&quot;\/wp-content\/uploads\/2019\/09\/flag-pologne.svg&quot;,&quot;image&quot;:&quot;\/wp-content\/uploads\/2019\/09\/flag-pologne.svg&quot;,&quot;action&quot;:&quot;open-link&quot;,&quot;x&quot;:&quot;0.5715&quot;,&quot;y&quot;:&quot;0.4919&quot;},{&quot;id&quot;:&quot;bg&quot;,&quot;title&quot;:&quot;Bulgarie&quot;,&quot;description&quot;:&quot;&lt;p&gt;Bulgarie&lt;\/p&gt;&quot;,&quot;pin&quot;:&quot;hidden&quot;,&quot;link&quot;:&quot;\/fr\/actes\/bulgarie&quot;,&quot;thumbnail&quot;:&quot;\/wp-content\/uploads\/2019\/09\/flag-bulgarie.svg&quot;,&quot;image&quot;:&quot;\/wp-content\/uploads\/2019\/09\/flag-bulgarie.svg&quot;,&quot;action&quot;:&quot;open-link&quot;,&quot;x&quot;:&quot;0.7086&quot;,&quot;y&quot;:&quot;0.7149&quot;},{&quot;id&quot;:&quot;ro&quot;,&quot;title&quot;:&quot;Roumanie&quot;,&quot;description&quot;:&quot;&lt;p&gt;Roumanie&lt;\/p&gt;&quot;,&quot;pin&quot;:&quot;hidden&quot;,&quot;link&quot;:&quot;\/fr\/actes\/roumanie&quot;,&quot;thumbnail&quot;:&quot;\/wp-content\/uploads\/2019\/09\/flag-roumanie.svg&quot;,&quot;image&quot;:&quot;\/wp-content\/uploads\/2019\/09\/flag-roumanie.svg&quot;,&quot;action&quot;:&quot;open-link&quot;,&quot;x&quot;:&quot;0.6925&quot;,&quot;y&quot;:&quot;0.6389&quot;},{&quot;id&quot;:&quot;gr&quot;,&quot;title&quot;:&quot;Gr&egrave;ce&quot;,&quot;description&quot;:&quot;&lt;p&gt;Gr&egrave;ce&lt;\/p&gt;&quot;,&quot;pin&quot;:&quot;hidden&quot;,&quot;link&quot;:&quot;\/fr\/actes\/grece&quot;,&quot;thumbnail&quot;:&quot;\/wp-content\/uploads\/2019\/09\/flag-grece.svg&quot;,&quot;image&quot;:&quot;\/wp-content\/uploads\/2019\/09\/flag-grece.svg&quot;,&quot;action&quot;:&quot;open-link&quot;,&quot;x&quot;:&quot;0.6572&quot;,&quot;y&quot;:&quot;0.7995&quot;},{&quot;id&quot;:&quot;hr&quot;,&quot;title&quot;:&quot;Croatie&quot;,&quot;description&quot;:&quot;&lt;p&gt;Croatie&lt;\/p&gt;&quot;,&quot;pin&quot;:&quot;hidden&quot;,&quot;link&quot;:&quot;\/fr\/actes\/croatie&quot;,&quot;thumbnail&quot;:&quot;\/wp-content\/uploads\/2019\/09\/flag-croatie.svg&quot;,&quot;image&quot;:&quot;\/wp-content\/uploads\/2019\/09\/flag-croatie.svg&quot;,&quot;action&quot;:&quot;open-link&quot;,&quot;x&quot;:&quot;0.5426&quot;,&quot;y&quot;:&quot;0.6581&quot;},{&quot;id&quot;:&quot;si&quot;,&quot;title&quot;:&quot;Slov&eacute;nie&quot;,&quot;description&quot;:&quot;&lt;p&gt;Slov&eacute;nie&lt;\/p&gt;&quot;,&quot;pin&quot;:&quot;hidden&quot;,&quot;link&quot;:&quot;\/fr\/actes\/slovenie&quot;,&quot;thumbnail&quot;:&quot;\/wp-content\/uploads\/2019\/09\/flag-slovenie.svg&quot;,&quot;image&quot;:&quot;\/wp-content\/uploads\/2019\/09\/flag-slovenie.svg&quot;,&quot;action&quot;:&quot;open-link&quot;,&quot;x&quot;:&quot;0.5180&quot;,&quot;y&quot;:&quot;0.6503&quot;},{&quot;id&quot;:&quot;es&quot;,&quot;title&quot;:&quot;Espagne&quot;,&quot;description&quot;:&quot;&lt;p&gt;Espagne&lt;\/p&gt;&quot;,&quot;pin&quot;:&quot;hidden&quot;,&quot;link&quot;:&quot;\/fr\/actes\/espagne&quot;,&quot;thumbnail&quot;:&quot;\/wp-content\/uploads\/2019\/09\/flag-espagne.svg&quot;,&quot;image&quot;:&quot;\/wp-content\/uploads\/2019\/09\/flag-espagne.svg&quot;,&quot;action&quot;:&quot;default&quot;,&quot;x&quot;:&quot;0.1818&quot;,&quot;y&quot;:&quot;0.7905&quot;},{&quot;id&quot;:&quot;pt&quot;,&quot;title&quot;:&quot;Portugal&quot;,&quot;description&quot;:&quot;&lt;p&gt;Portugal&lt;\/p&gt;&quot;,&quot;pin&quot;:&quot;hidden&quot;,&quot;link&quot;:&quot;\/fr\/actes\/portugal&quot;,&quot;thumbnail&quot;:&quot;\/wp-content\/uploads\/2019\/09\/flag-portugal.svg&quot;,&quot;image&quot;:&quot;\/wp-content\/uploads\/2019\/09\/flag-portugal.svg&quot;,&quot;action&quot;:&quot;open-link&quot;,&quot;x&quot;:&quot;0.0962&quot;,&quot;y&quot;:&quot;0.7777&quot;},{&quot;id&quot;:&quot;hu&quot;,&quot;title&quot;:&quot;Hongrie&quot;,&quot;description&quot;:&quot;&lt;p&gt;Hongrie&lt;\/p&gt;&quot;,&quot;pin&quot;:&quot;hidden&quot;,&quot;link&quot;:&quot;\/fr\/actes\/hongrie&quot;,&quot;thumbnail&quot;:&quot;\/wp-content\/uploads\/2019\/09\/flag-hongrie.svg&quot;,&quot;image&quot;:&quot;\/wp-content\/uploads\/2019\/09\/flag-hongrie.svg&quot;,&quot;action&quot;:&quot;open-link&quot;,&quot;x&quot;:&quot;0.5919&quot;,&quot;y&quot;:&quot;0.6182&quot;},{&quot;id&quot;:&quot;it&quot;,&quot;title&quot;:&quot;Italie&quot;,&quot;description&quot;:&quot;&lt;p&gt;Italie&lt;\/p&gt;&quot;,&quot;pin&quot;:&quot;hidden&quot;,&quot;link&quot;:&quot;\/fr\/actes\/italie&quot;,&quot;thumbnail&quot;:&quot;\/wp-content\/uploads\/2019\/09\/flag-italie.svg&quot;,&quot;image&quot;:&quot;\/wp-content\/uploads\/2019\/09\/flag-italie.svg&quot;,&quot;action&quot;:&quot;open-link&quot;,&quot;x&quot;:&quot;0.4773&quot;,&quot;y&quot;:&quot;0.7263&quot;},{&quot;id&quot;:&quot;mt&quot;,&quot;title&quot;:&quot;Malte&quot;,&quot;description&quot;:&quot;&lt;p&gt;Malte&lt;\/p&gt;&quot;,&quot;pin&quot;:&quot;hidden&quot;,&quot;link&quot;:&quot;\/fr\/actes\/malte&quot;,&quot;thumbnail&quot;:&quot;\/wp-content\/uploads\/2019\/09\/flag-malte.svg&quot;,&quot;image&quot;:&quot;\/wp-content\/uploads\/2019\/09\/flag-malte.svg&quot;,&quot;action&quot;:&quot;open-link&quot;,&quot;x&quot;:&quot;0.5279&quot;,&quot;y&quot;:&quot;0.9085&quot;}]}],&quot;maxscale&quot;:&quot;2&quot;,&quot;clearbutton&quot;:true,&quot;mousewheel&quot;:false,&quot;deeplinking&quot;:true,&quot;fillcolor&quot;:&quot;#322d7c&quot;,&quot;action&quot;:&quot;open-link&quot;,&quot;height&quot;:&quot;100%&quot;,&quot;zoomoutclose&quot;:false,&quot;closezoomout&quot;:false,&quot;thumbholder&quot;:true,&quot;hidenofilter&quot;:false,&quot;linknewtab&quot;:false,&quot;csv&quot;:&quot;&quot;,&quot;topLat&quot;:&quot;55.058191&quot;,&quot;leftLng&quot;:&quot;5.866365&quot;,&quot;bottomLat&quot;:&quot;47.270172&quot;,&quot;rightLng&quot;:&quot;15.041747&quot;}\"><\/div>[\/vc_column_text][\/vc_column][\/vc_row]<\/p>\n<\/div>","protected":false},"excerpt":{"rendered":"<p>[vc_row bg_type=\u00a0\u00bbcolor\u00a0\u00bb padding_top_multiplier=\u00a0\u00bb\u00a0\u00bb padding_bottom_multiplier=\u00a0\u00bb\u00a0\u00bb bg_color=\u00a0\u00bb#E7ECF3&Prime; el_class=\u00a0\u00bbhero_page\u00a0\u00bb][vc_column width=\u00a0\u00bb1\/2&Prime; tablet_width=\u00a0\u00bb1&Prime; tablet_sm_width=\u00a0\u00bb1&Prime; el_class=\u00a0\u00bbaccord_actes\u00a0\u00bb][vc_tta_accordion active_section=\u00a0\u00bb999&Prime;][vc_tta_section title=\u00a0\u00bb1894 &#8211; Acte de vente d\u2019un bien immobilier ordonn\u00e9 par le tribunal, sign\u00e9 par un juge de paix, agissant en qualit\u00e9 de notaire\u00a0\u00bb tab_id=\u00a0\u00bb1568121683620-4df91743-a69c4917-76689c0c-ac98&Prime;][vc_column_text]Bulgarie, district de Ruse \u00ab Kreposten Akt \u00bb est le titre imprim\u00e9 des actes, \u00e9mis par les notaires de la Principaut\u00e9 [&hellip;]<\/p>\n","protected":false},"author":2,"featured_media":0,"parent":11,"menu_order":0,"comment_status":"closed","ping_status":"closed","template":"","meta":{"inline_featured_image":false,"footnotes":""},"class_list":["post-211","page","type-page","status-publish","hentry"],"yoast_head":"<!-- This site is optimized with the Yoast SEO plugin v26.9 - https:\/\/yoast.com\/product\/yoast-seo-wordpress\/ -->\n<title>Bulgarie - Notaries of Europe - Exhibition<\/title>\n<meta name=\"robots\" content=\"index, follow, max-snippet:-1, max-image-preview:large, max-video-preview:-1\" \/>\n<link rel=\"canonical\" href=\"https:\/\/www.notariesofeurope-exhibition.eu\/fr\/actes\/bulgarie\/\" \/>\n<meta property=\"og:locale\" content=\"fr_FR\" \/>\n<meta property=\"og:type\" content=\"article\" \/>\n<meta property=\"og:title\" content=\"Bulgarie - Notaries of Europe - Exhibition\" \/>\n<meta property=\"og:description\" content=\"[vc_row bg_type=\u00a0\u00bbcolor\u00a0\u00bb padding_top_multiplier=\u00a0\u00bb\u00a0\u00bb padding_bottom_multiplier=\u00a0\u00bb\u00a0\u00bb bg_color=\u00a0\u00bb#E7ECF3&Prime; el_class=\u00a0\u00bbhero_page\u00a0\u00bb][vc_column width=\u00a0\u00bb1\/2&Prime; tablet_width=\u00a0\u00bb1&Prime; tablet_sm_width=\u00a0\u00bb1&Prime; el_class=\u00a0\u00bbaccord_actes\u00a0\u00bb][vc_tta_accordion active_section=\u00a0\u00bb999&Prime;][vc_tta_section title=\u00a0\u00bb1894 &#8211; Acte de vente d\u2019un bien immobilier ordonn\u00e9 par le tribunal, sign\u00e9 par un juge de paix, agissant en qualit\u00e9 de notaire\u00a0\u00bb tab_id=\u00a0\u00bb1568121683620-4df91743-a69c4917-76689c0c-ac98&Prime;][vc_column_text]Bulgarie, district de Ruse \u00ab Kreposten Akt \u00bb est le titre imprim\u00e9 des actes, \u00e9mis par les notaires de la Principaut\u00e9 [&hellip;]\" \/>\n<meta property=\"og:url\" content=\"https:\/\/www.notariesofeurope-exhibition.eu\/fr\/actes\/bulgarie\/\" \/>\n<meta property=\"og:site_name\" content=\"Notaries of Europe - Exhibition\" \/>\n<meta property=\"article:modified_time\" content=\"2026-02-16T10:02:38+00:00\" \/>\n<meta name=\"twitter:card\" content=\"summary_large_image\" \/>\n<meta name=\"twitter:label1\" content=\"Dur\u00e9e de lecture estim\u00e9e\" \/>\n\t<meta name=\"twitter:data1\" content=\"3 minutes\" \/>\n<script type=\"application\/ld+json\" class=\"yoast-schema-graph\">{\"@context\":\"https:\/\/schema.org\",\"@graph\":[{\"@type\":\"WebPage\",\"@id\":\"https:\/\/www.notariesofeurope-exhibition.eu\/fr\/actes\/bulgarie\/\",\"url\":\"https:\/\/www.notariesofeurope-exhibition.eu\/fr\/actes\/bulgarie\/\",\"name\":\"Bulgarie - Notaries of Europe - Exhibition\",\"isPartOf\":{\"@id\":\"https:\/\/www.notariesofeurope-exhibition.eu\/#website\"},\"datePublished\":\"2019-09-17T13:35:18+00:00\",\"dateModified\":\"2026-02-16T10:02:38+00:00\",\"breadcrumb\":{\"@id\":\"https:\/\/www.notariesofeurope-exhibition.eu\/fr\/actes\/bulgarie\/#breadcrumb\"},\"inLanguage\":\"fr-FR\",\"potentialAction\":[{\"@type\":\"ReadAction\",\"target\":[\"https:\/\/www.notariesofeurope-exhibition.eu\/fr\/actes\/bulgarie\/\"]}]},{\"@type\":\"BreadcrumbList\",\"@id\":\"https:\/\/www.notariesofeurope-exhibition.eu\/fr\/actes\/bulgarie\/#breadcrumb\",\"itemListElement\":[{\"@type\":\"ListItem\",\"position\":1,\"name\":\"Accueil\",\"item\":\"https:\/\/www.notariesofeurope-exhibition.eu\/fr\/\"},{\"@type\":\"ListItem\",\"position\":2,\"name\":\"Actes\",\"item\":\"https:\/\/www.notariesofeurope-exhibition.eu\/fr\/actes\/\"},{\"@type\":\"ListItem\",\"position\":3,\"name\":\"Bulgarie\"}]},{\"@type\":\"WebSite\",\"@id\":\"https:\/\/www.notariesofeurope-exhibition.eu\/#website\",\"url\":\"https:\/\/www.notariesofeurope-exhibition.eu\/\",\"name\":\"Notaries of Europe - Exhibition\",\"description\":\"CNUE\",\"potentialAction\":[{\"@type\":\"SearchAction\",\"target\":{\"@type\":\"EntryPoint\",\"urlTemplate\":\"https:\/\/www.notariesofeurope-exhibition.eu\/?s={search_term_string}\"},\"query-input\":{\"@type\":\"PropertyValueSpecification\",\"valueRequired\":true,\"valueName\":\"search_term_string\"}}],\"inLanguage\":\"fr-FR\"}]}<\/script>\n<!-- \/ Yoast SEO plugin. -->","yoast_head_json":{"title":"Bulgarie - Notaries of Europe - Exhibition","robots":{"index":"index","follow":"follow","max-snippet":"max-snippet:-1","max-image-preview":"max-image-preview:large","max-video-preview":"max-video-preview:-1"},"canonical":"https:\/\/www.notariesofeurope-exhibition.eu\/fr\/actes\/bulgarie\/","og_locale":"fr_FR","og_type":"article","og_title":"Bulgarie - Notaries of Europe - Exhibition","og_description":"[vc_row bg_type=\u00a0\u00bbcolor\u00a0\u00bb padding_top_multiplier=\u00a0\u00bb\u00a0\u00bb padding_bottom_multiplier=\u00a0\u00bb\u00a0\u00bb bg_color=\u00a0\u00bb#E7ECF3&Prime; el_class=\u00a0\u00bbhero_page\u00a0\u00bb][vc_column width=\u00a0\u00bb1\/2&Prime; tablet_width=\u00a0\u00bb1&Prime; tablet_sm_width=\u00a0\u00bb1&Prime; el_class=\u00a0\u00bbaccord_actes\u00a0\u00bb][vc_tta_accordion active_section=\u00a0\u00bb999&Prime;][vc_tta_section title=\u00a0\u00bb1894 &#8211; Acte de vente d\u2019un bien immobilier ordonn\u00e9 par le tribunal, sign\u00e9 par un juge de paix, agissant en qualit\u00e9 de notaire\u00a0\u00bb tab_id=\u00a0\u00bb1568121683620-4df91743-a69c4917-76689c0c-ac98&Prime;][vc_column_text]Bulgarie, district de Ruse \u00ab Kreposten Akt \u00bb est le titre imprim\u00e9 des actes, \u00e9mis par les notaires de la Principaut\u00e9 [&hellip;]","og_url":"https:\/\/www.notariesofeurope-exhibition.eu\/fr\/actes\/bulgarie\/","og_site_name":"Notaries of Europe - Exhibition","article_modified_time":"2026-02-16T10:02:38+00:00","twitter_card":"summary_large_image","twitter_misc":{"Dur\u00e9e de lecture estim\u00e9e":"3 minutes"},"schema":{"@context":"https:\/\/schema.org","@graph":[{"@type":"WebPage","@id":"https:\/\/www.notariesofeurope-exhibition.eu\/fr\/actes\/bulgarie\/","url":"https:\/\/www.notariesofeurope-exhibition.eu\/fr\/actes\/bulgarie\/","name":"Bulgarie - Notaries of Europe - Exhibition","isPartOf":{"@id":"https:\/\/www.notariesofeurope-exhibition.eu\/#website"},"datePublished":"2019-09-17T13:35:18+00:00","dateModified":"2026-02-16T10:02:38+00:00","breadcrumb":{"@id":"https:\/\/www.notariesofeurope-exhibition.eu\/fr\/actes\/bulgarie\/#breadcrumb"},"inLanguage":"fr-FR","potentialAction":[{"@type":"ReadAction","target":["https:\/\/www.notariesofeurope-exhibition.eu\/fr\/actes\/bulgarie\/"]}]},{"@type":"BreadcrumbList","@id":"https:\/\/www.notariesofeurope-exhibition.eu\/fr\/actes\/bulgarie\/#breadcrumb","itemListElement":[{"@type":"ListItem","position":1,"name":"Accueil","item":"https:\/\/www.notariesofeurope-exhibition.eu\/fr\/"},{"@type":"ListItem","position":2,"name":"Actes","item":"https:\/\/www.notariesofeurope-exhibition.eu\/fr\/actes\/"},{"@type":"ListItem","position":3,"name":"Bulgarie"}]},{"@type":"WebSite","@id":"https:\/\/www.notariesofeurope-exhibition.eu\/#website","url":"https:\/\/www.notariesofeurope-exhibition.eu\/","name":"Notaries of Europe - Exhibition","description":"CNUE","potentialAction":[{"@type":"SearchAction","target":{"@type":"EntryPoint","urlTemplate":"https:\/\/www.notariesofeurope-exhibition.eu\/?s={search_term_string}"},"query-input":{"@type":"PropertyValueSpecification","valueRequired":true,"valueName":"search_term_string"}}],"inLanguage":"fr-FR"}]}},"_links":{"self":[{"href":"https:\/\/www.notariesofeurope-exhibition.eu\/fr\/wp-json\/wp\/v2\/pages\/211","targetHints":{"allow":["GET"]}}],"collection":[{"href":"https:\/\/www.notariesofeurope-exhibition.eu\/fr\/wp-json\/wp\/v2\/pages"}],"about":[{"href":"https:\/\/www.notariesofeurope-exhibition.eu\/fr\/wp-json\/wp\/v2\/types\/page"}],"author":[{"embeddable":true,"href":"https:\/\/www.notariesofeurope-exhibition.eu\/fr\/wp-json\/wp\/v2\/users\/2"}],"replies":[{"embeddable":true,"href":"https:\/\/www.notariesofeurope-exhibition.eu\/fr\/wp-json\/wp\/v2\/comments?post=211"}],"version-history":[{"count":19,"href":"https:\/\/www.notariesofeurope-exhibition.eu\/fr\/wp-json\/wp\/v2\/pages\/211\/revisions"}],"predecessor-version":[{"id":2171,"href":"https:\/\/www.notariesofeurope-exhibition.eu\/fr\/wp-json\/wp\/v2\/pages\/211\/revisions\/2171"}],"up":[{"embeddable":true,"href":"https:\/\/www.notariesofeurope-exhibition.eu\/fr\/wp-json\/wp\/v2\/pages\/11"}],"wp:attachment":[{"href":"https:\/\/www.notariesofeurope-exhibition.eu\/fr\/wp-json\/wp\/v2\/media?parent=211"}],"curies":[{"name":"wp","href":"https:\/\/api.w.org\/{rel}","templated":true}]}}