{"id":2559,"date":"2026-02-18T16:08:41","date_gmt":"2026-02-18T14:08:41","guid":{"rendered":"https:\/\/www.notariesofeurope-exhibition.eu\/heritage-numerique\/cryptocurrencies\/"},"modified":"2026-03-08T17:35:16","modified_gmt":"2026-03-08T15:35:16","slug":"cryptomonnaies","status":"publish","type":"page","link":"https:\/\/www.notariesofeurope-exhibition.eu\/fr\/heritage-numerique\/cryptomonnaies\/","title":{"rendered":"Cryptomonnaies"},"content":{"rendered":"<div class=\"wpb-content-wrapper\"><p>[vc_row bg_type=\u00a0\u00bbcolor\u00a0\u00bb padding_top_multiplier=\u00a0\u00bb\u00a0\u00bb padding_bottom_multiplier=\u00a0\u00bb\u00a0\u00bb columns_gap=\u00a0\u00bbnone\u00a0\u00bb bg_color=\u00a0\u00bb#E7ECF3&Prime; el_class=\u00a0\u00bbinfo_page page_quiz\u00a0\u00bb][vc_column width=\u00a0\u00bb1\/3&Prime; tablet_width=\u00a0\u00bb1-2&Prime; tablet_sm_width=\u00a0\u00bb1&Prime; mobile_width=\u00a0\u00bb1&Prime; el_class=\u00a0\u00bbright_col col_img\u00a0\u00bb]<div class=\"grve-element grve-image img_quiz grve-align-left\" style=\"\">  <div class=\"grve-image-wrapper\"><img loading=\"lazy\" decoding=\"async\" width=\"1\" height=\"1\" src=\"https:\/\/www.notariesofeurope-exhibition.eu\/wp-content\/uploads\/2026\/02\/tina.svg\" class=\"attachment-full size-full\" alt=\"\" \/>   <\/div><\/div>[\/vc_column][vc_column width=\u00a0\u00bb2\/3&Prime; tablet_width=\u00a0\u00bb1-2&Prime; tablet_sm_width=\u00a0\u00bb1&Prime; el_class=\u00a0\u00bbcontent_quiz\u00a0\u00bb]<div class=\"grve-element grve-align-left cta_back\"><a href=\"\/fr\/heritage-numerique\" title=\"Back\" class=\"grve-btn grve-btn-medium grve-square grve-bg-primary-1 grve-bg-hover-black\"><span>Retour<\/span><\/a><\/div><h1 class=\"grve-element grve-title grve-align-left grve-h1 title_theme\" style=\"\"><span>Cryptomonnaies<\/span><\/h1><div class=\"grve-element grve-title grve-align-left grve-h1 title_quiz\" style=\"\"><span>Joue avec Tina !<\/span><\/div>[vc_column_text css=\u00a0\u00bb\u00a0\u00bb el_class=\u00a0\u00bbtext\u00a0\u00bb]Tina, 32 ans, est une influenceuse sp\u00e9cialis\u00e9e dans la finance num\u00e9rique et l\u2019investissement responsable. Elle partage quotidiennement ses conseils avec une vaste communaut\u00e9 sur les r\u00e9seaux sociaux. Tina g\u00e8re elle-m\u00eame un portefeuille diversifi\u00e9 : elle investit r\u00e9guli\u00e8rement dans des actions, des ETF, des titres et des cryptomonnaies.<\/p>\n<p>Soucieuse de la s\u00e9curit\u00e9 de ses actifs num\u00e9riques, elle conserve les cl\u00e9s d\u2019acc\u00e8s \u00e0 ses cryptomonnaies sur un portefeuille physique (hardware wallet) et garde ses informations d\u2019acc\u00e8s strictement confidentielles. Elle sait que toute personne disposant de ses identifiants pourrait contr\u00f4ler ses actifs, c\u2019est pourquoi elle est la seule \u00e0 conna\u00eetre ces informations.<\/p>\n<p><strong>Comment Tina peut-elle s&rsquo;assurer que son fils aura acc\u00e8s \u00e0 ses cryptomonnaies apr\u00e8s son d\u00e9c\u00e8s, en supposant qu&rsquo;il soit son seul h\u00e9ritier ?<\/strong>[\/vc_column_text]<div class=\"grve-element grve-align-left cta_play_fr\"><a href=\"\/fr\/heritage-numerique\/cryptomonnaies\/joue-avec-tina\/\" title=\"Joue\" class=\"grve-btn grve-btn-medium grve-square grve-bg-primary-1 grve-bg-hover-black\"><span>Joue<\/span><\/a><\/div>[\/vc_column][\/vc_row]<\/p>\n<\/div>","protected":false},"excerpt":{"rendered":"<p>[vc_row bg_type=\u00a0\u00bbcolor\u00a0\u00bb padding_top_multiplier=\u00a0\u00bb\u00a0\u00bb padding_bottom_multiplier=\u00a0\u00bb\u00a0\u00bb columns_gap=\u00a0\u00bbnone\u00a0\u00bb bg_color=\u00a0\u00bb#E7ECF3&Prime; el_class=\u00a0\u00bbinfo_page page_quiz\u00a0\u00bb][vc_column width=\u00a0\u00bb1\/3&Prime; tablet_width=\u00a0\u00bb1-2&Prime; tablet_sm_width=\u00a0\u00bb1&Prime; mobile_width=\u00a0\u00bb1&Prime; el_class=\u00a0\u00bbright_col col_img\u00a0\u00bb][\/vc_column][vc_column width=\u00a0\u00bb2\/3&Prime; tablet_width=\u00a0\u00bb1-2&Prime; tablet_sm_width=\u00a0\u00bb1&Prime; el_class=\u00a0\u00bbcontent_quiz\u00a0\u00bb][vc_column_text css=\u00a0\u00bb\u00a0\u00bb el_class=\u00a0\u00bbtext\u00a0\u00bb]Tina, 32 ans, est une influenceuse sp\u00e9cialis\u00e9e dans la finance num\u00e9rique et l\u2019investissement responsable. Elle partage quotidiennement ses conseils avec une vaste communaut\u00e9 sur les r\u00e9seaux sociaux. Tina g\u00e8re elle-m\u00eame un portefeuille diversifi\u00e9 : elle investit [&hellip;]<\/p>\n","protected":false},"author":2,"featured_media":0,"parent":2553,"menu_order":0,"comment_status":"closed","ping_status":"closed","template":"","meta":{"inline_featured_image":false,"footnotes":""},"class_list":["post-2559","page","type-page","status-publish","hentry"],"yoast_head":"<!-- This site is optimized with the Yoast SEO plugin v26.9 - https:\/\/yoast.com\/product\/yoast-seo-wordpress\/ -->\n<title>Cryptomonnaies - Notaries of Europe - Exhibition<\/title>\n<meta name=\"robots\" content=\"index, follow, max-snippet:-1, max-image-preview:large, max-video-preview:-1\" \/>\n<link rel=\"canonical\" href=\"https:\/\/www.notariesofeurope-exhibition.eu\/fr\/heritage-numerique\/cryptomonnaies\/\" \/>\n<meta property=\"og:locale\" content=\"fr_FR\" \/>\n<meta property=\"og:type\" content=\"article\" \/>\n<meta property=\"og:title\" content=\"Cryptomonnaies - Notaries of Europe - Exhibition\" \/>\n<meta property=\"og:description\" content=\"[vc_row bg_type=\u00a0\u00bbcolor\u00a0\u00bb padding_top_multiplier=\u00a0\u00bb\u00a0\u00bb padding_bottom_multiplier=\u00a0\u00bb\u00a0\u00bb columns_gap=\u00a0\u00bbnone\u00a0\u00bb bg_color=\u00a0\u00bb#E7ECF3&Prime; el_class=\u00a0\u00bbinfo_page page_quiz\u00a0\u00bb][vc_column width=\u00a0\u00bb1\/3&Prime; tablet_width=\u00a0\u00bb1-2&Prime; tablet_sm_width=\u00a0\u00bb1&Prime; mobile_width=\u00a0\u00bb1&Prime; el_class=\u00a0\u00bbright_col col_img\u00a0\u00bb][\/vc_column][vc_column width=\u00a0\u00bb2\/3&Prime; tablet_width=\u00a0\u00bb1-2&Prime; tablet_sm_width=\u00a0\u00bb1&Prime; el_class=\u00a0\u00bbcontent_quiz\u00a0\u00bb][vc_column_text css=\u00a0\u00bb\u00a0\u00bb el_class=\u00a0\u00bbtext\u00a0\u00bb]Tina, 32 ans, est une influenceuse sp\u00e9cialis\u00e9e dans la finance num\u00e9rique et l\u2019investissement responsable. Elle partage quotidiennement ses conseils avec une vaste communaut\u00e9 sur les r\u00e9seaux sociaux. Tina g\u00e8re elle-m\u00eame un portefeuille diversifi\u00e9 : elle investit [&hellip;]\" \/>\n<meta property=\"og:url\" content=\"https:\/\/www.notariesofeurope-exhibition.eu\/fr\/heritage-numerique\/cryptomonnaies\/\" \/>\n<meta property=\"og:site_name\" content=\"Notaries of Europe - Exhibition\" \/>\n<meta property=\"article:modified_time\" content=\"2026-03-08T15:35:16+00:00\" \/>\n<meta name=\"twitter:card\" content=\"summary_large_image\" \/>\n<meta name=\"twitter:label1\" content=\"Dur\u00e9e de lecture estim\u00e9e\" \/>\n\t<meta name=\"twitter:data1\" content=\"1 minute\" \/>\n<script type=\"application\/ld+json\" class=\"yoast-schema-graph\">{\"@context\":\"https:\/\/schema.org\",\"@graph\":[{\"@type\":\"WebPage\",\"@id\":\"https:\/\/www.notariesofeurope-exhibition.eu\/fr\/heritage-numerique\/cryptomonnaies\/\",\"url\":\"https:\/\/www.notariesofeurope-exhibition.eu\/fr\/heritage-numerique\/cryptomonnaies\/\",\"name\":\"Cryptomonnaies - Notaries of Europe - Exhibition\",\"isPartOf\":{\"@id\":\"https:\/\/www.notariesofeurope-exhibition.eu\/#website\"},\"datePublished\":\"2026-02-18T14:08:41+00:00\",\"dateModified\":\"2026-03-08T15:35:16+00:00\",\"breadcrumb\":{\"@id\":\"https:\/\/www.notariesofeurope-exhibition.eu\/fr\/heritage-numerique\/cryptomonnaies\/#breadcrumb\"},\"inLanguage\":\"fr-FR\",\"potentialAction\":[{\"@type\":\"ReadAction\",\"target\":[\"https:\/\/www.notariesofeurope-exhibition.eu\/fr\/heritage-numerique\/cryptomonnaies\/\"]}]},{\"@type\":\"BreadcrumbList\",\"@id\":\"https:\/\/www.notariesofeurope-exhibition.eu\/fr\/heritage-numerique\/cryptomonnaies\/#breadcrumb\",\"itemListElement\":[{\"@type\":\"ListItem\",\"position\":1,\"name\":\"Accueil\",\"item\":\"https:\/\/www.notariesofeurope-exhibition.eu\/fr\/\"},{\"@type\":\"ListItem\",\"position\":2,\"name\":\"H\u00e9ritage num\u00e9rique\",\"item\":\"https:\/\/www.notariesofeurope-exhibition.eu\/fr\/heritage-numerique\/\"},{\"@type\":\"ListItem\",\"position\":3,\"name\":\"Cryptomonnaies\"}]},{\"@type\":\"WebSite\",\"@id\":\"https:\/\/www.notariesofeurope-exhibition.eu\/#website\",\"url\":\"https:\/\/www.notariesofeurope-exhibition.eu\/\",\"name\":\"Notaries of Europe - Exhibition\",\"description\":\"CNUE\",\"potentialAction\":[{\"@type\":\"SearchAction\",\"target\":{\"@type\":\"EntryPoint\",\"urlTemplate\":\"https:\/\/www.notariesofeurope-exhibition.eu\/?s={search_term_string}\"},\"query-input\":{\"@type\":\"PropertyValueSpecification\",\"valueRequired\":true,\"valueName\":\"search_term_string\"}}],\"inLanguage\":\"fr-FR\"}]}<\/script>\n<!-- \/ Yoast SEO plugin. -->","yoast_head_json":{"title":"Cryptomonnaies - Notaries of Europe - Exhibition","robots":{"index":"index","follow":"follow","max-snippet":"max-snippet:-1","max-image-preview":"max-image-preview:large","max-video-preview":"max-video-preview:-1"},"canonical":"https:\/\/www.notariesofeurope-exhibition.eu\/fr\/heritage-numerique\/cryptomonnaies\/","og_locale":"fr_FR","og_type":"article","og_title":"Cryptomonnaies - Notaries of Europe - Exhibition","og_description":"[vc_row bg_type=\u00a0\u00bbcolor\u00a0\u00bb padding_top_multiplier=\u00a0\u00bb\u00a0\u00bb padding_bottom_multiplier=\u00a0\u00bb\u00a0\u00bb columns_gap=\u00a0\u00bbnone\u00a0\u00bb bg_color=\u00a0\u00bb#E7ECF3&Prime; el_class=\u00a0\u00bbinfo_page page_quiz\u00a0\u00bb][vc_column width=\u00a0\u00bb1\/3&Prime; tablet_width=\u00a0\u00bb1-2&Prime; tablet_sm_width=\u00a0\u00bb1&Prime; mobile_width=\u00a0\u00bb1&Prime; el_class=\u00a0\u00bbright_col col_img\u00a0\u00bb][\/vc_column][vc_column width=\u00a0\u00bb2\/3&Prime; tablet_width=\u00a0\u00bb1-2&Prime; tablet_sm_width=\u00a0\u00bb1&Prime; el_class=\u00a0\u00bbcontent_quiz\u00a0\u00bb][vc_column_text css=\u00a0\u00bb\u00a0\u00bb el_class=\u00a0\u00bbtext\u00a0\u00bb]Tina, 32 ans, est une influenceuse sp\u00e9cialis\u00e9e dans la finance num\u00e9rique et l\u2019investissement responsable. Elle partage quotidiennement ses conseils avec une vaste communaut\u00e9 sur les r\u00e9seaux sociaux. Tina g\u00e8re elle-m\u00eame un portefeuille diversifi\u00e9 : elle investit [&hellip;]","og_url":"https:\/\/www.notariesofeurope-exhibition.eu\/fr\/heritage-numerique\/cryptomonnaies\/","og_site_name":"Notaries of Europe - Exhibition","article_modified_time":"2026-03-08T15:35:16+00:00","twitter_card":"summary_large_image","twitter_misc":{"Dur\u00e9e de lecture estim\u00e9e":"1 minute"},"schema":{"@context":"https:\/\/schema.org","@graph":[{"@type":"WebPage","@id":"https:\/\/www.notariesofeurope-exhibition.eu\/fr\/heritage-numerique\/cryptomonnaies\/","url":"https:\/\/www.notariesofeurope-exhibition.eu\/fr\/heritage-numerique\/cryptomonnaies\/","name":"Cryptomonnaies - Notaries of Europe - Exhibition","isPartOf":{"@id":"https:\/\/www.notariesofeurope-exhibition.eu\/#website"},"datePublished":"2026-02-18T14:08:41+00:00","dateModified":"2026-03-08T15:35:16+00:00","breadcrumb":{"@id":"https:\/\/www.notariesofeurope-exhibition.eu\/fr\/heritage-numerique\/cryptomonnaies\/#breadcrumb"},"inLanguage":"fr-FR","potentialAction":[{"@type":"ReadAction","target":["https:\/\/www.notariesofeurope-exhibition.eu\/fr\/heritage-numerique\/cryptomonnaies\/"]}]},{"@type":"BreadcrumbList","@id":"https:\/\/www.notariesofeurope-exhibition.eu\/fr\/heritage-numerique\/cryptomonnaies\/#breadcrumb","itemListElement":[{"@type":"ListItem","position":1,"name":"Accueil","item":"https:\/\/www.notariesofeurope-exhibition.eu\/fr\/"},{"@type":"ListItem","position":2,"name":"H\u00e9ritage num\u00e9rique","item":"https:\/\/www.notariesofeurope-exhibition.eu\/fr\/heritage-numerique\/"},{"@type":"ListItem","position":3,"name":"Cryptomonnaies"}]},{"@type":"WebSite","@id":"https:\/\/www.notariesofeurope-exhibition.eu\/#website","url":"https:\/\/www.notariesofeurope-exhibition.eu\/","name":"Notaries of Europe - Exhibition","description":"CNUE","potentialAction":[{"@type":"SearchAction","target":{"@type":"EntryPoint","urlTemplate":"https:\/\/www.notariesofeurope-exhibition.eu\/?s={search_term_string}"},"query-input":{"@type":"PropertyValueSpecification","valueRequired":true,"valueName":"search_term_string"}}],"inLanguage":"fr-FR"}]}},"_links":{"self":[{"href":"https:\/\/www.notariesofeurope-exhibition.eu\/fr\/wp-json\/wp\/v2\/pages\/2559","targetHints":{"allow":["GET"]}}],"collection":[{"href":"https:\/\/www.notariesofeurope-exhibition.eu\/fr\/wp-json\/wp\/v2\/pages"}],"about":[{"href":"https:\/\/www.notariesofeurope-exhibition.eu\/fr\/wp-json\/wp\/v2\/types\/page"}],"author":[{"embeddable":true,"href":"https:\/\/www.notariesofeurope-exhibition.eu\/fr\/wp-json\/wp\/v2\/users\/2"}],"replies":[{"embeddable":true,"href":"https:\/\/www.notariesofeurope-exhibition.eu\/fr\/wp-json\/wp\/v2\/comments?post=2559"}],"version-history":[{"count":10,"href":"https:\/\/www.notariesofeurope-exhibition.eu\/fr\/wp-json\/wp\/v2\/pages\/2559\/revisions"}],"predecessor-version":[{"id":2629,"href":"https:\/\/www.notariesofeurope-exhibition.eu\/fr\/wp-json\/wp\/v2\/pages\/2559\/revisions\/2629"}],"up":[{"embeddable":true,"href":"https:\/\/www.notariesofeurope-exhibition.eu\/fr\/wp-json\/wp\/v2\/pages\/2553"}],"wp:attachment":[{"href":"https:\/\/www.notariesofeurope-exhibition.eu\/fr\/wp-json\/wp\/v2\/media?parent=2559"}],"curies":[{"name":"wp","href":"https:\/\/api.w.org\/{rel}","templated":true}]}}