{"id":2570,"date":"2026-02-22T17:50:20","date_gmt":"2026-02-22T15:50:20","guid":{"rendered":"https:\/\/www.notariesofeurope-exhibition.eu\/heritage-numerique\/cryptomonnaies\/play-with-tina\/"},"modified":"2026-03-08T18:03:29","modified_gmt":"2026-03-08T16:03:29","slug":"joue-avec-tina","status":"publish","type":"page","link":"https:\/\/www.notariesofeurope-exhibition.eu\/fr\/heritage-numerique\/cryptomonnaies\/joue-avec-tina\/","title":{"rendered":"Joue avec Tina"},"content":{"rendered":"<div class=\"wpb-content-wrapper\"><p>[vc_row bg_type=\u00a0\u00bbcolor\u00a0\u00bb padding_top_multiplier=\u00a0\u00bb\u00a0\u00bb padding_bottom_multiplier=\u00a0\u00bb\u00a0\u00bb columns_gap=\u00a0\u00bbnone\u00a0\u00bb bg_color=\u00a0\u00bb#E7ECF3&Prime; el_class=\u00a0\u00bbinfo_page page_quiz page_form\u00a0\u00bb][vc_column width=\u00a0\u00bb1\/6&Prime; tablet_width=\u00a0\u00bbhide\u00a0\u00bb][\/vc_column][vc_column width=\u00a0\u00bb2\/3&Prime; tablet_width=\u00a0\u00bb1&Prime; tablet_sm_width=\u00a0\u00bb1&Prime; el_class=\u00a0\u00bbcontent_quiz\u00a0\u00bb][vc_column_text css=\u00a0\u00bb\u00a0\u00bb el_class=\u00a0\u00bbtext custom_form\u00a0\u00bb]<div class=\"frm_forms  with_frm_style frm_style_formidable-style\" id=\"frm_form_7_container\" data-token=\"2bbce9c6344c5a586643ecb40ff2b13f\">\n<form enctype=\"multipart\/form-data\" method=\"post\" class=\"frm-show-form  frm_js_validate  frm_ajax_submit  frm_pro_form \" id=\"form_tina3\" data-token=\"2bbce9c6344c5a586643ecb40ff2b13f\">\n<div class=\"frm_form_fields \">\n<fieldset>\n<legend class=\"frm_screen_reader\">Tina FR<\/legend>\r\n\r\n<div class=\"frm_fields_container\">\n<input type=\"hidden\" name=\"frm_action\" value=\"create\" \/>\n<input type=\"hidden\" name=\"form_id\" value=\"7\" \/>\n<input type=\"hidden\" name=\"frm_hide_fields_7\" id=\"frm_hide_fields_7\" value=\"\" \/>\n<input type=\"hidden\" name=\"form_key\" value=\"tina3\" \/>\n<input type=\"hidden\" name=\"item_meta[0]\" value=\"\" \/>\n<input type=\"hidden\" id=\"frm_submit_entry_7\" name=\"frm_submit_entry_7\" value=\"6dc0a3a126\" \/><input type=\"hidden\" name=\"_wp_http_referer\" value=\"\/fr\/wp-json\/wp\/v2\/pages\/2570\" \/><div id=\"frm_field_55_container\" class=\"frm_form_field form-field  frm_top_container q_1_tina vertical_radio\">\r\n\t<div  id=\"field_3dbly4_label\" class=\"frm_primary_label\">Identifie les cl\u00e9s et informations que Tina doit transmettre pour que ses cryptomonnaies puissent \u00eatre transf\u00e9r\u00e9es \u00e0 son fils.\r\n\t\t<span class=\"frm_required\" aria-hidden=\"true\"><\/span>\r\n\t<\/div>\r\n\t<div class=\"frm_opt_container\" aria-labelledby=\"field_3dbly4_label\" role=\"group\">\t\t<div class=\"frm_checkbox\" id=\"frm_checkbox_55-0\">\t\t\t<label  for=\"field_3dbly4-0\">\n\t\t\t<input type=\"checkbox\" name=\"item_meta[55][]\" id=\"field_3dbly4-0\" value=\"cl\u00e9 publique\"  data-invmsg=\"Identifie les cl\u00e9s et informations que Tina doit transmettre pour que ses cryptomonnaies puissent \u00eatre transf\u00e9r\u00e9es \u00e0 son fils. is invalid\"   \/> cl\u00e9 publique<\/label><\/div>\n\t\t<div class=\"frm_checkbox\" id=\"frm_checkbox_55-1\">\t\t\t<label  for=\"field_3dbly4-1\">\n\t\t\t<input type=\"checkbox\" name=\"item_meta[55][]\" id=\"field_3dbly4-1\" value=\"mot de passe\"  data-invmsg=\"Identifie les cl\u00e9s et informations que Tina doit transmettre pour que ses cryptomonnaies puissent \u00eatre transf\u00e9r\u00e9es \u00e0 son fils. is invalid\"   \/> mot de passe<\/label><\/div>\n\t\t<div class=\"frm_checkbox\" id=\"frm_checkbox_55-2\">\t\t\t<label  for=\"field_3dbly4-2\">\n\t\t\t<input type=\"checkbox\" name=\"item_meta[55][]\" id=\"field_3dbly4-2\" value=\"phrase de r\u00e9cup\u00e9ration\"  data-invmsg=\"Identifie les cl\u00e9s et informations que Tina doit transmettre pour que ses cryptomonnaies puissent \u00eatre transf\u00e9r\u00e9es \u00e0 son fils. is invalid\"   \/> phrase de r\u00e9cup\u00e9ration<\/label><\/div>\n\t\t<div class=\"frm_checkbox\" id=\"frm_checkbox_55-3\">\t\t\t<label  for=\"field_3dbly4-3\">\n\t\t\t<input type=\"checkbox\" name=\"item_meta[55][]\" id=\"field_3dbly4-3\" value=\"nom d\u2019utilisateur\"  data-invmsg=\"Identifie les cl\u00e9s et informations que Tina doit transmettre pour que ses cryptomonnaies puissent \u00eatre transf\u00e9r\u00e9es \u00e0 son fils. is invalid\"   \/> nom d\u2019utilisateur<\/label><\/div>\n\t\t<div class=\"frm_checkbox\" id=\"frm_checkbox_55-4\">\t\t\t<label  for=\"field_3dbly4-4\">\n\t\t\t<input type=\"checkbox\" name=\"item_meta[55][]\" id=\"field_3dbly4-4\" value=\"code PIN\"  data-invmsg=\"Identifie les cl\u00e9s et informations que Tina doit transmettre pour que ses cryptomonnaies puissent \u00eatre transf\u00e9r\u00e9es \u00e0 son fils. is invalid\"   \/> code PIN<\/label><\/div>\n\t\t<div class=\"frm_checkbox\" id=\"frm_checkbox_55-5\">\t\t\t<label  for=\"field_3dbly4-5\">\n\t\t\t<input type=\"checkbox\" name=\"item_meta[55][]\" id=\"field_3dbly4-5\" value=\"adresse e-mail\"  data-invmsg=\"Identifie les cl\u00e9s et informations que Tina doit transmettre pour que ses cryptomonnaies puissent \u00eatre transf\u00e9r\u00e9es \u00e0 son fils. is invalid\"   \/> adresse e-mail<\/label><\/div>\n<\/div>\r\n\t\r\n\t\r\n<\/div>\n<div id=\"frm_field_56_container\" class=\"frm_form_field form-field  btn_next_solo\">\r\n\t<div class=\"frm_submit frm_flex\">\r\n<button class=\"frm_button_submit frm_final_submit\" type=\"submit\"  >Suivant<\/button>\r\n\r\n\r\n\r\n<\/div>\r\n<\/div>\n\t<input type=\"hidden\" name=\"item_key\" value=\"\" \/>\n\t\t\t<div id=\"frm_field_157_container\">\n\t\t\t<label for=\"field_g4qgh\" >\n\t\t\t\tSi vous \u00eates un humain, ne remplissez pas ce champ.\t\t\t<\/label>\n\t\t\t<input  id=\"field_g4qgh\" type=\"text\" class=\"frm_form_field form-field frm_verify\" name=\"item_meta[157]\" value=\"\"  \/>\n\t\t<\/div>\n\t\t<input name=\"frm_state\" type=\"hidden\" value=\"uUDIrnYOOK4K3iCvhcDxwfsBzp6VGoLOedPYe7OFEOfBcF9HTrx0fKemAp3zGsdF\" \/><\/div>\n<\/fieldset>\n<\/div>\n\n<\/form>\n<\/div>\n[\/vc_column_text][\/vc_column][vc_column width=\u00a0\u00bb1\/6&Prime; tablet_width=\u00a0\u00bbhide\u00a0\u00bb][\/vc_column][\/vc_row][vc_row bg_type=\u00a0\u00bbcolor\u00a0\u00bb el_class=\u00a0\u00bbchange_img_character\u00a0\u00bb bg_color=\u00a0\u00bb#E7ECF4&Prime;][vc_column]<div class=\"grve-element grve-image grve-align-center\" style=\"\">  <div class=\"grve-image-wrapper\"><a href=\"https:\/\/www.notariesofeurope-exhibition.eu\/fr\/heritage-numerique\/\" title=\"Change character\"><img loading=\"lazy\" decoding=\"async\" width=\"1\" height=\"1\" src=\"https:\/\/www.notariesofeurope-exhibition.eu\/wp-content\/uploads\/2026\/02\/tina.svg\" class=\"attachment-full size-full\" alt=\"\" \/><\/a>   <\/div><\/div><div class=\"grve-element grve-align-left cta_quiz_character_fr\"><a href=\"https:\/\/www.notariesofeurope-exhibition.eu\/fr\/heritage-numerique\/\" title=\"Changer de personnage\" class=\"grve-btn grve-btn-medium grve-square grve-bg-primary-1 grve-bg-hover-black\"><span>Changer de personnage<\/span><\/a><\/div>[\/vc_column][\/vc_row]<\/p>\n<\/div>","protected":false},"excerpt":{"rendered":"<p>[vc_row bg_type=\u00a0\u00bbcolor\u00a0\u00bb padding_top_multiplier=\u00a0\u00bb\u00a0\u00bb padding_bottom_multiplier=\u00a0\u00bb\u00a0\u00bb columns_gap=\u00a0\u00bbnone\u00a0\u00bb bg_color=\u00a0\u00bb#E7ECF3&Prime; el_class=\u00a0\u00bbinfo_page page_quiz page_form\u00a0\u00bb][vc_column width=\u00a0\u00bb1\/6&Prime; tablet_width=\u00a0\u00bbhide\u00a0\u00bb][\/vc_column][vc_column width=\u00a0\u00bb2\/3&Prime; tablet_width=\u00a0\u00bb1&Prime; tablet_sm_width=\u00a0\u00bb1&Prime; el_class=\u00a0\u00bbcontent_quiz\u00a0\u00bb][vc_column_text css=\u00a0\u00bb\u00a0\u00bb el_class=\u00a0\u00bbtext custom_form\u00a0\u00bb][\/vc_column_text][\/vc_column][vc_column width=\u00a0\u00bb1\/6&Prime; tablet_width=\u00a0\u00bbhide\u00a0\u00bb][\/vc_column][\/vc_row][vc_row bg_type=\u00a0\u00bbcolor\u00a0\u00bb el_class=\u00a0\u00bbchange_img_character\u00a0\u00bb bg_color=\u00a0\u00bb#E7ECF4&Prime;][vc_column][\/vc_column][\/vc_row]<\/p>\n","protected":false},"author":2,"featured_media":0,"parent":2559,"menu_order":0,"comment_status":"closed","ping_status":"closed","template":"","meta":{"inline_featured_image":false,"footnotes":""},"class_list":["post-2570","page","type-page","status-publish","hentry"],"yoast_head":"<!-- This site is optimized with the Yoast SEO plugin v26.9 - https:\/\/yoast.com\/product\/yoast-seo-wordpress\/ -->\n<title>Joue avec Tina - Notaries of Europe - Exhibition<\/title>\n<meta name=\"robots\" content=\"index, follow, max-snippet:-1, max-image-preview:large, max-video-preview:-1\" \/>\n<link rel=\"canonical\" href=\"https:\/\/www.notariesofeurope-exhibition.eu\/fr\/heritage-numerique\/cryptomonnaies\/joue-avec-tina\/\" \/>\n<meta property=\"og:locale\" content=\"fr_FR\" \/>\n<meta property=\"og:type\" content=\"article\" \/>\n<meta property=\"og:title\" content=\"Joue avec Tina - Notaries of Europe - Exhibition\" \/>\n<meta property=\"og:description\" content=\"[vc_row bg_type=\u00a0\u00bbcolor\u00a0\u00bb padding_top_multiplier=\u00a0\u00bb\u00a0\u00bb padding_bottom_multiplier=\u00a0\u00bb\u00a0\u00bb columns_gap=\u00a0\u00bbnone\u00a0\u00bb bg_color=\u00a0\u00bb#E7ECF3&Prime; el_class=\u00a0\u00bbinfo_page page_quiz page_form\u00a0\u00bb][vc_column width=\u00a0\u00bb1\/6&Prime; tablet_width=\u00a0\u00bbhide\u00a0\u00bb][\/vc_column][vc_column width=\u00a0\u00bb2\/3&Prime; tablet_width=\u00a0\u00bb1&Prime; tablet_sm_width=\u00a0\u00bb1&Prime; el_class=\u00a0\u00bbcontent_quiz\u00a0\u00bb][vc_column_text css=\u00a0\u00bb\u00a0\u00bb el_class=\u00a0\u00bbtext custom_form\u00a0\u00bb][\/vc_column_text][\/vc_column][vc_column width=\u00a0\u00bb1\/6&Prime; tablet_width=\u00a0\u00bbhide\u00a0\u00bb][\/vc_column][\/vc_row][vc_row bg_type=\u00a0\u00bbcolor\u00a0\u00bb el_class=\u00a0\u00bbchange_img_character\u00a0\u00bb bg_color=\u00a0\u00bb#E7ECF4&Prime;][vc_column][\/vc_column][\/vc_row]\" \/>\n<meta property=\"og:url\" content=\"https:\/\/www.notariesofeurope-exhibition.eu\/fr\/heritage-numerique\/cryptomonnaies\/joue-avec-tina\/\" \/>\n<meta property=\"og:site_name\" content=\"Notaries of Europe - Exhibition\" \/>\n<meta property=\"article:modified_time\" content=\"2026-03-08T16:03:29+00:00\" \/>\n<meta name=\"twitter:card\" content=\"summary_large_image\" \/>\n<meta name=\"twitter:label1\" content=\"Dur\u00e9e de lecture estim\u00e9e\" \/>\n\t<meta name=\"twitter:data1\" content=\"1 minute\" \/>\n<script type=\"application\/ld+json\" class=\"yoast-schema-graph\">{\"@context\":\"https:\/\/schema.org\",\"@graph\":[{\"@type\":\"WebPage\",\"@id\":\"https:\/\/www.notariesofeurope-exhibition.eu\/fr\/heritage-numerique\/cryptomonnaies\/joue-avec-tina\/\",\"url\":\"https:\/\/www.notariesofeurope-exhibition.eu\/fr\/heritage-numerique\/cryptomonnaies\/joue-avec-tina\/\",\"name\":\"Joue avec Tina - Notaries of Europe - Exhibition\",\"isPartOf\":{\"@id\":\"https:\/\/www.notariesofeurope-exhibition.eu\/#website\"},\"datePublished\":\"2026-02-22T15:50:20+00:00\",\"dateModified\":\"2026-03-08T16:03:29+00:00\",\"breadcrumb\":{\"@id\":\"https:\/\/www.notariesofeurope-exhibition.eu\/fr\/heritage-numerique\/cryptomonnaies\/joue-avec-tina\/#breadcrumb\"},\"inLanguage\":\"fr-FR\",\"potentialAction\":[{\"@type\":\"ReadAction\",\"target\":[\"https:\/\/www.notariesofeurope-exhibition.eu\/fr\/heritage-numerique\/cryptomonnaies\/joue-avec-tina\/\"]}]},{\"@type\":\"BreadcrumbList\",\"@id\":\"https:\/\/www.notariesofeurope-exhibition.eu\/fr\/heritage-numerique\/cryptomonnaies\/joue-avec-tina\/#breadcrumb\",\"itemListElement\":[{\"@type\":\"ListItem\",\"position\":1,\"name\":\"Accueil\",\"item\":\"https:\/\/www.notariesofeurope-exhibition.eu\/fr\/\"},{\"@type\":\"ListItem\",\"position\":2,\"name\":\"H\u00e9ritage num\u00e9rique\",\"item\":\"https:\/\/www.notariesofeurope-exhibition.eu\/fr\/heritage-numerique\/\"},{\"@type\":\"ListItem\",\"position\":3,\"name\":\"Cryptomonnaies\",\"item\":\"https:\/\/www.notariesofeurope-exhibition.eu\/fr\/heritage-numerique\/cryptomonnaies\/\"},{\"@type\":\"ListItem\",\"position\":4,\"name\":\"Joue avec Tina\"}]},{\"@type\":\"WebSite\",\"@id\":\"https:\/\/www.notariesofeurope-exhibition.eu\/#website\",\"url\":\"https:\/\/www.notariesofeurope-exhibition.eu\/\",\"name\":\"Notaries of Europe - Exhibition\",\"description\":\"CNUE\",\"potentialAction\":[{\"@type\":\"SearchAction\",\"target\":{\"@type\":\"EntryPoint\",\"urlTemplate\":\"https:\/\/www.notariesofeurope-exhibition.eu\/?s={search_term_string}\"},\"query-input\":{\"@type\":\"PropertyValueSpecification\",\"valueRequired\":true,\"valueName\":\"search_term_string\"}}],\"inLanguage\":\"fr-FR\"}]}<\/script>\n<!-- \/ Yoast SEO plugin. -->","yoast_head_json":{"title":"Joue avec Tina - Notaries of Europe - Exhibition","robots":{"index":"index","follow":"follow","max-snippet":"max-snippet:-1","max-image-preview":"max-image-preview:large","max-video-preview":"max-video-preview:-1"},"canonical":"https:\/\/www.notariesofeurope-exhibition.eu\/fr\/heritage-numerique\/cryptomonnaies\/joue-avec-tina\/","og_locale":"fr_FR","og_type":"article","og_title":"Joue avec Tina - Notaries of Europe - Exhibition","og_description":"[vc_row bg_type=\u00a0\u00bbcolor\u00a0\u00bb padding_top_multiplier=\u00a0\u00bb\u00a0\u00bb padding_bottom_multiplier=\u00a0\u00bb\u00a0\u00bb columns_gap=\u00a0\u00bbnone\u00a0\u00bb bg_color=\u00a0\u00bb#E7ECF3&Prime; el_class=\u00a0\u00bbinfo_page page_quiz page_form\u00a0\u00bb][vc_column width=\u00a0\u00bb1\/6&Prime; tablet_width=\u00a0\u00bbhide\u00a0\u00bb][\/vc_column][vc_column width=\u00a0\u00bb2\/3&Prime; tablet_width=\u00a0\u00bb1&Prime; tablet_sm_width=\u00a0\u00bb1&Prime; el_class=\u00a0\u00bbcontent_quiz\u00a0\u00bb][vc_column_text css=\u00a0\u00bb\u00a0\u00bb el_class=\u00a0\u00bbtext custom_form\u00a0\u00bb][\/vc_column_text][\/vc_column][vc_column width=\u00a0\u00bb1\/6&Prime; tablet_width=\u00a0\u00bbhide\u00a0\u00bb][\/vc_column][\/vc_row][vc_row bg_type=\u00a0\u00bbcolor\u00a0\u00bb el_class=\u00a0\u00bbchange_img_character\u00a0\u00bb bg_color=\u00a0\u00bb#E7ECF4&Prime;][vc_column][\/vc_column][\/vc_row]","og_url":"https:\/\/www.notariesofeurope-exhibition.eu\/fr\/heritage-numerique\/cryptomonnaies\/joue-avec-tina\/","og_site_name":"Notaries of Europe - Exhibition","article_modified_time":"2026-03-08T16:03:29+00:00","twitter_card":"summary_large_image","twitter_misc":{"Dur\u00e9e de lecture estim\u00e9e":"1 minute"},"schema":{"@context":"https:\/\/schema.org","@graph":[{"@type":"WebPage","@id":"https:\/\/www.notariesofeurope-exhibition.eu\/fr\/heritage-numerique\/cryptomonnaies\/joue-avec-tina\/","url":"https:\/\/www.notariesofeurope-exhibition.eu\/fr\/heritage-numerique\/cryptomonnaies\/joue-avec-tina\/","name":"Joue avec Tina - Notaries of Europe - Exhibition","isPartOf":{"@id":"https:\/\/www.notariesofeurope-exhibition.eu\/#website"},"datePublished":"2026-02-22T15:50:20+00:00","dateModified":"2026-03-08T16:03:29+00:00","breadcrumb":{"@id":"https:\/\/www.notariesofeurope-exhibition.eu\/fr\/heritage-numerique\/cryptomonnaies\/joue-avec-tina\/#breadcrumb"},"inLanguage":"fr-FR","potentialAction":[{"@type":"ReadAction","target":["https:\/\/www.notariesofeurope-exhibition.eu\/fr\/heritage-numerique\/cryptomonnaies\/joue-avec-tina\/"]}]},{"@type":"BreadcrumbList","@id":"https:\/\/www.notariesofeurope-exhibition.eu\/fr\/heritage-numerique\/cryptomonnaies\/joue-avec-tina\/#breadcrumb","itemListElement":[{"@type":"ListItem","position":1,"name":"Accueil","item":"https:\/\/www.notariesofeurope-exhibition.eu\/fr\/"},{"@type":"ListItem","position":2,"name":"H\u00e9ritage num\u00e9rique","item":"https:\/\/www.notariesofeurope-exhibition.eu\/fr\/heritage-numerique\/"},{"@type":"ListItem","position":3,"name":"Cryptomonnaies","item":"https:\/\/www.notariesofeurope-exhibition.eu\/fr\/heritage-numerique\/cryptomonnaies\/"},{"@type":"ListItem","position":4,"name":"Joue avec Tina"}]},{"@type":"WebSite","@id":"https:\/\/www.notariesofeurope-exhibition.eu\/#website","url":"https:\/\/www.notariesofeurope-exhibition.eu\/","name":"Notaries of Europe - Exhibition","description":"CNUE","potentialAction":[{"@type":"SearchAction","target":{"@type":"EntryPoint","urlTemplate":"https:\/\/www.notariesofeurope-exhibition.eu\/?s={search_term_string}"},"query-input":{"@type":"PropertyValueSpecification","valueRequired":true,"valueName":"search_term_string"}}],"inLanguage":"fr-FR"}]}},"_links":{"self":[{"href":"https:\/\/www.notariesofeurope-exhibition.eu\/fr\/wp-json\/wp\/v2\/pages\/2570","targetHints":{"allow":["GET"]}}],"collection":[{"href":"https:\/\/www.notariesofeurope-exhibition.eu\/fr\/wp-json\/wp\/v2\/pages"}],"about":[{"href":"https:\/\/www.notariesofeurope-exhibition.eu\/fr\/wp-json\/wp\/v2\/types\/page"}],"author":[{"embeddable":true,"href":"https:\/\/www.notariesofeurope-exhibition.eu\/fr\/wp-json\/wp\/v2\/users\/2"}],"replies":[{"embeddable":true,"href":"https:\/\/www.notariesofeurope-exhibition.eu\/fr\/wp-json\/wp\/v2\/comments?post=2570"}],"version-history":[{"count":5,"href":"https:\/\/www.notariesofeurope-exhibition.eu\/fr\/wp-json\/wp\/v2\/pages\/2570\/revisions"}],"predecessor-version":[{"id":2678,"href":"https:\/\/www.notariesofeurope-exhibition.eu\/fr\/wp-json\/wp\/v2\/pages\/2570\/revisions\/2678"}],"up":[{"embeddable":true,"href":"https:\/\/www.notariesofeurope-exhibition.eu\/fr\/wp-json\/wp\/v2\/pages\/2559"}],"wp:attachment":[{"href":"https:\/\/www.notariesofeurope-exhibition.eu\/fr\/wp-json\/wp\/v2\/media?parent=2570"}],"curies":[{"name":"wp","href":"https:\/\/api.w.org\/{rel}","templated":true}]}}