{"id":2592,"date":"2026-03-08T16:04:21","date_gmt":"2026-03-08T14:04:21","guid":{"rendered":"https:\/\/www.notariesofeurope-exhibition.eu\/heritage-numerique\/ensuring-continuity-of-online-presence\/"},"modified":"2026-03-08T17:24:16","modified_gmt":"2026-03-08T15:24:16","slug":"assurer-la-continuite-de-sa-presence-en-ligne","status":"publish","type":"page","link":"https:\/\/www.notariesofeurope-exhibition.eu\/fr\/heritage-numerique\/assurer-la-continuite-de-sa-presence-en-ligne\/","title":{"rendered":"Assurer la continuit\u00e9 de sa pr\u00e9sence en ligne"},"content":{"rendered":"<div class=\"wpb-content-wrapper\"><p>[vc_row bg_type=\u00a0\u00bbcolor\u00a0\u00bb padding_top_multiplier=\u00a0\u00bb\u00a0\u00bb padding_bottom_multiplier=\u00a0\u00bb\u00a0\u00bb columns_gap=\u00a0\u00bbnone\u00a0\u00bb bg_color=\u00a0\u00bb#E7ECF3&Prime; el_class=\u00a0\u00bbinfo_page page_quiz\u00a0\u00bb][vc_column width=\u00a0\u00bb1\/3&Prime; tablet_width=\u00a0\u00bb1-2&Prime; tablet_sm_width=\u00a0\u00bb1&Prime; mobile_width=\u00a0\u00bb1&Prime; el_class=\u00a0\u00bbright_col col_img\u00a0\u00bb]<div class=\"grve-element grve-image img_quiz grve-align-left\" style=\"\">  <div class=\"grve-image-wrapper\"><img loading=\"lazy\" decoding=\"async\" width=\"1\" height=\"1\" src=\"https:\/\/www.notariesofeurope-exhibition.eu\/wp-content\/uploads\/2026\/02\/amy.svg\" class=\"attachment-full size-full\" alt=\"\" \/>   <\/div><\/div>[\/vc_column][vc_column width=\u00a0\u00bb2\/3&Prime; tablet_width=\u00a0\u00bb1-2&Prime; tablet_sm_width=\u00a0\u00bb1&Prime; el_class=\u00a0\u00bbcontent_quiz\u00a0\u00bb]<div class=\"grve-element grve-align-left cta_back\"><a href=\"https:\/\/www.notariesofeurope-exhibition.eu\/fr\/heritage-numerique\/\" title=\"Retour\" class=\"grve-btn grve-btn-medium grve-square grve-bg-primary-1 grve-bg-hover-black\"><span>Retour<\/span><\/a><\/div><h1 class=\"grve-element grve-title grve-align-left grve-h1 title_theme\" style=\"\"><span>Assurer la continuit\u00e9 de sa pr\u00e9sence en ligne<\/span><\/h1><div class=\"grve-element grve-title grve-align-left grve-h1 title_quiz\" style=\"\"><span>Joue avec Amy !<\/span><\/div>[vc_column_text css=\u00a0\u00bb\u00a0\u00bb el_class=\u00a0\u00bbtext\u00a0\u00bb]Amy, 28 ans, est une cr\u00e9atrice de contenu tr\u00e8s active sur les r\u00e9seaux sociaux. Au fil des ann\u00e9es, elle a su f\u00e9d\u00e9rer une v\u00e9ritable communaut\u00e9 de followers, partageant quotidiennement ses passions, ses conseils et des moments de vie.<\/p>\n<p>Ses comptes en ligne sont devenus une part essentielle de son identit\u00e9 et de son activit\u00e9 professionnelle : elle y diffuse des contenus exclusifs, interagit avec ses abonn\u00e9s et tire une partie de ses revenus de partenariats et de publicit\u00e9s.<\/p>\n<p>Consciente de l\u2019importance de sa pr\u00e9sence num\u00e9rique, Amy souhaite que ses profils continuent d\u2019exister et que sa communaut\u00e9 puisse lui survivre, m\u00eame apr\u00e8s son d\u00e9c\u00e8s.<\/p>\n<p><strong>Mais comment Amy peut-elle organiser la transmission et la p\u00e9rennit\u00e9 de ses comptes et contenus en ligne ? Quelles d\u00e9marches doit-elle entreprendre pour que ses proches puissent g\u00e9rer son h\u00e9ritage num\u00e9rique selon ses volont\u00e9s ?<\/strong>[\/vc_column_text]<div class=\"grve-element grve-align-left cta_play_fr\"><a href=\"https:\/\/www.notariesofeurope-exhibition.eu\/fr\/heritage-numerique\/assurer-la-continuite-de-sa-presence-en-ligne\/joue-avec-amy\" title=\"Jouer\" class=\"grve-btn grve-btn-medium grve-square grve-bg-primary-1 grve-bg-hover-black\"><span>Jouer<\/span><\/a><\/div>[\/vc_column][\/vc_row]<\/p>\n<\/div>","protected":false},"excerpt":{"rendered":"<p>[vc_row bg_type=\u00a0\u00bbcolor\u00a0\u00bb padding_top_multiplier=\u00a0\u00bb\u00a0\u00bb padding_bottom_multiplier=\u00a0\u00bb\u00a0\u00bb columns_gap=\u00a0\u00bbnone\u00a0\u00bb bg_color=\u00a0\u00bb#E7ECF3&Prime; el_class=\u00a0\u00bbinfo_page page_quiz\u00a0\u00bb][vc_column width=\u00a0\u00bb1\/3&Prime; tablet_width=\u00a0\u00bb1-2&Prime; tablet_sm_width=\u00a0\u00bb1&Prime; mobile_width=\u00a0\u00bb1&Prime; el_class=\u00a0\u00bbright_col col_img\u00a0\u00bb][\/vc_column][vc_column width=\u00a0\u00bb2\/3&Prime; tablet_width=\u00a0\u00bb1-2&Prime; tablet_sm_width=\u00a0\u00bb1&Prime; el_class=\u00a0\u00bbcontent_quiz\u00a0\u00bb][vc_column_text css=\u00a0\u00bb\u00a0\u00bb el_class=\u00a0\u00bbtext\u00a0\u00bb]Amy, 28 ans, est une cr\u00e9atrice de contenu tr\u00e8s active sur les r\u00e9seaux sociaux. Au fil des ann\u00e9es, elle a su f\u00e9d\u00e9rer une v\u00e9ritable communaut\u00e9 de followers, partageant quotidiennement ses passions, ses conseils et des moments [&hellip;]<\/p>\n","protected":false},"author":2,"featured_media":0,"parent":2553,"menu_order":0,"comment_status":"closed","ping_status":"closed","template":"","meta":{"inline_featured_image":false,"footnotes":""},"class_list":["post-2592","page","type-page","status-publish","hentry"],"yoast_head":"<!-- This site is optimized with the Yoast SEO plugin v26.9 - https:\/\/yoast.com\/product\/yoast-seo-wordpress\/ -->\n<title>Assurer la continuit\u00e9 de sa pr\u00e9sence en ligne - Notaries of Europe - Exhibition<\/title>\n<meta name=\"robots\" content=\"index, follow, max-snippet:-1, max-image-preview:large, max-video-preview:-1\" \/>\n<link rel=\"canonical\" href=\"https:\/\/www.notariesofeurope-exhibition.eu\/fr\/heritage-numerique\/assurer-la-continuite-de-sa-presence-en-ligne\/\" \/>\n<meta property=\"og:locale\" content=\"fr_FR\" \/>\n<meta property=\"og:type\" content=\"article\" \/>\n<meta property=\"og:title\" content=\"Assurer la continuit\u00e9 de sa pr\u00e9sence en ligne - Notaries of Europe - Exhibition\" \/>\n<meta property=\"og:description\" content=\"[vc_row bg_type=\u00a0\u00bbcolor\u00a0\u00bb padding_top_multiplier=\u00a0\u00bb\u00a0\u00bb padding_bottom_multiplier=\u00a0\u00bb\u00a0\u00bb columns_gap=\u00a0\u00bbnone\u00a0\u00bb bg_color=\u00a0\u00bb#E7ECF3&Prime; el_class=\u00a0\u00bbinfo_page page_quiz\u00a0\u00bb][vc_column width=\u00a0\u00bb1\/3&Prime; tablet_width=\u00a0\u00bb1-2&Prime; tablet_sm_width=\u00a0\u00bb1&Prime; mobile_width=\u00a0\u00bb1&Prime; el_class=\u00a0\u00bbright_col col_img\u00a0\u00bb][\/vc_column][vc_column width=\u00a0\u00bb2\/3&Prime; tablet_width=\u00a0\u00bb1-2&Prime; tablet_sm_width=\u00a0\u00bb1&Prime; el_class=\u00a0\u00bbcontent_quiz\u00a0\u00bb][vc_column_text css=\u00a0\u00bb\u00a0\u00bb el_class=\u00a0\u00bbtext\u00a0\u00bb]Amy, 28 ans, est une cr\u00e9atrice de contenu tr\u00e8s active sur les r\u00e9seaux sociaux. Au fil des ann\u00e9es, elle a su f\u00e9d\u00e9rer une v\u00e9ritable communaut\u00e9 de followers, partageant quotidiennement ses passions, ses conseils et des moments [&hellip;]\" \/>\n<meta property=\"og:url\" content=\"https:\/\/www.notariesofeurope-exhibition.eu\/fr\/heritage-numerique\/assurer-la-continuite-de-sa-presence-en-ligne\/\" \/>\n<meta property=\"og:site_name\" content=\"Notaries of Europe - Exhibition\" \/>\n<meta property=\"article:modified_time\" content=\"2026-03-08T15:24:16+00:00\" \/>\n<meta name=\"twitter:card\" content=\"summary_large_image\" \/>\n<meta name=\"twitter:label1\" content=\"Dur\u00e9e de lecture estim\u00e9e\" \/>\n\t<meta name=\"twitter:data1\" content=\"1 minute\" \/>\n<script type=\"application\/ld+json\" class=\"yoast-schema-graph\">{\"@context\":\"https:\/\/schema.org\",\"@graph\":[{\"@type\":\"WebPage\",\"@id\":\"https:\/\/www.notariesofeurope-exhibition.eu\/fr\/heritage-numerique\/assurer-la-continuite-de-sa-presence-en-ligne\/\",\"url\":\"https:\/\/www.notariesofeurope-exhibition.eu\/fr\/heritage-numerique\/assurer-la-continuite-de-sa-presence-en-ligne\/\",\"name\":\"Assurer la continuit\u00e9 de sa pr\u00e9sence en ligne - Notaries of Europe - Exhibition\",\"isPartOf\":{\"@id\":\"https:\/\/www.notariesofeurope-exhibition.eu\/#website\"},\"datePublished\":\"2026-03-08T14:04:21+00:00\",\"dateModified\":\"2026-03-08T15:24:16+00:00\",\"breadcrumb\":{\"@id\":\"https:\/\/www.notariesofeurope-exhibition.eu\/fr\/heritage-numerique\/assurer-la-continuite-de-sa-presence-en-ligne\/#breadcrumb\"},\"inLanguage\":\"fr-FR\",\"potentialAction\":[{\"@type\":\"ReadAction\",\"target\":[\"https:\/\/www.notariesofeurope-exhibition.eu\/fr\/heritage-numerique\/assurer-la-continuite-de-sa-presence-en-ligne\/\"]}]},{\"@type\":\"BreadcrumbList\",\"@id\":\"https:\/\/www.notariesofeurope-exhibition.eu\/fr\/heritage-numerique\/assurer-la-continuite-de-sa-presence-en-ligne\/#breadcrumb\",\"itemListElement\":[{\"@type\":\"ListItem\",\"position\":1,\"name\":\"Accueil\",\"item\":\"https:\/\/www.notariesofeurope-exhibition.eu\/fr\/\"},{\"@type\":\"ListItem\",\"position\":2,\"name\":\"H\u00e9ritage num\u00e9rique\",\"item\":\"https:\/\/www.notariesofeurope-exhibition.eu\/fr\/heritage-numerique\/\"},{\"@type\":\"ListItem\",\"position\":3,\"name\":\"Assurer la continuit\u00e9 de sa pr\u00e9sence en ligne\"}]},{\"@type\":\"WebSite\",\"@id\":\"https:\/\/www.notariesofeurope-exhibition.eu\/#website\",\"url\":\"https:\/\/www.notariesofeurope-exhibition.eu\/\",\"name\":\"Notaries of Europe - Exhibition\",\"description\":\"CNUE\",\"potentialAction\":[{\"@type\":\"SearchAction\",\"target\":{\"@type\":\"EntryPoint\",\"urlTemplate\":\"https:\/\/www.notariesofeurope-exhibition.eu\/?s={search_term_string}\"},\"query-input\":{\"@type\":\"PropertyValueSpecification\",\"valueRequired\":true,\"valueName\":\"search_term_string\"}}],\"inLanguage\":\"fr-FR\"}]}<\/script>\n<!-- \/ Yoast SEO plugin. -->","yoast_head_json":{"title":"Assurer la continuit\u00e9 de sa pr\u00e9sence en ligne - Notaries of Europe - Exhibition","robots":{"index":"index","follow":"follow","max-snippet":"max-snippet:-1","max-image-preview":"max-image-preview:large","max-video-preview":"max-video-preview:-1"},"canonical":"https:\/\/www.notariesofeurope-exhibition.eu\/fr\/heritage-numerique\/assurer-la-continuite-de-sa-presence-en-ligne\/","og_locale":"fr_FR","og_type":"article","og_title":"Assurer la continuit\u00e9 de sa pr\u00e9sence en ligne - Notaries of Europe - Exhibition","og_description":"[vc_row bg_type=\u00a0\u00bbcolor\u00a0\u00bb padding_top_multiplier=\u00a0\u00bb\u00a0\u00bb padding_bottom_multiplier=\u00a0\u00bb\u00a0\u00bb columns_gap=\u00a0\u00bbnone\u00a0\u00bb bg_color=\u00a0\u00bb#E7ECF3&Prime; el_class=\u00a0\u00bbinfo_page page_quiz\u00a0\u00bb][vc_column width=\u00a0\u00bb1\/3&Prime; tablet_width=\u00a0\u00bb1-2&Prime; tablet_sm_width=\u00a0\u00bb1&Prime; mobile_width=\u00a0\u00bb1&Prime; el_class=\u00a0\u00bbright_col col_img\u00a0\u00bb][\/vc_column][vc_column width=\u00a0\u00bb2\/3&Prime; tablet_width=\u00a0\u00bb1-2&Prime; tablet_sm_width=\u00a0\u00bb1&Prime; el_class=\u00a0\u00bbcontent_quiz\u00a0\u00bb][vc_column_text css=\u00a0\u00bb\u00a0\u00bb el_class=\u00a0\u00bbtext\u00a0\u00bb]Amy, 28 ans, est une cr\u00e9atrice de contenu tr\u00e8s active sur les r\u00e9seaux sociaux. Au fil des ann\u00e9es, elle a su f\u00e9d\u00e9rer une v\u00e9ritable communaut\u00e9 de followers, partageant quotidiennement ses passions, ses conseils et des moments [&hellip;]","og_url":"https:\/\/www.notariesofeurope-exhibition.eu\/fr\/heritage-numerique\/assurer-la-continuite-de-sa-presence-en-ligne\/","og_site_name":"Notaries of Europe - Exhibition","article_modified_time":"2026-03-08T15:24:16+00:00","twitter_card":"summary_large_image","twitter_misc":{"Dur\u00e9e de lecture estim\u00e9e":"1 minute"},"schema":{"@context":"https:\/\/schema.org","@graph":[{"@type":"WebPage","@id":"https:\/\/www.notariesofeurope-exhibition.eu\/fr\/heritage-numerique\/assurer-la-continuite-de-sa-presence-en-ligne\/","url":"https:\/\/www.notariesofeurope-exhibition.eu\/fr\/heritage-numerique\/assurer-la-continuite-de-sa-presence-en-ligne\/","name":"Assurer la continuit\u00e9 de sa pr\u00e9sence en ligne - Notaries of Europe - Exhibition","isPartOf":{"@id":"https:\/\/www.notariesofeurope-exhibition.eu\/#website"},"datePublished":"2026-03-08T14:04:21+00:00","dateModified":"2026-03-08T15:24:16+00:00","breadcrumb":{"@id":"https:\/\/www.notariesofeurope-exhibition.eu\/fr\/heritage-numerique\/assurer-la-continuite-de-sa-presence-en-ligne\/#breadcrumb"},"inLanguage":"fr-FR","potentialAction":[{"@type":"ReadAction","target":["https:\/\/www.notariesofeurope-exhibition.eu\/fr\/heritage-numerique\/assurer-la-continuite-de-sa-presence-en-ligne\/"]}]},{"@type":"BreadcrumbList","@id":"https:\/\/www.notariesofeurope-exhibition.eu\/fr\/heritage-numerique\/assurer-la-continuite-de-sa-presence-en-ligne\/#breadcrumb","itemListElement":[{"@type":"ListItem","position":1,"name":"Accueil","item":"https:\/\/www.notariesofeurope-exhibition.eu\/fr\/"},{"@type":"ListItem","position":2,"name":"H\u00e9ritage num\u00e9rique","item":"https:\/\/www.notariesofeurope-exhibition.eu\/fr\/heritage-numerique\/"},{"@type":"ListItem","position":3,"name":"Assurer la continuit\u00e9 de sa pr\u00e9sence en ligne"}]},{"@type":"WebSite","@id":"https:\/\/www.notariesofeurope-exhibition.eu\/#website","url":"https:\/\/www.notariesofeurope-exhibition.eu\/","name":"Notaries of Europe - Exhibition","description":"CNUE","potentialAction":[{"@type":"SearchAction","target":{"@type":"EntryPoint","urlTemplate":"https:\/\/www.notariesofeurope-exhibition.eu\/?s={search_term_string}"},"query-input":{"@type":"PropertyValueSpecification","valueRequired":true,"valueName":"search_term_string"}}],"inLanguage":"fr-FR"}]}},"_links":{"self":[{"href":"https:\/\/www.notariesofeurope-exhibition.eu\/fr\/wp-json\/wp\/v2\/pages\/2592","targetHints":{"allow":["GET"]}}],"collection":[{"href":"https:\/\/www.notariesofeurope-exhibition.eu\/fr\/wp-json\/wp\/v2\/pages"}],"about":[{"href":"https:\/\/www.notariesofeurope-exhibition.eu\/fr\/wp-json\/wp\/v2\/types\/page"}],"author":[{"embeddable":true,"href":"https:\/\/www.notariesofeurope-exhibition.eu\/fr\/wp-json\/wp\/v2\/users\/2"}],"replies":[{"embeddable":true,"href":"https:\/\/www.notariesofeurope-exhibition.eu\/fr\/wp-json\/wp\/v2\/comments?post=2592"}],"version-history":[{"count":6,"href":"https:\/\/www.notariesofeurope-exhibition.eu\/fr\/wp-json\/wp\/v2\/pages\/2592\/revisions"}],"predecessor-version":[{"id":2599,"href":"https:\/\/www.notariesofeurope-exhibition.eu\/fr\/wp-json\/wp\/v2\/pages\/2592\/revisions\/2599"}],"up":[{"embeddable":true,"href":"https:\/\/www.notariesofeurope-exhibition.eu\/fr\/wp-json\/wp\/v2\/pages\/2553"}],"wp:attachment":[{"href":"https:\/\/www.notariesofeurope-exhibition.eu\/fr\/wp-json\/wp\/v2\/media?parent=2592"}],"curies":[{"name":"wp","href":"https:\/\/api.w.org\/{rel}","templated":true}]}}