{"id":2614,"date":"2026-03-08T16:14:37","date_gmt":"2026-03-08T14:14:37","guid":{"rendered":"https:\/\/www.notariesofeurope-exhibition.eu\/heritage-numerique\/assurer-la-continuite-de-sa-presence-en-ligne\/what-should-i-do-for-myself\/"},"modified":"2026-03-08T17:31:51","modified_gmt":"2026-03-08T15:31:51","slug":"que-dois-je-faire-pour-moi-meme","status":"publish","type":"page","link":"https:\/\/www.notariesofeurope-exhibition.eu\/fr\/heritage-numerique\/assurer-la-continuite-de-sa-presence-en-ligne\/que-dois-je-faire-pour-moi-meme\/","title":{"rendered":"Que dois-je faire pour moi-m\u00eame ?"},"content":{"rendered":"<div class=\"wpb-content-wrapper\"><p>[vc_row bg_type=\u00a0\u00bbcolor\u00a0\u00bb padding_top_multiplier=\u00a0\u00bb\u00a0\u00bb padding_bottom_multiplier=\u00a0\u00bb\u00a0\u00bb columns_gap=\u00a0\u00bbnone\u00a0\u00bb bg_color=\u00a0\u00bb#E7ECF3&Prime; el_class=\u00a0\u00bbinfo_page page_quiz page_reponse\u00a0\u00bb][vc_column width=\u00a0\u00bb1\/6&Prime; tablet_width=\u00a0\u00bbhide\u00a0\u00bb][\/vc_column][vc_column width=\u00a0\u00bb2\/3&Prime; tablet_width=\u00a0\u00bb1&Prime; tablet_sm_width=\u00a0\u00bb1&Prime; el_class=\u00a0\u00bbcontent_quiz form_quiz\u00a0\u00bb]<div class=\"grve-element grve-title grve-align-left grve-h1 title_quiz\" style=\"\"><span>Que dois-je faire ?<\/span><\/div>[vc_column_text css=\u00a0\u00bb\u00a0\u00bb el_class=\u00a0\u00bbtext\u00a0\u00bb]<strong>Pour garantir la p\u00e9rennit\u00e9 de votre pr\u00e9sence en ligne et la transmission de vos droits num\u00e9riques :<br \/>\n<\/strong><\/p>\n<ul>\n<li>Faites l\u2019inventaire de vos comptes et contenus importants, en notant pour chaque plateforme ses politiques sp\u00e9cifiques.<\/li>\n<li>R\u00e9digez des instructions claires et personnalis\u00e9es pour chaque r\u00e9seau social ou service utilis\u00e9.<\/li>\n<li>V\u00e9rifiez comment, dans le syst\u00e8me juridique r\u00e9gissant la succession, les comptes de r\u00e9seaux sociaux sont h\u00e9rit\u00e9s. La loi applicable peut vous obliger \u00e0 r\u00e9diger un testament ou \u00e0 conclure des accords sp\u00e9ciaux avec la plateforme de r\u00e9seaux sociaux afin de garantir que vos choix seront respect\u00e9s.<\/li>\n<\/ul>\n<p>[\/vc_column_text][vc_column_text css=\u00a0\u00bb\u00a0\u00bb el_class=\u00a0\u00bbtext text_notary\u00a0\u00bb]Un notaire peut vous aider \u00e0 cet \u00e9gard.<br \/>\n[\/vc_column_text][vc_column_text css=\u00a0\u00bb\u00a0\u00bb el_class=\u00a0\u00bbtext\u00a0\u00bb]<\/p>\n<ul>\n<li>Utilisez un gestionnaire de mots de passe ou une liste s\u00e9curis\u00e9e pour transmettre vos acc\u00e8s, en respectant les r\u00e8gles de s\u00e9curit\u00e9 et de confidentialit\u00e9.<\/li>\n<li>Int\u00e9grez vos volont\u00e9s num\u00e9riques dans votre testament, avec l\u2019aide d\u2019un notaire, afin de s\u00e9curiser vos d\u00e9marches.<\/li>\n<\/ul>\n<p>[\/vc_column_text]<div class=\"grve-element grve-box-icon grve-medium grve-top-icon grve-align-center\" style=\"\"><a href=\"https:\/\/www.notaries-directory.eu\/\" title=\"European Directory of Notaries\" target=\"_blank\" rel=\"noopener noreferrer\" class=\"qr_code\"><div class=\"grve-image-icon\"><img loading=\"lazy\" decoding=\"async\" width=\"1\" height=\"1\" src=\"https:\/\/www.notariesofeurope-exhibition.eu\/wp-content\/uploads\/2026\/03\/cnue-fr.svg\" class=\"attachment-full size-full\" alt=\"\" \/><\/div><div class=\"grve-box-content\">  <p class=\"\">Visitez le site de l\u2019Annuaire Europ\u00e9en des Notaires<\/p><\/div><\/a><\/div><div class=\"grve-element grve-align-left cta_quiz_character_fr\"><a href=\"https:\/\/www.notariesofeurope-exhibition.eu\/fr\/heritage-numerique\/\" title=\"Changer de personnage\" class=\"grve-btn grve-btn-medium grve-square grve-bg-primary-1 grve-bg-hover-black\"><span>Changer de personnage<\/span><\/a><\/div>[\/vc_column][vc_column width=\u00a0\u00bb1\/6&Prime; tablet_width=\u00a0\u00bbhide\u00a0\u00bb][\/vc_column][\/vc_row][vc_row bg_type=\u00a0\u00bbcolor\u00a0\u00bb el_class=\u00a0\u00bbchange_img_character change_img_character_mob\u00a0\u00bb bg_color=\u00a0\u00bb#E7ECF4&Prime;][vc_column]<div class=\"grve-element grve-image grve-align-center\" style=\"\">  <div class=\"grve-image-wrapper\"><a href=\"https:\/\/www.notariesofeurope-exhibition.eu\/fr\/heritage-numerique\/\" title=\"Changer de personnage\"><img loading=\"lazy\" decoding=\"async\" width=\"1\" height=\"1\" src=\"https:\/\/www.notariesofeurope-exhibition.eu\/wp-content\/uploads\/2026\/02\/amy.svg\" class=\"attachment-full size-full\" alt=\"\" \/><\/a>   <\/div><\/div>[\/vc_column][\/vc_row]<\/p>\n<\/div>","protected":false},"excerpt":{"rendered":"<p>[vc_row bg_type=\u00a0\u00bbcolor\u00a0\u00bb padding_top_multiplier=\u00a0\u00bb\u00a0\u00bb padding_bottom_multiplier=\u00a0\u00bb\u00a0\u00bb columns_gap=\u00a0\u00bbnone\u00a0\u00bb bg_color=\u00a0\u00bb#E7ECF3&Prime; el_class=\u00a0\u00bbinfo_page page_quiz page_reponse\u00a0\u00bb][vc_column width=\u00a0\u00bb1\/6&Prime; tablet_width=\u00a0\u00bbhide\u00a0\u00bb][\/vc_column][vc_column width=\u00a0\u00bb2\/3&Prime; tablet_width=\u00a0\u00bb1&Prime; tablet_sm_width=\u00a0\u00bb1&Prime; el_class=\u00a0\u00bbcontent_quiz form_quiz\u00a0\u00bb][vc_column_text css=\u00a0\u00bb\u00a0\u00bb el_class=\u00a0\u00bbtext\u00a0\u00bb]Pour garantir la p\u00e9rennit\u00e9 de votre pr\u00e9sence en ligne et la transmission de vos droits num\u00e9riques : Faites l\u2019inventaire de vos comptes et contenus importants, en notant pour chaque plateforme ses politiques sp\u00e9cifiques. R\u00e9digez des instructions claires et [&hellip;]<\/p>\n","protected":false},"author":2,"featured_media":0,"parent":2592,"menu_order":0,"comment_status":"closed","ping_status":"closed","template":"","meta":{"inline_featured_image":false,"footnotes":""},"class_list":["post-2614","page","type-page","status-publish","hentry"],"yoast_head":"<!-- This site is optimized with the Yoast SEO plugin v26.9 - https:\/\/yoast.com\/product\/yoast-seo-wordpress\/ -->\n<title>Que dois-je faire pour moi-m\u00eame ? - Notaries of Europe - Exhibition<\/title>\n<meta name=\"robots\" content=\"index, follow, max-snippet:-1, max-image-preview:large, max-video-preview:-1\" \/>\n<link rel=\"canonical\" href=\"https:\/\/www.notariesofeurope-exhibition.eu\/fr\/heritage-numerique\/assurer-la-continuite-de-sa-presence-en-ligne\/que-dois-je-faire-pour-moi-meme\/\" \/>\n<meta property=\"og:locale\" content=\"fr_FR\" \/>\n<meta property=\"og:type\" content=\"article\" \/>\n<meta property=\"og:title\" content=\"Que dois-je faire pour moi-m\u00eame ? - Notaries of Europe - Exhibition\" \/>\n<meta property=\"og:description\" content=\"[vc_row bg_type=\u00a0\u00bbcolor\u00a0\u00bb padding_top_multiplier=\u00a0\u00bb\u00a0\u00bb padding_bottom_multiplier=\u00a0\u00bb\u00a0\u00bb columns_gap=\u00a0\u00bbnone\u00a0\u00bb bg_color=\u00a0\u00bb#E7ECF3&Prime; el_class=\u00a0\u00bbinfo_page page_quiz page_reponse\u00a0\u00bb][vc_column width=\u00a0\u00bb1\/6&Prime; tablet_width=\u00a0\u00bbhide\u00a0\u00bb][\/vc_column][vc_column width=\u00a0\u00bb2\/3&Prime; tablet_width=\u00a0\u00bb1&Prime; tablet_sm_width=\u00a0\u00bb1&Prime; el_class=\u00a0\u00bbcontent_quiz form_quiz\u00a0\u00bb][vc_column_text css=\u00a0\u00bb\u00a0\u00bb el_class=\u00a0\u00bbtext\u00a0\u00bb]Pour garantir la p\u00e9rennit\u00e9 de votre pr\u00e9sence en ligne et la transmission de vos droits num\u00e9riques : Faites l\u2019inventaire de vos comptes et contenus importants, en notant pour chaque plateforme ses politiques sp\u00e9cifiques. R\u00e9digez des instructions claires et [&hellip;]\" \/>\n<meta property=\"og:url\" content=\"https:\/\/www.notariesofeurope-exhibition.eu\/fr\/heritage-numerique\/assurer-la-continuite-de-sa-presence-en-ligne\/que-dois-je-faire-pour-moi-meme\/\" \/>\n<meta property=\"og:site_name\" content=\"Notaries of Europe - Exhibition\" \/>\n<meta property=\"article:modified_time\" content=\"2026-03-08T15:31:51+00:00\" \/>\n<meta name=\"twitter:card\" content=\"summary_large_image\" \/>\n<meta name=\"twitter:label1\" content=\"Dur\u00e9e de lecture estim\u00e9e\" \/>\n\t<meta name=\"twitter:data1\" content=\"1 minute\" \/>\n<script type=\"application\/ld+json\" class=\"yoast-schema-graph\">{\"@context\":\"https:\/\/schema.org\",\"@graph\":[{\"@type\":\"WebPage\",\"@id\":\"https:\/\/www.notariesofeurope-exhibition.eu\/fr\/heritage-numerique\/assurer-la-continuite-de-sa-presence-en-ligne\/que-dois-je-faire-pour-moi-meme\/\",\"url\":\"https:\/\/www.notariesofeurope-exhibition.eu\/fr\/heritage-numerique\/assurer-la-continuite-de-sa-presence-en-ligne\/que-dois-je-faire-pour-moi-meme\/\",\"name\":\"Que dois-je faire pour moi-m\u00eame ? - Notaries of Europe - Exhibition\",\"isPartOf\":{\"@id\":\"https:\/\/www.notariesofeurope-exhibition.eu\/#website\"},\"datePublished\":\"2026-03-08T14:14:37+00:00\",\"dateModified\":\"2026-03-08T15:31:51+00:00\",\"breadcrumb\":{\"@id\":\"https:\/\/www.notariesofeurope-exhibition.eu\/fr\/heritage-numerique\/assurer-la-continuite-de-sa-presence-en-ligne\/que-dois-je-faire-pour-moi-meme\/#breadcrumb\"},\"inLanguage\":\"fr-FR\",\"potentialAction\":[{\"@type\":\"ReadAction\",\"target\":[\"https:\/\/www.notariesofeurope-exhibition.eu\/fr\/heritage-numerique\/assurer-la-continuite-de-sa-presence-en-ligne\/que-dois-je-faire-pour-moi-meme\/\"]}]},{\"@type\":\"BreadcrumbList\",\"@id\":\"https:\/\/www.notariesofeurope-exhibition.eu\/fr\/heritage-numerique\/assurer-la-continuite-de-sa-presence-en-ligne\/que-dois-je-faire-pour-moi-meme\/#breadcrumb\",\"itemListElement\":[{\"@type\":\"ListItem\",\"position\":1,\"name\":\"Accueil\",\"item\":\"https:\/\/www.notariesofeurope-exhibition.eu\/fr\/\"},{\"@type\":\"ListItem\",\"position\":2,\"name\":\"H\u00e9ritage num\u00e9rique\",\"item\":\"https:\/\/www.notariesofeurope-exhibition.eu\/fr\/heritage-numerique\/\"},{\"@type\":\"ListItem\",\"position\":3,\"name\":\"Assurer la continuit\u00e9 de sa pr\u00e9sence en ligne\",\"item\":\"https:\/\/www.notariesofeurope-exhibition.eu\/fr\/heritage-numerique\/assurer-la-continuite-de-sa-presence-en-ligne\/\"},{\"@type\":\"ListItem\",\"position\":4,\"name\":\"Que dois-je faire pour moi-m\u00eame ?\"}]},{\"@type\":\"WebSite\",\"@id\":\"https:\/\/www.notariesofeurope-exhibition.eu\/#website\",\"url\":\"https:\/\/www.notariesofeurope-exhibition.eu\/\",\"name\":\"Notaries of Europe - Exhibition\",\"description\":\"CNUE\",\"potentialAction\":[{\"@type\":\"SearchAction\",\"target\":{\"@type\":\"EntryPoint\",\"urlTemplate\":\"https:\/\/www.notariesofeurope-exhibition.eu\/?s={search_term_string}\"},\"query-input\":{\"@type\":\"PropertyValueSpecification\",\"valueRequired\":true,\"valueName\":\"search_term_string\"}}],\"inLanguage\":\"fr-FR\"}]}<\/script>\n<!-- \/ Yoast SEO plugin. -->","yoast_head_json":{"title":"Que dois-je faire pour moi-m\u00eame ? - Notaries of Europe - Exhibition","robots":{"index":"index","follow":"follow","max-snippet":"max-snippet:-1","max-image-preview":"max-image-preview:large","max-video-preview":"max-video-preview:-1"},"canonical":"https:\/\/www.notariesofeurope-exhibition.eu\/fr\/heritage-numerique\/assurer-la-continuite-de-sa-presence-en-ligne\/que-dois-je-faire-pour-moi-meme\/","og_locale":"fr_FR","og_type":"article","og_title":"Que dois-je faire pour moi-m\u00eame ? - Notaries of Europe - Exhibition","og_description":"[vc_row bg_type=\u00a0\u00bbcolor\u00a0\u00bb padding_top_multiplier=\u00a0\u00bb\u00a0\u00bb padding_bottom_multiplier=\u00a0\u00bb\u00a0\u00bb columns_gap=\u00a0\u00bbnone\u00a0\u00bb bg_color=\u00a0\u00bb#E7ECF3&Prime; el_class=\u00a0\u00bbinfo_page page_quiz page_reponse\u00a0\u00bb][vc_column width=\u00a0\u00bb1\/6&Prime; tablet_width=\u00a0\u00bbhide\u00a0\u00bb][\/vc_column][vc_column width=\u00a0\u00bb2\/3&Prime; tablet_width=\u00a0\u00bb1&Prime; tablet_sm_width=\u00a0\u00bb1&Prime; el_class=\u00a0\u00bbcontent_quiz form_quiz\u00a0\u00bb][vc_column_text css=\u00a0\u00bb\u00a0\u00bb el_class=\u00a0\u00bbtext\u00a0\u00bb]Pour garantir la p\u00e9rennit\u00e9 de votre pr\u00e9sence en ligne et la transmission de vos droits num\u00e9riques : Faites l\u2019inventaire de vos comptes et contenus importants, en notant pour chaque plateforme ses politiques sp\u00e9cifiques. R\u00e9digez des instructions claires et [&hellip;]","og_url":"https:\/\/www.notariesofeurope-exhibition.eu\/fr\/heritage-numerique\/assurer-la-continuite-de-sa-presence-en-ligne\/que-dois-je-faire-pour-moi-meme\/","og_site_name":"Notaries of Europe - Exhibition","article_modified_time":"2026-03-08T15:31:51+00:00","twitter_card":"summary_large_image","twitter_misc":{"Dur\u00e9e de lecture estim\u00e9e":"1 minute"},"schema":{"@context":"https:\/\/schema.org","@graph":[{"@type":"WebPage","@id":"https:\/\/www.notariesofeurope-exhibition.eu\/fr\/heritage-numerique\/assurer-la-continuite-de-sa-presence-en-ligne\/que-dois-je-faire-pour-moi-meme\/","url":"https:\/\/www.notariesofeurope-exhibition.eu\/fr\/heritage-numerique\/assurer-la-continuite-de-sa-presence-en-ligne\/que-dois-je-faire-pour-moi-meme\/","name":"Que dois-je faire pour moi-m\u00eame ? - Notaries of Europe - Exhibition","isPartOf":{"@id":"https:\/\/www.notariesofeurope-exhibition.eu\/#website"},"datePublished":"2026-03-08T14:14:37+00:00","dateModified":"2026-03-08T15:31:51+00:00","breadcrumb":{"@id":"https:\/\/www.notariesofeurope-exhibition.eu\/fr\/heritage-numerique\/assurer-la-continuite-de-sa-presence-en-ligne\/que-dois-je-faire-pour-moi-meme\/#breadcrumb"},"inLanguage":"fr-FR","potentialAction":[{"@type":"ReadAction","target":["https:\/\/www.notariesofeurope-exhibition.eu\/fr\/heritage-numerique\/assurer-la-continuite-de-sa-presence-en-ligne\/que-dois-je-faire-pour-moi-meme\/"]}]},{"@type":"BreadcrumbList","@id":"https:\/\/www.notariesofeurope-exhibition.eu\/fr\/heritage-numerique\/assurer-la-continuite-de-sa-presence-en-ligne\/que-dois-je-faire-pour-moi-meme\/#breadcrumb","itemListElement":[{"@type":"ListItem","position":1,"name":"Accueil","item":"https:\/\/www.notariesofeurope-exhibition.eu\/fr\/"},{"@type":"ListItem","position":2,"name":"H\u00e9ritage num\u00e9rique","item":"https:\/\/www.notariesofeurope-exhibition.eu\/fr\/heritage-numerique\/"},{"@type":"ListItem","position":3,"name":"Assurer la continuit\u00e9 de sa pr\u00e9sence en ligne","item":"https:\/\/www.notariesofeurope-exhibition.eu\/fr\/heritage-numerique\/assurer-la-continuite-de-sa-presence-en-ligne\/"},{"@type":"ListItem","position":4,"name":"Que dois-je faire pour moi-m\u00eame ?"}]},{"@type":"WebSite","@id":"https:\/\/www.notariesofeurope-exhibition.eu\/#website","url":"https:\/\/www.notariesofeurope-exhibition.eu\/","name":"Notaries of Europe - Exhibition","description":"CNUE","potentialAction":[{"@type":"SearchAction","target":{"@type":"EntryPoint","urlTemplate":"https:\/\/www.notariesofeurope-exhibition.eu\/?s={search_term_string}"},"query-input":{"@type":"PropertyValueSpecification","valueRequired":true,"valueName":"search_term_string"}}],"inLanguage":"fr-FR"}]}},"_links":{"self":[{"href":"https:\/\/www.notariesofeurope-exhibition.eu\/fr\/wp-json\/wp\/v2\/pages\/2614","targetHints":{"allow":["GET"]}}],"collection":[{"href":"https:\/\/www.notariesofeurope-exhibition.eu\/fr\/wp-json\/wp\/v2\/pages"}],"about":[{"href":"https:\/\/www.notariesofeurope-exhibition.eu\/fr\/wp-json\/wp\/v2\/types\/page"}],"author":[{"embeddable":true,"href":"https:\/\/www.notariesofeurope-exhibition.eu\/fr\/wp-json\/wp\/v2\/users\/2"}],"replies":[{"embeddable":true,"href":"https:\/\/www.notariesofeurope-exhibition.eu\/fr\/wp-json\/wp\/v2\/comments?post=2614"}],"version-history":[{"count":6,"href":"https:\/\/www.notariesofeurope-exhibition.eu\/fr\/wp-json\/wp\/v2\/pages\/2614\/revisions"}],"predecessor-version":[{"id":2622,"href":"https:\/\/www.notariesofeurope-exhibition.eu\/fr\/wp-json\/wp\/v2\/pages\/2614\/revisions\/2622"}],"up":[{"embeddable":true,"href":"https:\/\/www.notariesofeurope-exhibition.eu\/fr\/wp-json\/wp\/v2\/pages\/2592"}],"wp:attachment":[{"href":"https:\/\/www.notariesofeurope-exhibition.eu\/fr\/wp-json\/wp\/v2\/media?parent=2614"}],"curies":[{"name":"wp","href":"https:\/\/api.w.org\/{rel}","templated":true}]}}