{"id":2643,"date":"2026-02-23T18:02:38","date_gmt":"2026-02-23T16:02:38","guid":{"rendered":"https:\/\/www.notariesofeurope-exhibition.eu\/heritage-numerique\/reseaux-sociaux-stockage-en-ligne\/what-should-i-do-now\/"},"modified":"2026-03-08T17:41:14","modified_gmt":"2026-03-08T15:41:14","slug":"que-faire-maintenant","status":"publish","type":"page","link":"https:\/\/www.notariesofeurope-exhibition.eu\/fr\/heritage-numerique\/reseaux-sociaux-stockage-en-ligne\/que-faire-maintenant\/","title":{"rendered":"Que faire maintenant ?"},"content":{"rendered":"<div class=\"wpb-content-wrapper\"><p>[vc_row bg_type=\u00a0\u00bbcolor\u00a0\u00bb padding_top_multiplier=\u00a0\u00bb\u00a0\u00bb padding_bottom_multiplier=\u00a0\u00bb\u00a0\u00bb columns_gap=\u00a0\u00bbnone\u00a0\u00bb bg_color=\u00a0\u00bb#E7ECF3&Prime; el_class=\u00a0\u00bbinfo_page page_quiz page_reponse\u00a0\u00bb][vc_column width=\u00a0\u00bb1\/6&Prime; tablet_width=\u00a0\u00bbhide\u00a0\u00bb][\/vc_column][vc_column width=\u00a0\u00bb2\/3&Prime; tablet_width=\u00a0\u00bb1&Prime; tablet_sm_width=\u00a0\u00bb1&Prime; el_class=\u00a0\u00bbcontent_quiz form_quiz\u00a0\u00bb]<div class=\"grve-element grve-title grve-align-left grve-h1 title_quiz\" style=\"\"><span>Que faire maintenant ?<\/span><\/div>[vc_column_text css=\u00a0\u00bb\u00a0\u00bb el_class=\u00a0\u00bbtext\u00a0\u00bb]<\/p>\n<ul>\n<li><strong>Centralisez vos identifiants dans un outil s\u00e9curis\u00e9 ou une liste prot\u00e9g\u00e9e.<\/strong><\/li>\n<li><strong> Indiquez vos choix pour chaque service (suppression, transfert, acc\u00e8s).<\/strong><\/li>\n<li><strong>D\u00e9signez une personne de confiance et formalisez vos volont\u00e9s dans un document l\u00e9gal.<\/strong><\/li>\n<li><strong>Consultez votre notaire pour s\u00e9curiser vos d\u00e9marches. <\/strong><\/li>\n<\/ul>\n<p>[\/vc_column_text][vc_column_text css=\u00a0\u00bb\u00a0\u00bb el_class=\u00a0\u00bbtext text_notary\u00a0\u00bb]Le notaire peut vous informer de la mani\u00e8re dont, dans le syst\u00e8me juridique r\u00e9gissant la succession, les comptes de r\u00e9seaux sociaux sont h\u00e9rit\u00e9s. La loi applicable peut vous obliger \u00e0 r\u00e9diger un testament ou \u00e0 conclure des accords sp\u00e9ciaux avec la plateforme de r\u00e9seaux sociaux afin de garantir que vos choix seront respect\u00e9s.[\/vc_column_text]<div class=\"grve-element grve-box-icon grve-medium grve-top-icon grve-align-center\" style=\"\"><a href=\"https:\/\/www.notaries-directory.eu\/\" title=\"European Directory of Notaries\" target=\"_blank\" rel=\"noopener noreferrer\" class=\"qr_code\"><div class=\"grve-image-icon\"><img loading=\"lazy\" decoding=\"async\" width=\"1\" height=\"1\" src=\"https:\/\/www.notariesofeurope-exhibition.eu\/wp-content\/uploads\/2026\/03\/cnue-fr.svg\" class=\"attachment-full size-full\" alt=\"\" \/><\/div><div class=\"grve-box-content\">  <p class=\"\">Visitez le site de l\u2019Annuaire Europ\u00e9en des Notaires<\/p><\/div><\/a><\/div><div class=\"grve-element grve-align-left cta_quiz_character_fr\"><a href=\"https:\/\/www.notariesofeurope-exhibition.eu\/fr\/heritage-numerique\/\" title=\"Changer de personnage\" class=\"grve-btn grve-btn-medium grve-square grve-bg-primary-1 grve-bg-hover-black\"><span>Changer de personnage<\/span><\/a><\/div>[\/vc_column][vc_column width=\u00a0\u00bb1\/6&Prime; tablet_width=\u00a0\u00bbhide\u00a0\u00bb][\/vc_column][\/vc_row][vc_row bg_type=\u00a0\u00bbcolor\u00a0\u00bb el_class=\u00a0\u00bbchange_img_character change_img_character_mob\u00a0\u00bb bg_color=\u00a0\u00bb#E7ECF4&Prime;][vc_column]<div class=\"grve-element grve-image grve-align-center\" style=\"\">  <div class=\"grve-image-wrapper\"><a href=\"https:\/\/www.notariesofeurope-exhibition.eu\/fr\/heritage-numerique\/\" title=\"Changer de personnage\"><img loading=\"lazy\" decoding=\"async\" width=\"1\" height=\"1\" src=\"https:\/\/www.notariesofeurope-exhibition.eu\/wp-content\/uploads\/2026\/02\/peter.svg\" class=\"attachment-full size-full\" alt=\"\" \/><\/a>   <\/div><\/div>[\/vc_column][\/vc_row]<\/p>\n<\/div>","protected":false},"excerpt":{"rendered":"<p>[vc_row bg_type=\u00a0\u00bbcolor\u00a0\u00bb padding_top_multiplier=\u00a0\u00bb\u00a0\u00bb padding_bottom_multiplier=\u00a0\u00bb\u00a0\u00bb columns_gap=\u00a0\u00bbnone\u00a0\u00bb bg_color=\u00a0\u00bb#E7ECF3&Prime; el_class=\u00a0\u00bbinfo_page page_quiz page_reponse\u00a0\u00bb][vc_column width=\u00a0\u00bb1\/6&Prime; tablet_width=\u00a0\u00bbhide\u00a0\u00bb][\/vc_column][vc_column width=\u00a0\u00bb2\/3&Prime; tablet_width=\u00a0\u00bb1&Prime; tablet_sm_width=\u00a0\u00bb1&Prime; el_class=\u00a0\u00bbcontent_quiz form_quiz\u00a0\u00bb][vc_column_text css=\u00a0\u00bb\u00a0\u00bb el_class=\u00a0\u00bbtext\u00a0\u00bb] Centralisez vos identifiants dans un outil s\u00e9curis\u00e9 ou une liste prot\u00e9g\u00e9e. Indiquez vos choix pour chaque service (suppression, transfert, acc\u00e8s). D\u00e9signez une personne de confiance et formalisez vos volont\u00e9s dans un document l\u00e9gal. Consultez votre notaire pour [&hellip;]<\/p>\n","protected":false},"author":2,"featured_media":0,"parent":2625,"menu_order":0,"comment_status":"closed","ping_status":"closed","template":"","meta":{"inline_featured_image":false,"footnotes":""},"class_list":["post-2643","page","type-page","status-publish","hentry"],"yoast_head":"<!-- This site is optimized with the Yoast SEO plugin v26.9 - https:\/\/yoast.com\/product\/yoast-seo-wordpress\/ -->\n<title>Que faire maintenant ? - Notaries of Europe - Exhibition<\/title>\n<meta name=\"robots\" content=\"index, follow, max-snippet:-1, max-image-preview:large, max-video-preview:-1\" \/>\n<link rel=\"canonical\" href=\"https:\/\/www.notariesofeurope-exhibition.eu\/fr\/heritage-numerique\/reseaux-sociaux-stockage-en-ligne\/que-faire-maintenant\/\" \/>\n<meta property=\"og:locale\" content=\"fr_FR\" \/>\n<meta property=\"og:type\" content=\"article\" \/>\n<meta property=\"og:title\" content=\"Que faire maintenant ? - Notaries of Europe - Exhibition\" \/>\n<meta property=\"og:description\" content=\"[vc_row bg_type=\u00a0\u00bbcolor\u00a0\u00bb padding_top_multiplier=\u00a0\u00bb\u00a0\u00bb padding_bottom_multiplier=\u00a0\u00bb\u00a0\u00bb columns_gap=\u00a0\u00bbnone\u00a0\u00bb bg_color=\u00a0\u00bb#E7ECF3&Prime; el_class=\u00a0\u00bbinfo_page page_quiz page_reponse\u00a0\u00bb][vc_column width=\u00a0\u00bb1\/6&Prime; tablet_width=\u00a0\u00bbhide\u00a0\u00bb][\/vc_column][vc_column width=\u00a0\u00bb2\/3&Prime; tablet_width=\u00a0\u00bb1&Prime; tablet_sm_width=\u00a0\u00bb1&Prime; el_class=\u00a0\u00bbcontent_quiz form_quiz\u00a0\u00bb][vc_column_text css=\u00a0\u00bb\u00a0\u00bb el_class=\u00a0\u00bbtext\u00a0\u00bb] Centralisez vos identifiants dans un outil s\u00e9curis\u00e9 ou une liste prot\u00e9g\u00e9e. Indiquez vos choix pour chaque service (suppression, transfert, acc\u00e8s). D\u00e9signez une personne de confiance et formalisez vos volont\u00e9s dans un document l\u00e9gal. Consultez votre notaire pour [&hellip;]\" \/>\n<meta property=\"og:url\" content=\"https:\/\/www.notariesofeurope-exhibition.eu\/fr\/heritage-numerique\/reseaux-sociaux-stockage-en-ligne\/que-faire-maintenant\/\" \/>\n<meta property=\"og:site_name\" content=\"Notaries of Europe - Exhibition\" \/>\n<meta property=\"article:modified_time\" content=\"2026-03-08T15:41:14+00:00\" \/>\n<meta name=\"twitter:card\" content=\"summary_large_image\" \/>\n<meta name=\"twitter:label1\" content=\"Dur\u00e9e de lecture estim\u00e9e\" \/>\n\t<meta name=\"twitter:data1\" content=\"2 minutes\" \/>\n<script type=\"application\/ld+json\" class=\"yoast-schema-graph\">{\"@context\":\"https:\/\/schema.org\",\"@graph\":[{\"@type\":\"WebPage\",\"@id\":\"https:\/\/www.notariesofeurope-exhibition.eu\/fr\/heritage-numerique\/reseaux-sociaux-stockage-en-ligne\/que-faire-maintenant\/\",\"url\":\"https:\/\/www.notariesofeurope-exhibition.eu\/fr\/heritage-numerique\/reseaux-sociaux-stockage-en-ligne\/que-faire-maintenant\/\",\"name\":\"Que faire maintenant ? - Notaries of Europe - Exhibition\",\"isPartOf\":{\"@id\":\"https:\/\/www.notariesofeurope-exhibition.eu\/#website\"},\"datePublished\":\"2026-02-23T16:02:38+00:00\",\"dateModified\":\"2026-03-08T15:41:14+00:00\",\"breadcrumb\":{\"@id\":\"https:\/\/www.notariesofeurope-exhibition.eu\/fr\/heritage-numerique\/reseaux-sociaux-stockage-en-ligne\/que-faire-maintenant\/#breadcrumb\"},\"inLanguage\":\"fr-FR\",\"potentialAction\":[{\"@type\":\"ReadAction\",\"target\":[\"https:\/\/www.notariesofeurope-exhibition.eu\/fr\/heritage-numerique\/reseaux-sociaux-stockage-en-ligne\/que-faire-maintenant\/\"]}]},{\"@type\":\"BreadcrumbList\",\"@id\":\"https:\/\/www.notariesofeurope-exhibition.eu\/fr\/heritage-numerique\/reseaux-sociaux-stockage-en-ligne\/que-faire-maintenant\/#breadcrumb\",\"itemListElement\":[{\"@type\":\"ListItem\",\"position\":1,\"name\":\"Accueil\",\"item\":\"https:\/\/www.notariesofeurope-exhibition.eu\/fr\/\"},{\"@type\":\"ListItem\",\"position\":2,\"name\":\"H\u00e9ritage num\u00e9rique\",\"item\":\"https:\/\/www.notariesofeurope-exhibition.eu\/fr\/heritage-numerique\/\"},{\"@type\":\"ListItem\",\"position\":3,\"name\":\"R\u00e9seaux sociaux &#038; stockage en ligne\",\"item\":\"https:\/\/www.notariesofeurope-exhibition.eu\/fr\/heritage-numerique\/reseaux-sociaux-stockage-en-ligne\/\"},{\"@type\":\"ListItem\",\"position\":4,\"name\":\"Que faire maintenant ?\"}]},{\"@type\":\"WebSite\",\"@id\":\"https:\/\/www.notariesofeurope-exhibition.eu\/#website\",\"url\":\"https:\/\/www.notariesofeurope-exhibition.eu\/\",\"name\":\"Notaries of Europe - Exhibition\",\"description\":\"CNUE\",\"potentialAction\":[{\"@type\":\"SearchAction\",\"target\":{\"@type\":\"EntryPoint\",\"urlTemplate\":\"https:\/\/www.notariesofeurope-exhibition.eu\/?s={search_term_string}\"},\"query-input\":{\"@type\":\"PropertyValueSpecification\",\"valueRequired\":true,\"valueName\":\"search_term_string\"}}],\"inLanguage\":\"fr-FR\"}]}<\/script>\n<!-- \/ Yoast SEO plugin. -->","yoast_head_json":{"title":"Que faire maintenant ? - Notaries of Europe - Exhibition","robots":{"index":"index","follow":"follow","max-snippet":"max-snippet:-1","max-image-preview":"max-image-preview:large","max-video-preview":"max-video-preview:-1"},"canonical":"https:\/\/www.notariesofeurope-exhibition.eu\/fr\/heritage-numerique\/reseaux-sociaux-stockage-en-ligne\/que-faire-maintenant\/","og_locale":"fr_FR","og_type":"article","og_title":"Que faire maintenant ? - Notaries of Europe - Exhibition","og_description":"[vc_row bg_type=\u00a0\u00bbcolor\u00a0\u00bb padding_top_multiplier=\u00a0\u00bb\u00a0\u00bb padding_bottom_multiplier=\u00a0\u00bb\u00a0\u00bb columns_gap=\u00a0\u00bbnone\u00a0\u00bb bg_color=\u00a0\u00bb#E7ECF3&Prime; el_class=\u00a0\u00bbinfo_page page_quiz page_reponse\u00a0\u00bb][vc_column width=\u00a0\u00bb1\/6&Prime; tablet_width=\u00a0\u00bbhide\u00a0\u00bb][\/vc_column][vc_column width=\u00a0\u00bb2\/3&Prime; tablet_width=\u00a0\u00bb1&Prime; tablet_sm_width=\u00a0\u00bb1&Prime; el_class=\u00a0\u00bbcontent_quiz form_quiz\u00a0\u00bb][vc_column_text css=\u00a0\u00bb\u00a0\u00bb el_class=\u00a0\u00bbtext\u00a0\u00bb] Centralisez vos identifiants dans un outil s\u00e9curis\u00e9 ou une liste prot\u00e9g\u00e9e. Indiquez vos choix pour chaque service (suppression, transfert, acc\u00e8s). D\u00e9signez une personne de confiance et formalisez vos volont\u00e9s dans un document l\u00e9gal. Consultez votre notaire pour [&hellip;]","og_url":"https:\/\/www.notariesofeurope-exhibition.eu\/fr\/heritage-numerique\/reseaux-sociaux-stockage-en-ligne\/que-faire-maintenant\/","og_site_name":"Notaries of Europe - Exhibition","article_modified_time":"2026-03-08T15:41:14+00:00","twitter_card":"summary_large_image","twitter_misc":{"Dur\u00e9e de lecture estim\u00e9e":"2 minutes"},"schema":{"@context":"https:\/\/schema.org","@graph":[{"@type":"WebPage","@id":"https:\/\/www.notariesofeurope-exhibition.eu\/fr\/heritage-numerique\/reseaux-sociaux-stockage-en-ligne\/que-faire-maintenant\/","url":"https:\/\/www.notariesofeurope-exhibition.eu\/fr\/heritage-numerique\/reseaux-sociaux-stockage-en-ligne\/que-faire-maintenant\/","name":"Que faire maintenant ? - Notaries of Europe - Exhibition","isPartOf":{"@id":"https:\/\/www.notariesofeurope-exhibition.eu\/#website"},"datePublished":"2026-02-23T16:02:38+00:00","dateModified":"2026-03-08T15:41:14+00:00","breadcrumb":{"@id":"https:\/\/www.notariesofeurope-exhibition.eu\/fr\/heritage-numerique\/reseaux-sociaux-stockage-en-ligne\/que-faire-maintenant\/#breadcrumb"},"inLanguage":"fr-FR","potentialAction":[{"@type":"ReadAction","target":["https:\/\/www.notariesofeurope-exhibition.eu\/fr\/heritage-numerique\/reseaux-sociaux-stockage-en-ligne\/que-faire-maintenant\/"]}]},{"@type":"BreadcrumbList","@id":"https:\/\/www.notariesofeurope-exhibition.eu\/fr\/heritage-numerique\/reseaux-sociaux-stockage-en-ligne\/que-faire-maintenant\/#breadcrumb","itemListElement":[{"@type":"ListItem","position":1,"name":"Accueil","item":"https:\/\/www.notariesofeurope-exhibition.eu\/fr\/"},{"@type":"ListItem","position":2,"name":"H\u00e9ritage num\u00e9rique","item":"https:\/\/www.notariesofeurope-exhibition.eu\/fr\/heritage-numerique\/"},{"@type":"ListItem","position":3,"name":"R\u00e9seaux sociaux &#038; stockage en ligne","item":"https:\/\/www.notariesofeurope-exhibition.eu\/fr\/heritage-numerique\/reseaux-sociaux-stockage-en-ligne\/"},{"@type":"ListItem","position":4,"name":"Que faire maintenant ?"}]},{"@type":"WebSite","@id":"https:\/\/www.notariesofeurope-exhibition.eu\/#website","url":"https:\/\/www.notariesofeurope-exhibition.eu\/","name":"Notaries of Europe - Exhibition","description":"CNUE","potentialAction":[{"@type":"SearchAction","target":{"@type":"EntryPoint","urlTemplate":"https:\/\/www.notariesofeurope-exhibition.eu\/?s={search_term_string}"},"query-input":{"@type":"PropertyValueSpecification","valueRequired":true,"valueName":"search_term_string"}}],"inLanguage":"fr-FR"}]}},"_links":{"self":[{"href":"https:\/\/www.notariesofeurope-exhibition.eu\/fr\/wp-json\/wp\/v2\/pages\/2643","targetHints":{"allow":["GET"]}}],"collection":[{"href":"https:\/\/www.notariesofeurope-exhibition.eu\/fr\/wp-json\/wp\/v2\/pages"}],"about":[{"href":"https:\/\/www.notariesofeurope-exhibition.eu\/fr\/wp-json\/wp\/v2\/types\/page"}],"author":[{"embeddable":true,"href":"https:\/\/www.notariesofeurope-exhibition.eu\/fr\/wp-json\/wp\/v2\/users\/2"}],"replies":[{"embeddable":true,"href":"https:\/\/www.notariesofeurope-exhibition.eu\/fr\/wp-json\/wp\/v2\/comments?post=2643"}],"version-history":[{"count":5,"href":"https:\/\/www.notariesofeurope-exhibition.eu\/fr\/wp-json\/wp\/v2\/pages\/2643\/revisions"}],"predecessor-version":[{"id":2648,"href":"https:\/\/www.notariesofeurope-exhibition.eu\/fr\/wp-json\/wp\/v2\/pages\/2643\/revisions\/2648"}],"up":[{"embeddable":true,"href":"https:\/\/www.notariesofeurope-exhibition.eu\/fr\/wp-json\/wp\/v2\/pages\/2625"}],"wp:attachment":[{"href":"https:\/\/www.notariesofeurope-exhibition.eu\/fr\/wp-json\/wp\/v2\/media?parent=2643"}],"curies":[{"name":"wp","href":"https:\/\/api.w.org\/{rel}","templated":true}]}}