{"id":2657,"date":"2026-03-08T16:36:28","date_gmt":"2026-03-08T14:36:28","guid":{"rendered":"https:\/\/www.notariesofeurope-exhibition.eu\/heritage-numerique\/quand-rien-na-ete-anticipe\/play-with-michael\/"},"modified":"2026-03-08T18:10:38","modified_gmt":"2026-03-08T16:10:38","slug":"joue-avec-michael","status":"publish","type":"page","link":"https:\/\/www.notariesofeurope-exhibition.eu\/fr\/heritage-numerique\/quand-rien-na-ete-anticipe\/joue-avec-michael\/","title":{"rendered":"Joue avec Michael"},"content":{"rendered":"<div class=\"wpb-content-wrapper\"><p>[vc_row bg_type=\u00a0\u00bbcolor\u00a0\u00bb padding_top_multiplier=\u00a0\u00bb\u00a0\u00bb padding_bottom_multiplier=\u00a0\u00bb\u00a0\u00bb columns_gap=\u00a0\u00bbnone\u00a0\u00bb bg_color=\u00a0\u00bb#E7ECF3&Prime; el_class=\u00a0\u00bbinfo_page page_quiz page_form\u00a0\u00bb][vc_column width=\u00a0\u00bb1\/6&Prime; tablet_width=\u00a0\u00bbhide\u00a0\u00bb][\/vc_column][vc_column width=\u00a0\u00bb2\/3&Prime; tablet_width=\u00a0\u00bb1&Prime; tablet_sm_width=\u00a0\u00bb1&Prime; el_class=\u00a0\u00bbcontent_quiz\u00a0\u00bb][vc_column_text css=\u00a0\u00bb\u00a0\u00bb el_class=\u00a0\u00bbtext context\u00a0\u00bb]<strong>Aide Michael \u00e0 retrouver les actifs num\u00e9riques d\u2019Emma.<\/strong>[\/vc_column_text][vc_column_text css=\u00a0\u00bb\u00a0\u00bb el_class=\u00a0\u00bbtext custom_form\u00a0\u00bb]<div class=\"frm_forms  with_frm_style frm_style_formidable-style\" id=\"frm_form_9_container\" data-token=\"2bbce9c6344c5a586643ecb40ff2b13f\">\n<form enctype=\"multipart\/form-data\" method=\"post\" class=\"frm-show-form  frm_js_validate  frm_ajax_submit  frm_pro_form \" id=\"form_tina2222\" data-token=\"2bbce9c6344c5a586643ecb40ff2b13f\">\n<div class=\"frm_form_fields  frm_page_num_1\">\n<fieldset>\n<legend class=\"frm_screen_reader\">Michael FR<\/legend>\r\n\r\n<div class=\"frm_fields_container\">\n<input type=\"hidden\" name=\"frm_action\" value=\"create\" \/>\n<input type=\"hidden\" name=\"form_id\" value=\"9\" \/>\n<input type=\"hidden\" name=\"frm_hide_fields_9\" id=\"frm_hide_fields_9\" value=\"\" \/>\n<input type=\"hidden\" name=\"form_key\" value=\"tina2222\" \/>\n<input type=\"hidden\" name=\"item_meta[0]\" value=\"\" \/>\n<input type=\"hidden\" id=\"frm_submit_entry_9\" name=\"frm_submit_entry_9\" value=\"6dc0a3a126\" \/><input type=\"hidden\" name=\"_wp_http_referer\" value=\"\/fr\/wp-json\/wp\/v2\/pages\/2657\" \/><div id=\"frm_field_67_container\" class=\"frm_form_field form-field  frm_top_container q_1_michael vertical_radio\">\r\n\t<div  id=\"field_3dbly35_label\" class=\"frm_primary_label\">Peux-tu acc\u00e9der aux e-mails d\u2019Emma pour trouver des indices (factures, notifications) ?\r\n\t\t<span class=\"frm_required\" aria-hidden=\"true\"><\/span>\r\n\t<\/div>\r\n\t<div class=\"frm_opt_container\" aria-labelledby=\"field_3dbly35_label\" role=\"radiogroup\">\t\t<div class=\"frm_radio\" id=\"frm_radio_67-0\">\t\t\t<label  for=\"field_3dbly35-0\">\n\t\t\t\t\t<input type=\"radio\" name=\"item_meta[67]\" id=\"field_3dbly35-0\" value=\"Oui\"\n\t\t data-invmsg=\"Peux-tu acc\u00e9der aux e-mails d\u2019Emma pour trouver des indices (factures, notifications) ? is invalid\"   \/> Oui<\/label><\/div>\n\t\t<div class=\"frm_radio\" id=\"frm_radio_67-1\">\t\t\t<label  for=\"field_3dbly35-1\">\n\t\t\t\t\t<input type=\"radio\" name=\"item_meta[67]\" id=\"field_3dbly35-1\" value=\"Non\"\n\t\t data-invmsg=\"Peux-tu acc\u00e9der aux e-mails d\u2019Emma pour trouver des indices (factures, notifications) ? is invalid\"   \/> Non<\/label><\/div>\n<\/div>\r\n\t\r\n\t\r\n<\/div>\n<div id=\"frm_field_68_container\" class=\"frm_form_field  warning_msg frm_html_container form-field\">\n<p><strong>Attention !<\/strong><\/p>\n<p>Sans identifiants ou autorisation l\u00e9gale, l\u2019acc\u00e8s \u00e0 la messagerie est impossible.<br \/>Les fournisseurs exigent des preuves (certificat de d\u00e9c\u00e8s, d\u00e9cision judiciaire).<\/p>\n<\/div>\n<input type=\"hidden\" name=\"frm_page_order_9\" id=\"frm_page_order_9\" value=\"6\" \/><input type=\"hidden\" name=\"item_meta[70]\" id=\"field_fnpu332-0\" value=\"\"     \/>\n<input type=\"hidden\" name=\"item_meta[72]\" id=\"field_3gow832\" value=\"\"     \/>\n<input type=\"hidden\" name=\"item_meta[73]\" id=\"field_dl23b32-0\" value=\"\"     \/>\n<input type=\"hidden\" name=\"item_meta[75]\" id=\"field_rumu032\" value=\"\"     \/>\n<input type=\"hidden\" name=\"item_meta[76]\" id=\"field_8s6cp32-0\" value=\"\"     \/>\n<input type=\"hidden\" name=\"item_meta[78]\" id=\"field_submit35\" value=\"\"     \/>\n\t<input type=\"hidden\" name=\"item_key\" value=\"\" \/>\n\t\t\t<div id=\"frm_field_157_container\">\n\t\t\t<label for=\"field_e5fal\" >\n\t\t\t\tSi vous \u00eates un humain, ne remplissez pas ce champ.\t\t\t<\/label>\n\t\t\t<input  id=\"field_e5fal\" type=\"text\" class=\"frm_form_field form-field frm_verify\" name=\"item_meta[157]\" value=\"\"  \/>\n\t\t<\/div>\n\t\t<input name=\"frm_state\" type=\"hidden\" value=\"uUDIrnYOOK4K3iCvhcDxwYr28CJnS9n8DjtwAj9Y8gXBcF9HTrx0fKemAp3zGsdF\" \/><div class=\"frm_submit frm_flex\">\r\n<button class=\"frm_button_submit\" type=\"submit\"  >Suivant<\/button>\r\n\r\n\r\n\r\n<\/div><\/div>\n<\/fieldset>\n<\/div>\n\n<\/form>\n<\/div>\n[\/vc_column_text][\/vc_column][vc_column width=\u00a0\u00bb1\/6&Prime; tablet_width=\u00a0\u00bbhide\u00a0\u00bb][\/vc_column][\/vc_row][vc_row bg_type=\u00a0\u00bbcolor\u00a0\u00bb el_class=\u00a0\u00bbchange_img_character\u00a0\u00bb bg_color=\u00a0\u00bb#E7ECF4&Prime;][vc_column]<div class=\"grve-element grve-image grve-align-center\" style=\"\">  <div class=\"grve-image-wrapper\"><a href=\"https:\/\/www.notariesofeurope-exhibition.eu\/fr\/heritage-numerique\/\" title=\"Changer de personnage\"><img loading=\"lazy\" decoding=\"async\" width=\"1\" height=\"1\" src=\"https:\/\/www.notariesofeurope-exhibition.eu\/wp-content\/uploads\/2026\/02\/michael.svg\" class=\"attachment-full size-full\" alt=\"\" \/><\/a>   <\/div><\/div><div class=\"grve-element grve-align-left cta_quiz_character\"><a href=\"https:\/\/www.notariesofeurope-exhibition.eu\/fr\/heritage-numerique\/\" title=\"Changer de personnage\" class=\"grve-btn grve-btn-medium grve-square grve-bg-primary-1 grve-bg-hover-black\"><span>Changer de personnage<\/span><\/a><\/div>[\/vc_column][\/vc_row]<\/p>\n<\/div>","protected":false},"excerpt":{"rendered":"<p>[vc_row bg_type=\u00a0\u00bbcolor\u00a0\u00bb padding_top_multiplier=\u00a0\u00bb\u00a0\u00bb padding_bottom_multiplier=\u00a0\u00bb\u00a0\u00bb columns_gap=\u00a0\u00bbnone\u00a0\u00bb bg_color=\u00a0\u00bb#E7ECF3&Prime; el_class=\u00a0\u00bbinfo_page page_quiz page_form\u00a0\u00bb][vc_column width=\u00a0\u00bb1\/6&Prime; tablet_width=\u00a0\u00bbhide\u00a0\u00bb][\/vc_column][vc_column width=\u00a0\u00bb2\/3&Prime; tablet_width=\u00a0\u00bb1&Prime; tablet_sm_width=\u00a0\u00bb1&Prime; el_class=\u00a0\u00bbcontent_quiz\u00a0\u00bb][vc_column_text css=\u00a0\u00bb\u00a0\u00bb el_class=\u00a0\u00bbtext context\u00a0\u00bb]Aide Michael \u00e0 retrouver les actifs num\u00e9riques d\u2019Emma.[\/vc_column_text][vc_column_text css=\u00a0\u00bb\u00a0\u00bb el_class=\u00a0\u00bbtext custom_form\u00a0\u00bb][\/vc_column_text][\/vc_column][vc_column width=\u00a0\u00bb1\/6&Prime; tablet_width=\u00a0\u00bbhide\u00a0\u00bb][\/vc_column][\/vc_row][vc_row bg_type=\u00a0\u00bbcolor\u00a0\u00bb el_class=\u00a0\u00bbchange_img_character\u00a0\u00bb bg_color=\u00a0\u00bb#E7ECF4&Prime;][vc_column][\/vc_column][\/vc_row]<\/p>\n","protected":false},"author":2,"featured_media":0,"parent":2649,"menu_order":0,"comment_status":"closed","ping_status":"closed","template":"","meta":{"inline_featured_image":false,"footnotes":""},"class_list":["post-2657","page","type-page","status-publish","hentry"],"yoast_head":"<!-- This site is optimized with the Yoast SEO plugin v26.9 - https:\/\/yoast.com\/product\/yoast-seo-wordpress\/ -->\n<title>Joue avec Michael - Notaries of Europe - Exhibition<\/title>\n<meta name=\"robots\" content=\"index, follow, max-snippet:-1, max-image-preview:large, max-video-preview:-1\" \/>\n<link rel=\"canonical\" href=\"https:\/\/www.notariesofeurope-exhibition.eu\/fr\/heritage-numerique\/quand-rien-na-ete-anticipe\/joue-avec-michael\/\" \/>\n<meta property=\"og:locale\" content=\"fr_FR\" \/>\n<meta property=\"og:type\" content=\"article\" \/>\n<meta property=\"og:title\" content=\"Joue avec Michael - Notaries of Europe - Exhibition\" \/>\n<meta property=\"og:description\" content=\"[vc_row bg_type=\u00a0\u00bbcolor\u00a0\u00bb padding_top_multiplier=\u00a0\u00bb\u00a0\u00bb padding_bottom_multiplier=\u00a0\u00bb\u00a0\u00bb columns_gap=\u00a0\u00bbnone\u00a0\u00bb bg_color=\u00a0\u00bb#E7ECF3&Prime; el_class=\u00a0\u00bbinfo_page page_quiz page_form\u00a0\u00bb][vc_column width=\u00a0\u00bb1\/6&Prime; tablet_width=\u00a0\u00bbhide\u00a0\u00bb][\/vc_column][vc_column width=\u00a0\u00bb2\/3&Prime; tablet_width=\u00a0\u00bb1&Prime; tablet_sm_width=\u00a0\u00bb1&Prime; el_class=\u00a0\u00bbcontent_quiz\u00a0\u00bb][vc_column_text css=\u00a0\u00bb\u00a0\u00bb el_class=\u00a0\u00bbtext context\u00a0\u00bb]Aide Michael \u00e0 retrouver les actifs num\u00e9riques d\u2019Emma.[\/vc_column_text][vc_column_text css=\u00a0\u00bb\u00a0\u00bb el_class=\u00a0\u00bbtext custom_form\u00a0\u00bb][\/vc_column_text][\/vc_column][vc_column width=\u00a0\u00bb1\/6&Prime; tablet_width=\u00a0\u00bbhide\u00a0\u00bb][\/vc_column][\/vc_row][vc_row bg_type=\u00a0\u00bbcolor\u00a0\u00bb el_class=\u00a0\u00bbchange_img_character\u00a0\u00bb bg_color=\u00a0\u00bb#E7ECF4&Prime;][vc_column][\/vc_column][\/vc_row]\" \/>\n<meta property=\"og:url\" content=\"https:\/\/www.notariesofeurope-exhibition.eu\/fr\/heritage-numerique\/quand-rien-na-ete-anticipe\/joue-avec-michael\/\" \/>\n<meta property=\"og:site_name\" content=\"Notaries of Europe - Exhibition\" \/>\n<meta property=\"article:modified_time\" content=\"2026-03-08T16:10:38+00:00\" \/>\n<meta name=\"twitter:card\" content=\"summary_large_image\" \/>\n<meta name=\"twitter:label1\" content=\"Dur\u00e9e de lecture estim\u00e9e\" \/>\n\t<meta name=\"twitter:data1\" content=\"1 minute\" \/>\n<script type=\"application\/ld+json\" class=\"yoast-schema-graph\">{\"@context\":\"https:\/\/schema.org\",\"@graph\":[{\"@type\":\"WebPage\",\"@id\":\"https:\/\/www.notariesofeurope-exhibition.eu\/fr\/heritage-numerique\/quand-rien-na-ete-anticipe\/joue-avec-michael\/\",\"url\":\"https:\/\/www.notariesofeurope-exhibition.eu\/fr\/heritage-numerique\/quand-rien-na-ete-anticipe\/joue-avec-michael\/\",\"name\":\"Joue avec Michael - Notaries of Europe - Exhibition\",\"isPartOf\":{\"@id\":\"https:\/\/www.notariesofeurope-exhibition.eu\/#website\"},\"datePublished\":\"2026-03-08T14:36:28+00:00\",\"dateModified\":\"2026-03-08T16:10:38+00:00\",\"breadcrumb\":{\"@id\":\"https:\/\/www.notariesofeurope-exhibition.eu\/fr\/heritage-numerique\/quand-rien-na-ete-anticipe\/joue-avec-michael\/#breadcrumb\"},\"inLanguage\":\"fr-FR\",\"potentialAction\":[{\"@type\":\"ReadAction\",\"target\":[\"https:\/\/www.notariesofeurope-exhibition.eu\/fr\/heritage-numerique\/quand-rien-na-ete-anticipe\/joue-avec-michael\/\"]}]},{\"@type\":\"BreadcrumbList\",\"@id\":\"https:\/\/www.notariesofeurope-exhibition.eu\/fr\/heritage-numerique\/quand-rien-na-ete-anticipe\/joue-avec-michael\/#breadcrumb\",\"itemListElement\":[{\"@type\":\"ListItem\",\"position\":1,\"name\":\"Accueil\",\"item\":\"https:\/\/www.notariesofeurope-exhibition.eu\/fr\/\"},{\"@type\":\"ListItem\",\"position\":2,\"name\":\"H\u00e9ritage num\u00e9rique\",\"item\":\"https:\/\/www.notariesofeurope-exhibition.eu\/fr\/heritage-numerique\/\"},{\"@type\":\"ListItem\",\"position\":3,\"name\":\"Quand rien n&#8217;a \u00e9t\u00e9 anticip\u00e9&#8230;\",\"item\":\"https:\/\/www.notariesofeurope-exhibition.eu\/fr\/heritage-numerique\/quand-rien-na-ete-anticipe\/\"},{\"@type\":\"ListItem\",\"position\":4,\"name\":\"Joue avec Michael\"}]},{\"@type\":\"WebSite\",\"@id\":\"https:\/\/www.notariesofeurope-exhibition.eu\/#website\",\"url\":\"https:\/\/www.notariesofeurope-exhibition.eu\/\",\"name\":\"Notaries of Europe - Exhibition\",\"description\":\"CNUE\",\"potentialAction\":[{\"@type\":\"SearchAction\",\"target\":{\"@type\":\"EntryPoint\",\"urlTemplate\":\"https:\/\/www.notariesofeurope-exhibition.eu\/?s={search_term_string}\"},\"query-input\":{\"@type\":\"PropertyValueSpecification\",\"valueRequired\":true,\"valueName\":\"search_term_string\"}}],\"inLanguage\":\"fr-FR\"}]}<\/script>\n<!-- \/ Yoast SEO plugin. -->","yoast_head_json":{"title":"Joue avec Michael - Notaries of Europe - Exhibition","robots":{"index":"index","follow":"follow","max-snippet":"max-snippet:-1","max-image-preview":"max-image-preview:large","max-video-preview":"max-video-preview:-1"},"canonical":"https:\/\/www.notariesofeurope-exhibition.eu\/fr\/heritage-numerique\/quand-rien-na-ete-anticipe\/joue-avec-michael\/","og_locale":"fr_FR","og_type":"article","og_title":"Joue avec Michael - Notaries of Europe - Exhibition","og_description":"[vc_row bg_type=\u00a0\u00bbcolor\u00a0\u00bb padding_top_multiplier=\u00a0\u00bb\u00a0\u00bb padding_bottom_multiplier=\u00a0\u00bb\u00a0\u00bb columns_gap=\u00a0\u00bbnone\u00a0\u00bb bg_color=\u00a0\u00bb#E7ECF3&Prime; el_class=\u00a0\u00bbinfo_page page_quiz page_form\u00a0\u00bb][vc_column width=\u00a0\u00bb1\/6&Prime; tablet_width=\u00a0\u00bbhide\u00a0\u00bb][\/vc_column][vc_column width=\u00a0\u00bb2\/3&Prime; tablet_width=\u00a0\u00bb1&Prime; tablet_sm_width=\u00a0\u00bb1&Prime; el_class=\u00a0\u00bbcontent_quiz\u00a0\u00bb][vc_column_text css=\u00a0\u00bb\u00a0\u00bb el_class=\u00a0\u00bbtext context\u00a0\u00bb]Aide Michael \u00e0 retrouver les actifs num\u00e9riques d\u2019Emma.[\/vc_column_text][vc_column_text css=\u00a0\u00bb\u00a0\u00bb el_class=\u00a0\u00bbtext custom_form\u00a0\u00bb][\/vc_column_text][\/vc_column][vc_column width=\u00a0\u00bb1\/6&Prime; tablet_width=\u00a0\u00bbhide\u00a0\u00bb][\/vc_column][\/vc_row][vc_row bg_type=\u00a0\u00bbcolor\u00a0\u00bb el_class=\u00a0\u00bbchange_img_character\u00a0\u00bb bg_color=\u00a0\u00bb#E7ECF4&Prime;][vc_column][\/vc_column][\/vc_row]","og_url":"https:\/\/www.notariesofeurope-exhibition.eu\/fr\/heritage-numerique\/quand-rien-na-ete-anticipe\/joue-avec-michael\/","og_site_name":"Notaries of Europe - Exhibition","article_modified_time":"2026-03-08T16:10:38+00:00","twitter_card":"summary_large_image","twitter_misc":{"Dur\u00e9e de lecture estim\u00e9e":"1 minute"},"schema":{"@context":"https:\/\/schema.org","@graph":[{"@type":"WebPage","@id":"https:\/\/www.notariesofeurope-exhibition.eu\/fr\/heritage-numerique\/quand-rien-na-ete-anticipe\/joue-avec-michael\/","url":"https:\/\/www.notariesofeurope-exhibition.eu\/fr\/heritage-numerique\/quand-rien-na-ete-anticipe\/joue-avec-michael\/","name":"Joue avec Michael - Notaries of Europe - Exhibition","isPartOf":{"@id":"https:\/\/www.notariesofeurope-exhibition.eu\/#website"},"datePublished":"2026-03-08T14:36:28+00:00","dateModified":"2026-03-08T16:10:38+00:00","breadcrumb":{"@id":"https:\/\/www.notariesofeurope-exhibition.eu\/fr\/heritage-numerique\/quand-rien-na-ete-anticipe\/joue-avec-michael\/#breadcrumb"},"inLanguage":"fr-FR","potentialAction":[{"@type":"ReadAction","target":["https:\/\/www.notariesofeurope-exhibition.eu\/fr\/heritage-numerique\/quand-rien-na-ete-anticipe\/joue-avec-michael\/"]}]},{"@type":"BreadcrumbList","@id":"https:\/\/www.notariesofeurope-exhibition.eu\/fr\/heritage-numerique\/quand-rien-na-ete-anticipe\/joue-avec-michael\/#breadcrumb","itemListElement":[{"@type":"ListItem","position":1,"name":"Accueil","item":"https:\/\/www.notariesofeurope-exhibition.eu\/fr\/"},{"@type":"ListItem","position":2,"name":"H\u00e9ritage num\u00e9rique","item":"https:\/\/www.notariesofeurope-exhibition.eu\/fr\/heritage-numerique\/"},{"@type":"ListItem","position":3,"name":"Quand rien n&#8217;a \u00e9t\u00e9 anticip\u00e9&#8230;","item":"https:\/\/www.notariesofeurope-exhibition.eu\/fr\/heritage-numerique\/quand-rien-na-ete-anticipe\/"},{"@type":"ListItem","position":4,"name":"Joue avec Michael"}]},{"@type":"WebSite","@id":"https:\/\/www.notariesofeurope-exhibition.eu\/#website","url":"https:\/\/www.notariesofeurope-exhibition.eu\/","name":"Notaries of Europe - Exhibition","description":"CNUE","potentialAction":[{"@type":"SearchAction","target":{"@type":"EntryPoint","urlTemplate":"https:\/\/www.notariesofeurope-exhibition.eu\/?s={search_term_string}"},"query-input":{"@type":"PropertyValueSpecification","valueRequired":true,"valueName":"search_term_string"}}],"inLanguage":"fr-FR"}]}},"_links":{"self":[{"href":"https:\/\/www.notariesofeurope-exhibition.eu\/fr\/wp-json\/wp\/v2\/pages\/2657","targetHints":{"allow":["GET"]}}],"collection":[{"href":"https:\/\/www.notariesofeurope-exhibition.eu\/fr\/wp-json\/wp\/v2\/pages"}],"about":[{"href":"https:\/\/www.notariesofeurope-exhibition.eu\/fr\/wp-json\/wp\/v2\/types\/page"}],"author":[{"embeddable":true,"href":"https:\/\/www.notariesofeurope-exhibition.eu\/fr\/wp-json\/wp\/v2\/users\/2"}],"replies":[{"embeddable":true,"href":"https:\/\/www.notariesofeurope-exhibition.eu\/fr\/wp-json\/wp\/v2\/comments?post=2657"}],"version-history":[{"count":5,"href":"https:\/\/www.notariesofeurope-exhibition.eu\/fr\/wp-json\/wp\/v2\/pages\/2657\/revisions"}],"predecessor-version":[{"id":2682,"href":"https:\/\/www.notariesofeurope-exhibition.eu\/fr\/wp-json\/wp\/v2\/pages\/2657\/revisions\/2682"}],"up":[{"embeddable":true,"href":"https:\/\/www.notariesofeurope-exhibition.eu\/fr\/wp-json\/wp\/v2\/pages\/2649"}],"wp:attachment":[{"href":"https:\/\/www.notariesofeurope-exhibition.eu\/fr\/wp-json\/wp\/v2\/media?parent=2657"}],"curies":[{"name":"wp","href":"https:\/\/api.w.org\/{rel}","templated":true}]}}