{"id":2708,"date":"2026-03-10T13:11:25","date_gmt":"2026-03-10T11:11:25","guid":{"rendered":"https:\/\/www.notariesofeurope-exhibition.eu\/ink-to-cloud\/"},"modified":"2026-03-11T12:36:46","modified_gmt":"2026-03-11T10:36:46","slug":"de-lencre-au-cloud","status":"publish","type":"page","link":"https:\/\/www.notariesofeurope-exhibition.eu\/fr\/de-lencre-au-cloud\/","title":{"rendered":"De l&rsquo;encre au cloud"},"content":{"rendered":"<div class=\"wpb-content-wrapper\"><p>[vc_row bg_type=\u00a0\u00bbcolor\u00a0\u00bb padding_top_multiplier=\u00a0\u00bbcustom\u00a0\u00bb padding_bottom_multiplier=\u00a0\u00bbcustom\u00a0\u00bb el_class=\u00a0\u00bbquiz_character\u00a0\u00bb padding_top=\u00a0\u00bb100px\u00a0\u00bb padding_bottom=\u00a0\u00bb100px\u00a0\u00bb][vc_column][vc_row_inner el_class=\u00a0\u00bbcharacter_select\u00a0\u00bb][vc_column_inner]<div class=\"grve-element grve-image img_character grve-align-center\" style=\"\">  <div class=\"grve-image-wrapper\"><a href=\"\/fr\/de-lencre-au-cloud\/rencontre-peter\/\" title=\"R\u00e9seaux sociaux &amp; stockage en ligne\"><img loading=\"lazy\" decoding=\"async\" width=\"1\" height=\"1\" src=\"https:\/\/www.notariesofeurope-exhibition.eu\/wp-content\/uploads\/2026\/02\/peter.svg\" class=\"attachment-full size-full\" alt=\"\" \/><\/a>   <\/div><\/div><h2 class=\"grve-element grve-title grve-align-left grve-h3 subtitle_character\" style=\"\"><span>R\u00e9seaux sociaux<br \/>\n&amp; stockage en ligne<\/span><\/h2><div class=\"grve-element grve-align-center cta_character\"><a href=\"\/fr\/de-lencre-au-cloud\/rencontre-peter\/\" title=\"R\u00e9seaux sociaux &amp; stockage en ligne\" class=\"grve-btn grve-btn-medium grve-square grve-bg-primary-1 grve-bg-hover-black\"><span>Rencontre Peter<\/span><\/a><\/div>[\/vc_column_inner][\/vc_row_inner][vc_row_inner el_class=\u00a0\u00bbcharacter_select\u00a0\u00bb][vc_column_inner]<div class=\"grve-element grve-image img_character grve-align-center\" style=\"\">  <div class=\"grve-image-wrapper\"><a href=\"\/fr\/de-lencre-au-cloud\/rencontre-amy\/\" title=\"Assurer la continuit\u00e9 de sa pr\u00e9sence en ligne\"><img loading=\"lazy\" decoding=\"async\" width=\"1\" height=\"1\" src=\"https:\/\/www.notariesofeurope-exhibition.eu\/wp-content\/uploads\/2026\/02\/amy.svg\" class=\"attachment-full size-full\" alt=\"\" \/><\/a>   <\/div><\/div><h2 class=\"grve-element grve-title grve-align-left grve-h3 subtitle_character\" style=\"\"><span>assurer la continuit\u00e9<br \/>\nde sa pr\u00e9sence en ligne<\/span><\/h2><div class=\"grve-element grve-align-center cta_character\"><a href=\"\/fr\/de-lencre-au-cloud\/rencontre-amy\/\" title=\"Assurer la continuit\u00e9 de sa pr\u00e9sence en ligne\" class=\"grve-btn grve-btn-medium grve-square grve-bg-primary-1 grve-bg-hover-black\"><span>Rencontre Amy<\/span><\/a><\/div>[\/vc_column_inner][\/vc_row_inner][vc_row_inner el_class=\u00a0\u00bbcharacter_select\u00a0\u00bb][vc_column_inner]<div class=\"grve-element grve-image img_character grve-align-center\" style=\"\">  <div class=\"grve-image-wrapper\"><a href=\"\/fr\/de-lencre-au-cloud\/rencontre-tina\/\" title=\"Cryptomonnaies\"><img loading=\"lazy\" decoding=\"async\" width=\"1\" height=\"1\" src=\"https:\/\/www.notariesofeurope-exhibition.eu\/wp-content\/uploads\/2026\/02\/tina.svg\" class=\"attachment-full size-full\" alt=\"\" \/><\/a>   <\/div><\/div><h2 class=\"grve-element grve-title grve-align-left grve-h3 subtitle_character\" style=\"\"><span>Cryptomonnaies<\/span><\/h2><div class=\"grve-element grve-align-center cta_character\"><a href=\"\/fr\/de-lencre-au-cloud\/rencontre-tina\/\" title=\"Cryptomonnaies\" class=\"grve-btn grve-btn-medium grve-square grve-bg-primary-1 grve-bg-hover-black\"><span>Rencontre Tina<\/span><\/a><\/div>[\/vc_column_inner][\/vc_row_inner][vc_row_inner el_class=\u00a0\u00bbcharacter_select\u00a0\u00bb][vc_column_inner]<div class=\"grve-element grve-image img_character grve-align-center\" style=\"\">  <div class=\"grve-image-wrapper\"><a href=\"\/fr\/de-lencre-au-cloud\/rencontre-michael\/\" title=\"Quand rien n&#039;a \u00e9t\u00e9 anticip\u00e9...\"><img loading=\"lazy\" decoding=\"async\" width=\"1\" height=\"1\" src=\"https:\/\/www.notariesofeurope-exhibition.eu\/wp-content\/uploads\/2026\/02\/michael.svg\" class=\"attachment-full size-full\" alt=\"\" \/><\/a>   <\/div><\/div><h2 class=\"grve-element grve-title grve-align-left grve-h3 subtitle_character\" style=\"\"><span>Quand rien<br \/>\nn\u2019a \u00e9t\u00e9 anticip\u00e9\u2026<\/span><\/h2><div class=\"grve-element grve-align-center cta_character\"><a href=\"\/fr\/de-lencre-au-cloud\/rencontre-michael\/\" title=\"Quand rien n&#039;a \u00e9t\u00e9 anticip\u00e9...\" class=\"grve-btn grve-btn-medium grve-square grve-bg-primary-1 grve-bg-hover-black\"><span>Rencontre Michael<\/span><\/a><\/div>[\/vc_column_inner][\/vc_row_inner][\/vc_column][\/vc_row]<\/p>\n<\/div>","protected":false},"excerpt":{"rendered":"<p>[vc_row bg_type=\u00a0\u00bbcolor\u00a0\u00bb padding_top_multiplier=\u00a0\u00bbcustom\u00a0\u00bb padding_bottom_multiplier=\u00a0\u00bbcustom\u00a0\u00bb el_class=\u00a0\u00bbquiz_character\u00a0\u00bb padding_top=\u00a0\u00bb100px\u00a0\u00bb padding_bottom=\u00a0\u00bb100px\u00a0\u00bb][vc_column][vc_row_inner el_class=\u00a0\u00bbcharacter_select\u00a0\u00bb][vc_column_inner][\/vc_column_inner][\/vc_row_inner][vc_row_inner el_class=\u00a0\u00bbcharacter_select\u00a0\u00bb][vc_column_inner][\/vc_column_inner][\/vc_row_inner][vc_row_inner el_class=\u00a0\u00bbcharacter_select\u00a0\u00bb][vc_column_inner][\/vc_column_inner][\/vc_row_inner][vc_row_inner el_class=\u00a0\u00bbcharacter_select\u00a0\u00bb][vc_column_inner][\/vc_column_inner][\/vc_row_inner][\/vc_column][\/vc_row]<\/p>\n","protected":false},"author":2,"featured_media":0,"parent":0,"menu_order":0,"comment_status":"closed","ping_status":"closed","template":"","meta":{"inline_featured_image":false,"footnotes":""},"class_list":["post-2708","page","type-page","status-publish","hentry"],"yoast_head":"<!-- This site is optimized with the Yoast SEO plugin v26.9 - https:\/\/yoast.com\/product\/yoast-seo-wordpress\/ -->\n<title>De l&#039;encre au cloud - Notaries of Europe - Exhibition<\/title>\n<meta name=\"robots\" content=\"noindex, nofollow\" \/>\n<meta property=\"og:locale\" content=\"fr_FR\" \/>\n<meta property=\"og:type\" content=\"article\" \/>\n<meta property=\"og:title\" content=\"De l&#039;encre au cloud - Notaries of Europe - Exhibition\" \/>\n<meta property=\"og:description\" content=\"[vc_row bg_type=\u00a0\u00bbcolor\u00a0\u00bb padding_top_multiplier=\u00a0\u00bbcustom\u00a0\u00bb padding_bottom_multiplier=\u00a0\u00bbcustom\u00a0\u00bb el_class=\u00a0\u00bbquiz_character\u00a0\u00bb padding_top=\u00a0\u00bb100px\u00a0\u00bb padding_bottom=\u00a0\u00bb100px\u00a0\u00bb][vc_column][vc_row_inner el_class=\u00a0\u00bbcharacter_select\u00a0\u00bb][vc_column_inner][\/vc_column_inner][\/vc_row_inner][vc_row_inner el_class=\u00a0\u00bbcharacter_select\u00a0\u00bb][vc_column_inner][\/vc_column_inner][\/vc_row_inner][vc_row_inner el_class=\u00a0\u00bbcharacter_select\u00a0\u00bb][vc_column_inner][\/vc_column_inner][\/vc_row_inner][vc_row_inner el_class=\u00a0\u00bbcharacter_select\u00a0\u00bb][vc_column_inner][\/vc_column_inner][\/vc_row_inner][\/vc_column][\/vc_row]\" \/>\n<meta property=\"og:url\" content=\"https:\/\/www.notariesofeurope-exhibition.eu\/fr\/de-lencre-au-cloud\/\" \/>\n<meta property=\"og:site_name\" content=\"Notaries of Europe - Exhibition\" \/>\n<meta property=\"article:modified_time\" content=\"2026-03-11T10:36:46+00:00\" \/>\n<meta name=\"twitter:card\" content=\"summary_large_image\" \/>\n<meta name=\"twitter:label1\" content=\"Dur\u00e9e de lecture estim\u00e9e\" \/>\n\t<meta name=\"twitter:data1\" content=\"1 minute\" \/>\n<script type=\"application\/ld+json\" class=\"yoast-schema-graph\">{\"@context\":\"https:\/\/schema.org\",\"@graph\":[{\"@type\":\"WebPage\",\"@id\":\"https:\/\/www.notariesofeurope-exhibition.eu\/fr\/de-lencre-au-cloud\/\",\"url\":\"https:\/\/www.notariesofeurope-exhibition.eu\/fr\/de-lencre-au-cloud\/\",\"name\":\"De l'encre au cloud - Notaries of Europe - Exhibition\",\"isPartOf\":{\"@id\":\"https:\/\/www.notariesofeurope-exhibition.eu\/#website\"},\"datePublished\":\"2026-03-10T11:11:25+00:00\",\"dateModified\":\"2026-03-11T10:36:46+00:00\",\"breadcrumb\":{\"@id\":\"https:\/\/www.notariesofeurope-exhibition.eu\/fr\/de-lencre-au-cloud\/#breadcrumb\"},\"inLanguage\":\"fr-FR\",\"potentialAction\":[{\"@type\":\"ReadAction\",\"target\":[\"https:\/\/www.notariesofeurope-exhibition.eu\/fr\/de-lencre-au-cloud\/\"]}]},{\"@type\":\"BreadcrumbList\",\"@id\":\"https:\/\/www.notariesofeurope-exhibition.eu\/fr\/de-lencre-au-cloud\/#breadcrumb\",\"itemListElement\":[{\"@type\":\"ListItem\",\"position\":1,\"name\":\"Accueil\",\"item\":\"https:\/\/www.notariesofeurope-exhibition.eu\/fr\/\"},{\"@type\":\"ListItem\",\"position\":2,\"name\":\"De l&#8217;encre au cloud\"}]},{\"@type\":\"WebSite\",\"@id\":\"https:\/\/www.notariesofeurope-exhibition.eu\/#website\",\"url\":\"https:\/\/www.notariesofeurope-exhibition.eu\/\",\"name\":\"Notaries of Europe - Exhibition\",\"description\":\"CNUE\",\"potentialAction\":[{\"@type\":\"SearchAction\",\"target\":{\"@type\":\"EntryPoint\",\"urlTemplate\":\"https:\/\/www.notariesofeurope-exhibition.eu\/?s={search_term_string}\"},\"query-input\":{\"@type\":\"PropertyValueSpecification\",\"valueRequired\":true,\"valueName\":\"search_term_string\"}}],\"inLanguage\":\"fr-FR\"}]}<\/script>\n<!-- \/ Yoast SEO plugin. -->","yoast_head_json":{"title":"De l'encre au cloud - Notaries of Europe - Exhibition","robots":{"index":"noindex","follow":"nofollow"},"og_locale":"fr_FR","og_type":"article","og_title":"De l'encre au cloud - Notaries of Europe - Exhibition","og_description":"[vc_row bg_type=\u00a0\u00bbcolor\u00a0\u00bb padding_top_multiplier=\u00a0\u00bbcustom\u00a0\u00bb padding_bottom_multiplier=\u00a0\u00bbcustom\u00a0\u00bb el_class=\u00a0\u00bbquiz_character\u00a0\u00bb padding_top=\u00a0\u00bb100px\u00a0\u00bb padding_bottom=\u00a0\u00bb100px\u00a0\u00bb][vc_column][vc_row_inner el_class=\u00a0\u00bbcharacter_select\u00a0\u00bb][vc_column_inner][\/vc_column_inner][\/vc_row_inner][vc_row_inner el_class=\u00a0\u00bbcharacter_select\u00a0\u00bb][vc_column_inner][\/vc_column_inner][\/vc_row_inner][vc_row_inner el_class=\u00a0\u00bbcharacter_select\u00a0\u00bb][vc_column_inner][\/vc_column_inner][\/vc_row_inner][vc_row_inner el_class=\u00a0\u00bbcharacter_select\u00a0\u00bb][vc_column_inner][\/vc_column_inner][\/vc_row_inner][\/vc_column][\/vc_row]","og_url":"https:\/\/www.notariesofeurope-exhibition.eu\/fr\/de-lencre-au-cloud\/","og_site_name":"Notaries of Europe - Exhibition","article_modified_time":"2026-03-11T10:36:46+00:00","twitter_card":"summary_large_image","twitter_misc":{"Dur\u00e9e de lecture estim\u00e9e":"1 minute"},"schema":{"@context":"https:\/\/schema.org","@graph":[{"@type":"WebPage","@id":"https:\/\/www.notariesofeurope-exhibition.eu\/fr\/de-lencre-au-cloud\/","url":"https:\/\/www.notariesofeurope-exhibition.eu\/fr\/de-lencre-au-cloud\/","name":"De l'encre au cloud - Notaries of Europe - Exhibition","isPartOf":{"@id":"https:\/\/www.notariesofeurope-exhibition.eu\/#website"},"datePublished":"2026-03-10T11:11:25+00:00","dateModified":"2026-03-11T10:36:46+00:00","breadcrumb":{"@id":"https:\/\/www.notariesofeurope-exhibition.eu\/fr\/de-lencre-au-cloud\/#breadcrumb"},"inLanguage":"fr-FR","potentialAction":[{"@type":"ReadAction","target":["https:\/\/www.notariesofeurope-exhibition.eu\/fr\/de-lencre-au-cloud\/"]}]},{"@type":"BreadcrumbList","@id":"https:\/\/www.notariesofeurope-exhibition.eu\/fr\/de-lencre-au-cloud\/#breadcrumb","itemListElement":[{"@type":"ListItem","position":1,"name":"Accueil","item":"https:\/\/www.notariesofeurope-exhibition.eu\/fr\/"},{"@type":"ListItem","position":2,"name":"De l&#8217;encre au cloud"}]},{"@type":"WebSite","@id":"https:\/\/www.notariesofeurope-exhibition.eu\/#website","url":"https:\/\/www.notariesofeurope-exhibition.eu\/","name":"Notaries of Europe - Exhibition","description":"CNUE","potentialAction":[{"@type":"SearchAction","target":{"@type":"EntryPoint","urlTemplate":"https:\/\/www.notariesofeurope-exhibition.eu\/?s={search_term_string}"},"query-input":{"@type":"PropertyValueSpecification","valueRequired":true,"valueName":"search_term_string"}}],"inLanguage":"fr-FR"}]}},"_links":{"self":[{"href":"https:\/\/www.notariesofeurope-exhibition.eu\/fr\/wp-json\/wp\/v2\/pages\/2708","targetHints":{"allow":["GET"]}}],"collection":[{"href":"https:\/\/www.notariesofeurope-exhibition.eu\/fr\/wp-json\/wp\/v2\/pages"}],"about":[{"href":"https:\/\/www.notariesofeurope-exhibition.eu\/fr\/wp-json\/wp\/v2\/types\/page"}],"author":[{"embeddable":true,"href":"https:\/\/www.notariesofeurope-exhibition.eu\/fr\/wp-json\/wp\/v2\/users\/2"}],"replies":[{"embeddable":true,"href":"https:\/\/www.notariesofeurope-exhibition.eu\/fr\/wp-json\/wp\/v2\/comments?post=2708"}],"version-history":[{"count":6,"href":"https:\/\/www.notariesofeurope-exhibition.eu\/fr\/wp-json\/wp\/v2\/pages\/2708\/revisions"}],"predecessor-version":[{"id":2870,"href":"https:\/\/www.notariesofeurope-exhibition.eu\/fr\/wp-json\/wp\/v2\/pages\/2708\/revisions\/2870"}],"wp:attachment":[{"href":"https:\/\/www.notariesofeurope-exhibition.eu\/fr\/wp-json\/wp\/v2\/media?parent=2708"}],"curies":[{"name":"wp","href":"https:\/\/api.w.org\/{rel}","templated":true}]}}