{"id":2939,"date":"2026-03-10T16:20:45","date_gmt":"2026-03-10T14:20:45","guid":{"rendered":"https:\/\/www.notariesofeurope-exhibition.eu\/de-lencre-au-cloud\/rencontre-tina\/tina\/"},"modified":"2026-03-13T12:19:20","modified_gmt":"2026-03-13T10:19:20","slug":"tina","status":"publish","type":"page","link":"https:\/\/www.notariesofeurope-exhibition.eu\/fr\/de-lencre-au-cloud\/rencontre-tina\/tina\/","title":{"rendered":"Tina"},"content":{"rendered":"<div class=\"wpb-content-wrapper\"><p>[vc_row bg_type=\u00a0\u00bbcolor\u00a0\u00bb padding_top_multiplier=\u00a0\u00bb\u00a0\u00bb padding_bottom_multiplier=\u00a0\u00bb\u00a0\u00bb columns_gap=\u00a0\u00bbnone\u00a0\u00bb bg_color=\u00a0\u00bb#E7ECF300&Prime; el_class=\u00a0\u00bbinfo_page page_quiz page_form content_quiz\u00a0\u00bb][vc_column tablet_width=\u00a0\u00bb1&Prime; tablet_sm_width=\u00a0\u00bb1&Prime; el_class=\u00a0\u00bbcontent_quiz\u00a0\u00bb][vc_column_text css=\u00a0\u00bb\u00a0\u00bb el_class=\u00a0\u00bbtext custom_form\u00a0\u00bb]<div class=\"frm_forms  with_frm_style frm_style_formidable-style\" id=\"frm_form_18_container\" data-token=\"830b83766f6fb3c07a8dc2639d87c921\">\n<form enctype=\"multipart\/form-data\" method=\"post\" class=\"frm-show-form  frm_js_validate  frm_ajax_submit  frm_pro_form \" id=\"form_tina32\" data-token=\"830b83766f6fb3c07a8dc2639d87c921\">\n<div class=\"frm_form_fields \">\n<fieldset>\n<legend class=\"frm_screen_reader\">Tina FR TABLETTE<\/legend>\r\n\r\n<div class=\"frm_fields_container\">\n<input type=\"hidden\" name=\"frm_action\" value=\"create\" \/>\n<input type=\"hidden\" name=\"form_id\" value=\"18\" \/>\n<input type=\"hidden\" name=\"frm_hide_fields_18\" id=\"frm_hide_fields_18\" value=\"\" \/>\n<input type=\"hidden\" name=\"form_key\" value=\"tina32\" \/>\n<input type=\"hidden\" name=\"item_meta[0]\" value=\"\" \/>\n<input type=\"hidden\" id=\"frm_submit_entry_18\" name=\"frm_submit_entry_18\" value=\"13a2c7ab55\" \/><input type=\"hidden\" name=\"_wp_http_referer\" value=\"\/fr\/wp-json\/wp\/v2\/pages\/2939\" \/><div id=\"frm_field_155_container\" class=\"frm_form_field form-field  frm_top_container q_1_tina vertical_radio\">\r\n\t<div  id=\"field_3dbly42_label\" class=\"frm_primary_label\">Identifie les cl\u00e9s et informations que Tina doit transmettre pour que ses cryptomonnaies puissent \u00eatre transf\u00e9r\u00e9es \u00e0 son fils.\r\n\t\t<span class=\"frm_required\" aria-hidden=\"true\"><\/span>\r\n\t<\/div>\r\n\t<div class=\"frm_opt_container\" aria-labelledby=\"field_3dbly42_label\" role=\"group\">\t\t<div class=\"frm_checkbox\" id=\"frm_checkbox_155-0\">\t\t\t<label  for=\"field_3dbly42-0\">\n\t\t\t<input type=\"checkbox\" name=\"item_meta[155][]\" id=\"field_3dbly42-0\" value=\"cl\u00e9 publique\"  data-invmsg=\"Identifie les cl\u00e9s et informations que Tina doit transmettre pour que ses cryptomonnaies puissent \u00eatre transf\u00e9r\u00e9es \u00e0 son fils. is invalid\"   \/> cl\u00e9 publique<\/label><\/div>\n\t\t<div class=\"frm_checkbox\" id=\"frm_checkbox_155-1\">\t\t\t<label  for=\"field_3dbly42-1\">\n\t\t\t<input type=\"checkbox\" name=\"item_meta[155][]\" id=\"field_3dbly42-1\" value=\"mot de passe\"  data-invmsg=\"Identifie les cl\u00e9s et informations que Tina doit transmettre pour que ses cryptomonnaies puissent \u00eatre transf\u00e9r\u00e9es \u00e0 son fils. is invalid\"   \/> mot de passe<\/label><\/div>\n\t\t<div class=\"frm_checkbox\" id=\"frm_checkbox_155-2\">\t\t\t<label  for=\"field_3dbly42-2\">\n\t\t\t<input type=\"checkbox\" name=\"item_meta[155][]\" id=\"field_3dbly42-2\" value=\"phrase de r\u00e9cup\u00e9ration\"  data-invmsg=\"Identifie les cl\u00e9s et informations que Tina doit transmettre pour que ses cryptomonnaies puissent \u00eatre transf\u00e9r\u00e9es \u00e0 son fils. is invalid\"   \/> phrase de r\u00e9cup\u00e9ration<\/label><\/div>\n\t\t<div class=\"frm_checkbox\" id=\"frm_checkbox_155-3\">\t\t\t<label  for=\"field_3dbly42-3\">\n\t\t\t<input type=\"checkbox\" name=\"item_meta[155][]\" id=\"field_3dbly42-3\" value=\"nom d\u2019utilisateur\"  data-invmsg=\"Identifie les cl\u00e9s et informations que Tina doit transmettre pour que ses cryptomonnaies puissent \u00eatre transf\u00e9r\u00e9es \u00e0 son fils. is invalid\"   \/> nom d\u2019utilisateur<\/label><\/div>\n\t\t<div class=\"frm_checkbox\" id=\"frm_checkbox_155-4\">\t\t\t<label  for=\"field_3dbly42-4\">\n\t\t\t<input type=\"checkbox\" name=\"item_meta[155][]\" id=\"field_3dbly42-4\" value=\"code PIN\"  data-invmsg=\"Identifie les cl\u00e9s et informations que Tina doit transmettre pour que ses cryptomonnaies puissent \u00eatre transf\u00e9r\u00e9es \u00e0 son fils. is invalid\"   \/> code PIN<\/label><\/div>\n\t\t<div class=\"frm_checkbox\" id=\"frm_checkbox_155-5\">\t\t\t<label  for=\"field_3dbly42-5\">\n\t\t\t<input type=\"checkbox\" name=\"item_meta[155][]\" id=\"field_3dbly42-5\" value=\"adresse e-mail\"  data-invmsg=\"Identifie les cl\u00e9s et informations que Tina doit transmettre pour que ses cryptomonnaies puissent \u00eatre transf\u00e9r\u00e9es \u00e0 son fils. is invalid\"   \/> adresse e-mail<\/label><\/div>\n<\/div>\r\n\t\r\n\t\r\n<\/div>\n<div id=\"frm_field_156_container\" class=\"frm_form_field form-field  btn_next_solo\">\r\n\t<div class=\"frm_submit frm_flex\">\r\n<button class=\"frm_button_submit frm_final_submit\" type=\"submit\"  >Suivant<\/button>\r\n\r\n\r\n\r\n<\/div>\r\n<\/div>\n\t<input type=\"hidden\" name=\"item_key\" value=\"\" \/>\n\t\t\t<div id=\"frm_field_157_container\">\n\t\t\t<label for=\"field_r8rr8\" >\n\t\t\t\tSi vous \u00eates un humain, ne remplissez pas ce champ.\t\t\t<\/label>\n\t\t\t<input  id=\"field_r8rr8\" type=\"text\" class=\"frm_form_field form-field frm_verify\" name=\"item_meta[157]\" value=\"\"  \/>\n\t\t<\/div>\n\t\t<input name=\"frm_state\" type=\"hidden\" value=\"uUDIrnYOOK4K3iCvhcDxwUyUIZKDZpGa+MFyUhdFHUrBcF9HTrx0fKemAp3zGsdF\" \/><\/div>\n<\/fieldset>\n<\/div>\n\n<\/form>\n<\/div>\n[\/vc_column_text][\/vc_column][\/vc_row][vc_row bg_type=\u00a0\u00bbcolor\u00a0\u00bb el_class=\u00a0\u00bbchange_img_character\u00a0\u00bb bg_color=\u00a0\u00bb#E7ECF400&Prime;][vc_column]<div class=\"grve-element grve-image grve-align-center\" style=\"\">  <div class=\"grve-image-wrapper\"><a href=\"\/fr\/de-lencre-au-cloud\/\" title=\"Changer de personnage\"><img loading=\"lazy\" decoding=\"async\" width=\"1\" height=\"1\" src=\"https:\/\/www.notariesofeurope-exhibition.eu\/wp-content\/uploads\/2026\/02\/tina.svg\" class=\"attachment-full size-full\" alt=\"\" \/><\/a>   <\/div><\/div><div class=\"grve-element grve-align-left cta_quiz_character_fr\"><a href=\"\/fr\/de-lencre-au-cloud\/\" title=\"Changer de personnage\" class=\"grve-btn grve-btn-medium grve-square grve-bg-primary-1 grve-bg-hover-black\"><span>Changer de personnage<\/span><\/a><\/div>[\/vc_column][\/vc_row]<\/p>\n<\/div>","protected":false},"excerpt":{"rendered":"<p>[vc_row bg_type=\u00a0\u00bbcolor\u00a0\u00bb padding_top_multiplier=\u00a0\u00bb\u00a0\u00bb padding_bottom_multiplier=\u00a0\u00bb\u00a0\u00bb columns_gap=\u00a0\u00bbnone\u00a0\u00bb bg_color=\u00a0\u00bb#E7ECF300&Prime; el_class=\u00a0\u00bbinfo_page page_quiz page_form content_quiz\u00a0\u00bb][vc_column tablet_width=\u00a0\u00bb1&Prime; tablet_sm_width=\u00a0\u00bb1&Prime; el_class=\u00a0\u00bbcontent_quiz\u00a0\u00bb][vc_column_text css=\u00a0\u00bb\u00a0\u00bb el_class=\u00a0\u00bbtext custom_form\u00a0\u00bb][\/vc_column_text][\/vc_column][\/vc_row][vc_row bg_type=\u00a0\u00bbcolor\u00a0\u00bb el_class=\u00a0\u00bbchange_img_character\u00a0\u00bb bg_color=\u00a0\u00bb#E7ECF400&Prime;][vc_column][\/vc_column][\/vc_row]<\/p>\n","protected":false},"author":2,"featured_media":0,"parent":2936,"menu_order":0,"comment_status":"closed","ping_status":"closed","template":"","meta":{"inline_featured_image":false,"footnotes":""},"class_list":["post-2939","page","type-page","status-publish","hentry"],"yoast_head":"<!-- This site is optimized with the Yoast SEO plugin v26.9 - https:\/\/yoast.com\/product\/yoast-seo-wordpress\/ -->\n<title>Tina - Notaries of Europe - Exhibition<\/title>\n<meta name=\"robots\" content=\"noindex, nofollow\" \/>\n<meta property=\"og:locale\" content=\"fr_FR\" \/>\n<meta property=\"og:type\" content=\"article\" \/>\n<meta property=\"og:title\" content=\"Tina - Notaries of Europe - Exhibition\" \/>\n<meta property=\"og:description\" content=\"[vc_row bg_type=\u00a0\u00bbcolor\u00a0\u00bb padding_top_multiplier=\u00a0\u00bb\u00a0\u00bb padding_bottom_multiplier=\u00a0\u00bb\u00a0\u00bb columns_gap=\u00a0\u00bbnone\u00a0\u00bb bg_color=\u00a0\u00bb#E7ECF300&Prime; el_class=\u00a0\u00bbinfo_page page_quiz page_form content_quiz\u00a0\u00bb][vc_column tablet_width=\u00a0\u00bb1&Prime; tablet_sm_width=\u00a0\u00bb1&Prime; el_class=\u00a0\u00bbcontent_quiz\u00a0\u00bb][vc_column_text css=\u00a0\u00bb\u00a0\u00bb el_class=\u00a0\u00bbtext custom_form\u00a0\u00bb][\/vc_column_text][\/vc_column][\/vc_row][vc_row bg_type=\u00a0\u00bbcolor\u00a0\u00bb el_class=\u00a0\u00bbchange_img_character\u00a0\u00bb bg_color=\u00a0\u00bb#E7ECF400&Prime;][vc_column][\/vc_column][\/vc_row]\" \/>\n<meta property=\"og:url\" content=\"https:\/\/www.notariesofeurope-exhibition.eu\/fr\/de-lencre-au-cloud\/rencontre-tina\/tina\/\" \/>\n<meta property=\"og:site_name\" content=\"Notaries of Europe - Exhibition\" \/>\n<meta property=\"article:modified_time\" content=\"2026-03-13T10:19:20+00:00\" \/>\n<meta name=\"twitter:card\" content=\"summary_large_image\" \/>\n<meta name=\"twitter:label1\" content=\"Dur\u00e9e de lecture estim\u00e9e\" \/>\n\t<meta name=\"twitter:data1\" content=\"1 minute\" \/>\n<script type=\"application\/ld+json\" class=\"yoast-schema-graph\">{\"@context\":\"https:\/\/schema.org\",\"@graph\":[{\"@type\":\"WebPage\",\"@id\":\"https:\/\/www.notariesofeurope-exhibition.eu\/fr\/de-lencre-au-cloud\/rencontre-tina\/tina\/\",\"url\":\"https:\/\/www.notariesofeurope-exhibition.eu\/fr\/de-lencre-au-cloud\/rencontre-tina\/tina\/\",\"name\":\"Tina - Notaries of Europe - Exhibition\",\"isPartOf\":{\"@id\":\"https:\/\/www.notariesofeurope-exhibition.eu\/#website\"},\"datePublished\":\"2026-03-10T14:20:45+00:00\",\"dateModified\":\"2026-03-13T10:19:20+00:00\",\"breadcrumb\":{\"@id\":\"https:\/\/www.notariesofeurope-exhibition.eu\/fr\/de-lencre-au-cloud\/rencontre-tina\/tina\/#breadcrumb\"},\"inLanguage\":\"fr-FR\",\"potentialAction\":[{\"@type\":\"ReadAction\",\"target\":[\"https:\/\/www.notariesofeurope-exhibition.eu\/fr\/de-lencre-au-cloud\/rencontre-tina\/tina\/\"]}]},{\"@type\":\"BreadcrumbList\",\"@id\":\"https:\/\/www.notariesofeurope-exhibition.eu\/fr\/de-lencre-au-cloud\/rencontre-tina\/tina\/#breadcrumb\",\"itemListElement\":[{\"@type\":\"ListItem\",\"position\":1,\"name\":\"Accueil\",\"item\":\"https:\/\/www.notariesofeurope-exhibition.eu\/fr\/\"},{\"@type\":\"ListItem\",\"position\":2,\"name\":\"De l&#8217;encre au cloud\",\"item\":\"https:\/\/www.notariesofeurope-exhibition.eu\/fr\/de-lencre-au-cloud\/\"},{\"@type\":\"ListItem\",\"position\":3,\"name\":\"Rencontre Tina\",\"item\":\"https:\/\/www.notariesofeurope-exhibition.eu\/fr\/de-lencre-au-cloud\/rencontre-tina\/\"},{\"@type\":\"ListItem\",\"position\":4,\"name\":\"Tina\"}]},{\"@type\":\"WebSite\",\"@id\":\"https:\/\/www.notariesofeurope-exhibition.eu\/#website\",\"url\":\"https:\/\/www.notariesofeurope-exhibition.eu\/\",\"name\":\"Notaries of Europe - Exhibition\",\"description\":\"CNUE\",\"potentialAction\":[{\"@type\":\"SearchAction\",\"target\":{\"@type\":\"EntryPoint\",\"urlTemplate\":\"https:\/\/www.notariesofeurope-exhibition.eu\/?s={search_term_string}\"},\"query-input\":{\"@type\":\"PropertyValueSpecification\",\"valueRequired\":true,\"valueName\":\"search_term_string\"}}],\"inLanguage\":\"fr-FR\"}]}<\/script>\n<!-- \/ Yoast SEO plugin. -->","yoast_head_json":{"title":"Tina - Notaries of Europe - Exhibition","robots":{"index":"noindex","follow":"nofollow"},"og_locale":"fr_FR","og_type":"article","og_title":"Tina - Notaries of Europe - Exhibition","og_description":"[vc_row bg_type=\u00a0\u00bbcolor\u00a0\u00bb padding_top_multiplier=\u00a0\u00bb\u00a0\u00bb padding_bottom_multiplier=\u00a0\u00bb\u00a0\u00bb columns_gap=\u00a0\u00bbnone\u00a0\u00bb bg_color=\u00a0\u00bb#E7ECF300&Prime; el_class=\u00a0\u00bbinfo_page page_quiz page_form content_quiz\u00a0\u00bb][vc_column tablet_width=\u00a0\u00bb1&Prime; tablet_sm_width=\u00a0\u00bb1&Prime; el_class=\u00a0\u00bbcontent_quiz\u00a0\u00bb][vc_column_text css=\u00a0\u00bb\u00a0\u00bb el_class=\u00a0\u00bbtext custom_form\u00a0\u00bb][\/vc_column_text][\/vc_column][\/vc_row][vc_row bg_type=\u00a0\u00bbcolor\u00a0\u00bb el_class=\u00a0\u00bbchange_img_character\u00a0\u00bb bg_color=\u00a0\u00bb#E7ECF400&Prime;][vc_column][\/vc_column][\/vc_row]","og_url":"https:\/\/www.notariesofeurope-exhibition.eu\/fr\/de-lencre-au-cloud\/rencontre-tina\/tina\/","og_site_name":"Notaries of Europe - Exhibition","article_modified_time":"2026-03-13T10:19:20+00:00","twitter_card":"summary_large_image","twitter_misc":{"Dur\u00e9e de lecture estim\u00e9e":"1 minute"},"schema":{"@context":"https:\/\/schema.org","@graph":[{"@type":"WebPage","@id":"https:\/\/www.notariesofeurope-exhibition.eu\/fr\/de-lencre-au-cloud\/rencontre-tina\/tina\/","url":"https:\/\/www.notariesofeurope-exhibition.eu\/fr\/de-lencre-au-cloud\/rencontre-tina\/tina\/","name":"Tina - Notaries of Europe - Exhibition","isPartOf":{"@id":"https:\/\/www.notariesofeurope-exhibition.eu\/#website"},"datePublished":"2026-03-10T14:20:45+00:00","dateModified":"2026-03-13T10:19:20+00:00","breadcrumb":{"@id":"https:\/\/www.notariesofeurope-exhibition.eu\/fr\/de-lencre-au-cloud\/rencontre-tina\/tina\/#breadcrumb"},"inLanguage":"fr-FR","potentialAction":[{"@type":"ReadAction","target":["https:\/\/www.notariesofeurope-exhibition.eu\/fr\/de-lencre-au-cloud\/rencontre-tina\/tina\/"]}]},{"@type":"BreadcrumbList","@id":"https:\/\/www.notariesofeurope-exhibition.eu\/fr\/de-lencre-au-cloud\/rencontre-tina\/tina\/#breadcrumb","itemListElement":[{"@type":"ListItem","position":1,"name":"Accueil","item":"https:\/\/www.notariesofeurope-exhibition.eu\/fr\/"},{"@type":"ListItem","position":2,"name":"De l&#8217;encre au cloud","item":"https:\/\/www.notariesofeurope-exhibition.eu\/fr\/de-lencre-au-cloud\/"},{"@type":"ListItem","position":3,"name":"Rencontre Tina","item":"https:\/\/www.notariesofeurope-exhibition.eu\/fr\/de-lencre-au-cloud\/rencontre-tina\/"},{"@type":"ListItem","position":4,"name":"Tina"}]},{"@type":"WebSite","@id":"https:\/\/www.notariesofeurope-exhibition.eu\/#website","url":"https:\/\/www.notariesofeurope-exhibition.eu\/","name":"Notaries of Europe - Exhibition","description":"CNUE","potentialAction":[{"@type":"SearchAction","target":{"@type":"EntryPoint","urlTemplate":"https:\/\/www.notariesofeurope-exhibition.eu\/?s={search_term_string}"},"query-input":{"@type":"PropertyValueSpecification","valueRequired":true,"valueName":"search_term_string"}}],"inLanguage":"fr-FR"}]}},"_links":{"self":[{"href":"https:\/\/www.notariesofeurope-exhibition.eu\/fr\/wp-json\/wp\/v2\/pages\/2939","targetHints":{"allow":["GET"]}}],"collection":[{"href":"https:\/\/www.notariesofeurope-exhibition.eu\/fr\/wp-json\/wp\/v2\/pages"}],"about":[{"href":"https:\/\/www.notariesofeurope-exhibition.eu\/fr\/wp-json\/wp\/v2\/types\/page"}],"author":[{"embeddable":true,"href":"https:\/\/www.notariesofeurope-exhibition.eu\/fr\/wp-json\/wp\/v2\/users\/2"}],"replies":[{"embeddable":true,"href":"https:\/\/www.notariesofeurope-exhibition.eu\/fr\/wp-json\/wp\/v2\/comments?post=2939"}],"version-history":[{"count":4,"href":"https:\/\/www.notariesofeurope-exhibition.eu\/fr\/wp-json\/wp\/v2\/pages\/2939\/revisions"}],"predecessor-version":[{"id":2946,"href":"https:\/\/www.notariesofeurope-exhibition.eu\/fr\/wp-json\/wp\/v2\/pages\/2939\/revisions\/2946"}],"up":[{"embeddable":true,"href":"https:\/\/www.notariesofeurope-exhibition.eu\/fr\/wp-json\/wp\/v2\/pages\/2936"}],"wp:attachment":[{"href":"https:\/\/www.notariesofeurope-exhibition.eu\/fr\/wp-json\/wp\/v2\/media?parent=2939"}],"curies":[{"name":"wp","href":"https:\/\/api.w.org\/{rel}","templated":true}]}}